{"id":19694,"date":"2022-10-07T07:08:06","date_gmt":"2022-10-07T07:08:06","guid":{"rendered":"https:\/\/cultivers.es\/abonos\/basilikum-genovese-samen\/"},"modified":"2026-02-17T18:40:14","modified_gmt":"2026-02-17T18:40:14","slug":"basilikum-genovesa-samen","status":"publish","type":"product","link":"https:\/\/cultivers.es\/de\/d\u00fcngemittel\/basilikum-genovesa-samen\/","title":{"rendered":"Biologisch-dynamische Bio-Basilikum-Samen Genovese Demeter"},"content":{"rendered":"","protected":false},"excerpt":{"rendered":"<p>Genie\u00dfen Sie den authentischen Geschmack der italienischen K\u00fcche mit unseren Demeter Bio-Basilikum-Samen Genovese. Diese Sorte ist bekannt f\u00fcr ihre breiten, aromatischen Bl\u00e4tter, die sich perfekt f\u00fcr die Zubereitung des klassischen Genovese-Pesto eignen und Salaten, So\u00dfen und Eint\u00f6pfen eine frische und duftende Note verleihen. Genovese Basilikum ist einfach anzubauen und mit der Demeter-Zertifizierung garantieren wir, dass der Anbau die Prinzipien der biodynamischen Landwirtschaft respektiert und einen gesunden und nachhaltigen Garten f\u00f6rdert.  <\/p>\n<ul>\n<li><strong>Unvergleichliches Aroma und Geschmack:<\/strong> Genovese Basilikum ist ber\u00fchmt f\u00fcr sein intensives Aroma von frischem Basilikum und seinen milden, aber unverwechselbaren Geschmack, der es zu einer unverzichtbaren Zutat in italienischen Gerichten wie Pesto, Caprese-Salaten oder Pizza macht.<\/li>\n<li><strong>Gro\u00dfe und zarte Bl\u00e4tter:<\/strong> Diese Basilikumsorte hat gro\u00dfe, weiche und zarte Bl\u00e4tter, die sich sowohl zum Kochen als auch zum Frischverzehr in Salaten oder als Beilage eignen.<\/li>\n<li><strong>Einfacher Anbau:<\/strong> Basilikum Genovese ist eine einj\u00e4hrige Pflanze, die sich gut an eine Vielzahl von Klimazonen und B\u00f6den anpasst. Es kann in G\u00e4rten, st\u00e4dtischen G\u00e4rten oder Containern angebaut werden und ist somit perfekt f\u00fcr jeden Raum geeignet. <\/li>\n<li><strong>Gesundheitliche Vorteile:<\/strong> Neben seinem k\u00f6stlichen Geschmack ist Basilikum reich an Antioxidantien, den Vitaminen A, K und C und hat entz\u00fcndungshemmende Eigenschaften, was es zu einer gesunden Erg\u00e4nzung Ihrer Ern\u00e4hrung macht.<\/li>\n<li><strong>Demeter-Zertifizierung:<\/strong> Mit der Demeter-Zertifizierung wird dieses Saatgut nach den Grunds\u00e4tzen der biodynamischen Landwirtschaft angebaut, die das nat\u00fcrliche Gleichgewicht des \u00d6kosystems respektiert und die Gesundheit des Bodens f\u00f6rdert.<\/li>\n<li><strong>Biologischer Anbau:<\/strong> Unser Saatgut ist 100% biologisch und frei von Pestiziden und Chemikalien, was eine gesunde und umweltfreundliche Ernte gew\u00e4hrleistet.<\/li>\n<\/ul>\n<p>Bringen Sie den authentischen Geschmack der italienischen K\u00fcche auf Ihren Tisch mit unseren Demeter Bio-Basilikum-Samen Genovese. Einfach anzubauen und voller Vorteile, wird dieses Basilikum Ihre Gerichte mit seinem frischen Geschmack und unvergleichlichen Aroma verwandeln - bestellen Sie noch heute und genie\u00dfen Sie den authentischen Geschmack Italiens direkt in Ihrem Garten!  <\/p>\n","protected":false},"featured_media":15865,"comment_status":"open","ping_status":"closed","template":"","meta":{"_acf_changed":false},"product_brand":[],"product_cat":[727,419,1304],"product_tag":[1384],"class_list":{"0":"post-19694","1":"product","2":"type-product","3":"status-publish","4":"has-post-thumbnail","6":"product_cat-bio-aroma-saatgut","7":"product_cat-bio-saatgut","8":"product_cat-demeter-samen","9":"product_tag-demeter-de","11":"first","12":"instock","13":"taxable","14":"shipping-taxable","15":"purchasable","16":"product-type-simple"},"acf":[],"_links":{"self":[{"href":"https:\/\/cultivers.es\/de\/wp-json\/wp\/v2\/product\/19694","targetHints":{"allow":["GET"]}}],"collection":[{"href":"https:\/\/cultivers.es\/de\/wp-json\/wp\/v2\/product"}],"about":[{"href":"https:\/\/cultivers.es\/de\/wp-json\/wp\/v2\/types\/product"}],"replies":[{"embeddable":true,"href":"https:\/\/cultivers.es\/de\/wp-json\/wp\/v2\/comments?post=19694"}],"wp:featuredmedia":[{"embeddable":true,"href":"https:\/\/cultivers.es\/de\/wp-json\/wp\/v2\/media\/15865"}],"wp:attachment":[{"href":"https:\/\/cultivers.es\/de\/wp-json\/wp\/v2\/media?parent=19694"}],"wp:term":[{"taxonomy":"product_brand","embeddable":true,"href":"https:\/\/cultivers.es\/de\/wp-json\/wp\/v2\/product_brand?post=19694"},{"taxonomy":"product_cat","embeddable":true,"href":"https:\/\/cultivers.es\/de\/wp-json\/wp\/v2\/product_cat?post=19694"},{"taxonomy":"product_tag","embeddable":true,"href":"https:\/\/cultivers.es\/de\/wp-json\/wp\/v2\/product_tag?post=19694"}],"curies":[{"name":"wp","href":"https:\/\/api.w.org\/{rel}","templated":true}]}}