{"id":19704,"date":"2022-10-07T07:08:06","date_gmt":"2022-10-07T07:08:06","guid":{"rendered":"https:\/\/cultivers.es\/abonos\/little-leprechaun-bio-roemischer-salat-saatgut\/"},"modified":"2025-09-22T04:40:42","modified_gmt":"2025-09-22T04:40:42","slug":"bio-salat-saatgut-kleiner-kobold-okologisch","status":"publish","type":"product","link":"https:\/\/cultivers.es\/de\/d\u00fcngemittel\/bio-salat-saatgut-kleiner-kobold-okologisch\/","title":{"rendered":"Kleiner Kobold R\u00f6mischer Salat Samen Biodynamisch Demeter"},"content":{"rendered":"","protected":false},"excerpt":{"rendered":"<p>Bringen Sie Eleganz und Frische in Ihren Garten mit unseren <strong>Demeter Organic Little Leprechaun Romana Salat Samen<\/strong>. Diese Sorte zeichnet sich durch ihre leuchtend gr\u00fcnen, l\u00e4nglichen Bl\u00e4tter mit r\u00f6tlichen R\u00e4ndern aus, die Ihren Gerichten nicht nur eine dekorative Note verleihen, sondern auch durch ihren milden, knackigen Geschmack, der sie perfekt f\u00fcr Salate, Wraps oder als Grundlage f\u00fcr alle m\u00f6glichen Rezepte macht. Dieser von Demeter zertifizierte Salat verbindet Sch\u00f6nheit, Geschmack und Nachhaltigkeit.  <\/p>\n<ul>\n<li><strong>L\u00e4ngliche und zweifarbige Bl\u00e4tter:<\/strong> Der Kleine Kobold zeichnet sich durch seine gr\u00fcnen Bl\u00e4tter mit r\u00f6tlichen R\u00e4ndern aus. So entsteht ein attraktiver Kontrast, der Farbe auf Ihr Geschirr und in Ihren Garten bringt.<\/li>\n<li><strong>Zart und knackig im Geschmack:<\/strong> Dieser R\u00f6mersalat bietet einen zarten Geschmack und eine knackige Textur, ideal f\u00fcr frische Salate, Sandwiches oder als Beilage.<\/li>\n<li><strong>Kompakt und widerstandsf\u00e4hig:<\/strong> Ihre kompakte Gr\u00f6\u00dfe macht sie perfekt f\u00fcr kleine G\u00e4rten oder sogar f\u00fcr T\u00f6pfe. Sie passt sich an verschiedene klimatische Bedingungen an und garantiert eine reiche Ernte.<\/li>\n<li><strong>Reich an N\u00e4hrstoffen:<\/strong> Er ist eine ausgezeichnete Quelle f\u00fcr Ballaststoffe, Antioxidantien, die Vitamine A, C und K und essentielle Mineralien wie Kalium, die eine gesunde und ausgewogene Ern\u00e4hrung f\u00f6rdern.<\/li>\n<li><strong>Einfacher Anbau:<\/strong> Dieser schnell wachsende Salat ist ideal f\u00fcr Anf\u00e4nger und fortgeschrittene G\u00e4rtner. Er passt sich gut an verschiedene Bodentypen und Klimazonen an und bietet lange Ernten.<\/li>\n<li><strong>Demeter-Zertifizierung:<\/strong> Dieses Saatgut ist Demeter-zertifiziert, was garantiert, dass es nach den Prinzipien der biologisch-dynamischen Landwirtschaft angebaut wurde, die die nat\u00fcrlichen Zyklen und das Gleichgewicht des \u00d6kosystems respektiert.<\/li>\n<li><strong>Biologischer Anbau:<\/strong> Unser Saatgut ist zu 100% biologisch und frei von Pestiziden und chemischen D\u00fcngemitteln, was eine nachhaltige und gesunde Ernte f\u00fcr Sie und die Umwelt gew\u00e4hrleistet.<\/li>\n<\/ul>\n<p>F\u00fcllen Sie Ihren Garten mit Farbe, Geschmack und Frische mit den <strong>Demeter Organic Little Leprechaun Romana Salat-Samen<\/strong>. Genie\u00dfen Sie ein attraktives, nahrhaftes und leicht anzubauenes Gem\u00fcse - bestellen Sie noch heute und verwandeln Sie Ihre Gerichte mit diesem k\u00f6stlichen Salat!  <\/p>\n","protected":false},"featured_media":15740,"comment_status":"open","ping_status":"closed","template":"","meta":{"_acf_changed":false},"product_brand":[],"product_cat":[419,476,1304],"product_tag":[1384],"class_list":{"0":"post-19704","1":"product","2":"type-product","3":"status-publish","4":"has-post-thumbnail","6":"product_cat-bio-saatgut","7":"product_cat-bio-saatgut-fur-blattgemuse","8":"product_cat-demeter-samen","9":"product_tag-demeter-de","11":"first","12":"instock","13":"sale","14":"taxable","15":"shipping-taxable","16":"purchasable","17":"product-type-simple"},"acf":[],"_links":{"self":[{"href":"https:\/\/cultivers.es\/de\/wp-json\/wp\/v2\/product\/19704","targetHints":{"allow":["GET"]}}],"collection":[{"href":"https:\/\/cultivers.es\/de\/wp-json\/wp\/v2\/product"}],"about":[{"href":"https:\/\/cultivers.es\/de\/wp-json\/wp\/v2\/types\/product"}],"replies":[{"embeddable":true,"href":"https:\/\/cultivers.es\/de\/wp-json\/wp\/v2\/comments?post=19704"}],"wp:featuredmedia":[{"embeddable":true,"href":"https:\/\/cultivers.es\/de\/wp-json\/wp\/v2\/media\/15740"}],"wp:attachment":[{"href":"https:\/\/cultivers.es\/de\/wp-json\/wp\/v2\/media?parent=19704"}],"wp:term":[{"taxonomy":"product_brand","embeddable":true,"href":"https:\/\/cultivers.es\/de\/wp-json\/wp\/v2\/product_brand?post=19704"},{"taxonomy":"product_cat","embeddable":true,"href":"https:\/\/cultivers.es\/de\/wp-json\/wp\/v2\/product_cat?post=19704"},{"taxonomy":"product_tag","embeddable":true,"href":"https:\/\/cultivers.es\/de\/wp-json\/wp\/v2\/product_tag?post=19704"}],"curies":[{"name":"wp","href":"https:\/\/api.w.org\/{rel}","templated":true}]}}