{"id":19706,"date":"2022-10-07T07:08:06","date_gmt":"2022-10-07T07:08:06","guid":{"rendered":"https:\/\/cultivers.es\/abonos\/bio-zitronenbasilikum-samen\/"},"modified":"2025-09-22T05:36:04","modified_gmt":"2025-09-22T05:36:04","slug":"basilikum-zitrone-okologisches-saatgut","status":"publish","type":"product","link":"https:\/\/cultivers.es\/de\/d\u00fcngemittel\/basilikum-zitrone-okologisches-saatgut\/","title":{"rendered":"Zitronen-Basilikum-Samen Biodynamisch Demeter"},"content":{"rendered":"","protected":false},"excerpt":{"rendered":"<p><strong>Lemon Basil<\/strong> ist eine aromatische Sorte, die das charakteristische Aroma von Basilikum mit erfrischenden Zitronennoten verbindet. Seine leuchtend gr\u00fcnen Bl\u00e4tter verstr\u00f6men einen zarten Duft, der perfekt mit Salaten, Fisch, So\u00dfen, Marinaden und Desserts harmoniert und f\u00fcr eine einzigartige und \u00fcberraschende Nuance sorgt. Diese Pflanze wird nicht nur in der K\u00fcche gesch\u00e4tzt, sondern versch\u00f6nert auch den <strong>Garten<\/strong> mit ihren weichen Bl\u00e4ttern und ihrem angenehmen Duft, zieht Best\u00e4uber an und tr\u00e4gt zur Artenvielfalt bei.  <\/p>\n<p><strong>Einzigartiges Aroma und Geschmack:<\/strong> Es verbindet die S\u00fc\u00dfe und Frische des Basilikums mit der s\u00e4uerlichen Note der Zitrone und schafft so ein au\u00dfergew\u00f6hnliches Aromaprofil.<\/p>\n<p><strong>Vielseitig in der K\u00fcche:<\/strong> Ideal f\u00fcr Salate, Saucen, aromatische \u00d6le, Aufg\u00fcsse, Fischgerichte und Desserts, mit einer zitrusartigen und erfrischenden Nuance.<\/p>\n<p><strong>Glatte und gl\u00e4nzende Bl\u00e4tter:<\/strong> Die tiefgr\u00fcnen Bl\u00e4tter und die zarte Textur sind perfekt f\u00fcr den Frischverzehr geeignet, da sie ihr ganzes Aroma und ihren Geschmack bewahren.<\/p>\n<p><strong>Attraktiv f\u00fcr Best\u00e4uber:<\/strong> Die kleinen wei\u00dfen Bl\u00fcten ziehen Bienen und andere n\u00fctzliche Insekten an und f\u00f6rdern die Artenvielfalt im <strong>Garten<\/strong>.<\/p>\n<p><strong>Einfach zu z\u00fcchten:<\/strong> Sie passt sich gut an verschiedene Bodenarten und Klimazonen an und ist sowohl f\u00fcr Anf\u00e4nger als auch f\u00fcr erfahrene G\u00e4rtner geeignet. Sie eignet sich perfekt f\u00fcr T\u00f6pfe, Balkone oder direkt im Boden.<\/p>\n<p><strong>Demeter-Bio-Anbau:<\/strong> Dieses Saatgut, das nach den Grunds\u00e4tzen der biologisch-dynamischen Landwirtschaft zertifiziert ist, garantiert einen nachhaltigen, umweltfreundlichen Anbau von h\u00f6chster Qualit\u00e4t.<\/p>\n<p>Genie\u00dfen Sie das einzigartige Aroma und die Eleganz von <strong>Demeter Bio-Zitronenbasilikum<\/strong> in Ihrem <strong>Garten<\/strong> und kreieren Sie kulinarische Kombinationen voller Frische und Raffinesse.<\/p>\n","protected":false},"featured_media":15845,"comment_status":"open","ping_status":"closed","template":"","meta":{"_acf_changed":false},"product_brand":[],"product_cat":[727,419,1304],"product_tag":[1384],"class_list":{"0":"post-19706","1":"product","2":"type-product","3":"status-publish","4":"has-post-thumbnail","6":"product_cat-bio-aroma-saatgut","7":"product_cat-bio-saatgut","8":"product_cat-demeter-samen","9":"product_tag-demeter-de","11":"first","12":"instock","13":"taxable","14":"shipping-taxable","15":"purchasable","16":"product-type-simple"},"acf":[],"_links":{"self":[{"href":"https:\/\/cultivers.es\/de\/wp-json\/wp\/v2\/product\/19706","targetHints":{"allow":["GET"]}}],"collection":[{"href":"https:\/\/cultivers.es\/de\/wp-json\/wp\/v2\/product"}],"about":[{"href":"https:\/\/cultivers.es\/de\/wp-json\/wp\/v2\/types\/product"}],"replies":[{"embeddable":true,"href":"https:\/\/cultivers.es\/de\/wp-json\/wp\/v2\/comments?post=19706"}],"wp:featuredmedia":[{"embeddable":true,"href":"https:\/\/cultivers.es\/de\/wp-json\/wp\/v2\/media\/15845"}],"wp:attachment":[{"href":"https:\/\/cultivers.es\/de\/wp-json\/wp\/v2\/media?parent=19706"}],"wp:term":[{"taxonomy":"product_brand","embeddable":true,"href":"https:\/\/cultivers.es\/de\/wp-json\/wp\/v2\/product_brand?post=19706"},{"taxonomy":"product_cat","embeddable":true,"href":"https:\/\/cultivers.es\/de\/wp-json\/wp\/v2\/product_cat?post=19706"},{"taxonomy":"product_tag","embeddable":true,"href":"https:\/\/cultivers.es\/de\/wp-json\/wp\/v2\/product_tag?post=19706"}],"curies":[{"name":"wp","href":"https:\/\/api.w.org\/{rel}","templated":true}]}}