{"id":19707,"date":"2022-10-07T07:08:06","date_gmt":"2022-10-07T07:08:06","guid":{"rendered":"https:\/\/cultivers.es\/abonos\/bio-salatschuessel-salat-samen\/"},"modified":"2025-09-22T04:40:39","modified_gmt":"2025-09-22T04:40:39","slug":"salatschussel-okologische-salat-samen","status":"publish","type":"product","link":"https:\/\/cultivers.es\/de\/d\u00fcngemittel\/salatschussel-okologische-salat-samen\/","title":{"rendered":"Salatsch\u00fcssel Salat Samen Biodynamisch Demeter"},"content":{"rendered":"","protected":false},"excerpt":{"rendered":"<p>Genie\u00dfen Sie frische, knackige Bl\u00e4tter mit unseren <strong>Bio-Salatschalensamen<\/strong>. Diese Sorte ist bekannt f\u00fcr ihre leuchtend gr\u00fcnen, krausen Bl\u00e4tter, die sich ideal f\u00fcr leichte Salate, Sandwiches oder als Garnitur eignen. Sein milder Geschmack und seine zarte Textur machen ihn zu einem Favoriten f\u00fcr alle Liebhaber der gesunden K\u00fcche. Au\u00dferdem ist die Sorte einfach anzubauen und widerstandsf\u00e4hig, so dass sie sich f\u00fcr G\u00e4rtner aller Erfahrungsstufen eignet.   <\/p>\n<ul>\n<li><strong>Gekr\u00e4uselte gr\u00fcne Bl\u00e4tter:<\/strong> Salat zeichnet sich durch seine gekr\u00e4uselten, zarten Bl\u00e4tter aus, die leicht zu ernten sind und sich perfekt f\u00fcr eine kontinuierliche Ernte w\u00e4hrend der gesamten Saison eignen.<\/li>\n<li><strong>Mildes und leichtes Aroma:<\/strong> Sein frischer und delikater Geschmack l\u00e4sst sich perfekt mit einer Vielzahl von Zutaten kombinieren, wodurch er sich ideal f\u00fcr Salate, Wraps und Beilagen eignet.<\/li>\n<li><strong>Verl\u00e4ngerte Ernte:<\/strong> Bei dieser Sorte k\u00f6nnen einzelne Bl\u00e4tter geerntet werden, w\u00e4hrend sie wachsen, was eine konstante und verl\u00e4ngerte Ernte gew\u00e4hrleistet.<\/li>\n<li><strong>Reich an N\u00e4hrstoffen:<\/strong> Er ist eine ausgezeichnete Quelle f\u00fcr die Vitamine A, C und K, Antioxidantien und Ballaststoffe, was ihn zu einem unverzichtbaren Nahrungsmittel f\u00fcr eine ausgewogene Ern\u00e4hrung macht.<\/li>\n<li><strong>Einfacher Anbau:<\/strong> Ihre Widerstandsf\u00e4higkeit und ihr schnelles Wachstum machen sie f\u00fcr Anf\u00e4nger und erfahrene G\u00e4rtner gleicherma\u00dfen geeignet. Sie passt sich gut an verschiedene Bodenarten an und kann im Gem\u00fcsegarten oder in T\u00f6pfen angebaut werden. <\/li>\n<li><strong>Biologischer Anbau:<\/strong> Unser Saatgut ist zu 100% biologisch, frei von Pestiziden und chemischen D\u00fcngemitteln und f\u00f6rdert eine umweltfreundliche und gesunde Ernte f\u00fcr Sie und Ihre Familie.<\/li>\n<\/ul>\n<p>F\u00fcllen Sie Ihren Garten mit Frische und Geschmack mit den <strong>Bio-Salatschalensamen<\/strong>. Sie sind einfach anzubauen, nahrhaft und k\u00f6stlich und eignen sich ideal f\u00fcr kontinuierliche Ernten w\u00e4hrend der ganzen Saison - bestellen Sie noch heute und genie\u00dfen Sie diesen klassischen Salat auf Ihrem Tisch!  <\/p>\n","protected":false},"featured_media":15715,"comment_status":"open","ping_status":"closed","template":"","meta":{"_acf_changed":false},"product_brand":[],"product_cat":[419,476,1304],"product_tag":[1384],"class_list":{"0":"post-19707","1":"product","2":"type-product","3":"status-publish","4":"has-post-thumbnail","6":"product_cat-bio-saatgut","7":"product_cat-bio-saatgut-fur-blattgemuse","8":"product_cat-demeter-samen","9":"product_tag-demeter-de","11":"first","12":"instock","13":"taxable","14":"shipping-taxable","15":"purchasable","16":"product-type-variable"},"acf":[],"_links":{"self":[{"href":"https:\/\/cultivers.es\/de\/wp-json\/wp\/v2\/product\/19707","targetHints":{"allow":["GET"]}}],"collection":[{"href":"https:\/\/cultivers.es\/de\/wp-json\/wp\/v2\/product"}],"about":[{"href":"https:\/\/cultivers.es\/de\/wp-json\/wp\/v2\/types\/product"}],"replies":[{"embeddable":true,"href":"https:\/\/cultivers.es\/de\/wp-json\/wp\/v2\/comments?post=19707"}],"wp:featuredmedia":[{"embeddable":true,"href":"https:\/\/cultivers.es\/de\/wp-json\/wp\/v2\/media\/15715"}],"wp:attachment":[{"href":"https:\/\/cultivers.es\/de\/wp-json\/wp\/v2\/media?parent=19707"}],"wp:term":[{"taxonomy":"product_brand","embeddable":true,"href":"https:\/\/cultivers.es\/de\/wp-json\/wp\/v2\/product_brand?post=19707"},{"taxonomy":"product_cat","embeddable":true,"href":"https:\/\/cultivers.es\/de\/wp-json\/wp\/v2\/product_cat?post=19707"},{"taxonomy":"product_tag","embeddable":true,"href":"https:\/\/cultivers.es\/de\/wp-json\/wp\/v2\/product_tag?post=19707"}],"curies":[{"name":"wp","href":"https:\/\/api.w.org\/{rel}","templated":true}]}}