{"id":19711,"date":"2022-10-07T07:08:06","date_gmt":"2022-10-07T07:08:06","guid":{"rendered":"https:\/\/cultivers.es\/abonos\/bio-rucola-samen-esmee\/"},"modified":"2025-09-22T05:07:08","modified_gmt":"2025-09-22T05:07:08","slug":"saatgut-rucula-esmee-okologisch","status":"publish","type":"product","link":"https:\/\/cultivers.es\/de\/d\u00fcngemittel\/saatgut-rucula-esmee-okologisch\/","title":{"rendered":"Raketensamen Esmee"},"content":{"rendered":"","protected":false},"excerpt":{"rendered":"<p>Z\u00fcchten Sie Frische und Eleganz in Ihrem Garten mit unseren <strong>Bio-Rucola-Samen Esmee<\/strong>. Diese Sorte zeichnet sich durch ihre fein geschnittenen, weich strukturierten Bl\u00e4tter mit einem frischen, leicht w\u00fcrzigen Geschmack aus, der weniger pfeffrig ist als bei anderem Rucola. Esmee-Rucola eignet sich perfekt f\u00fcr Salate, Sandwiches und Beilagen und verleiht jedem Gericht eine raffinierte und gesunde Note.  <\/p>\n<ul>\n<li><strong>Glatte und beschnittene Bl\u00e4tter:<\/strong> Esmee-Rucola produziert gr\u00fcne Bl\u00e4tter mit fein gezackten R\u00e4ndern, die nicht nur optisch ansprechend, sondern auch zart und k\u00f6stlich im Geschmack sind.<\/li>\n<li><strong>Milder und frischer Geschmack:<\/strong> Mit einem leicht w\u00fcrzigen, aber weniger intensiven Geschmacksprofil als andere Sorten ist dieser Rucola ideal f\u00fcr alle, die eine subtile und erfrischende Note in ihren Rezepten suchen.<\/li>\n<li><strong>Schnelles Wachstum:<\/strong> Rocket Esmee ist eine schnell wachsende Pflanze, die es erm\u00f6glicht, in nur wenigen Wochen frische Bl\u00e4tter zu ernten. Sie ist perfekt f\u00fcr alle, die eine effiziente und kontinuierliche Ernte anstreben. <\/li>\n<li><strong>Kulinarische Vielseitigkeit:<\/strong> Ideal f\u00fcr frische Salate, Beilagen, Wraps und als Beilage zu Hauptgerichten. Er ist auch eine ausgezeichnete Wahl f\u00fcr Pizza oder Pasta. <\/li>\n<li><strong>Reich an N\u00e4hrstoffen:<\/strong> Diese Sorte ist eine ausgezeichnete Quelle f\u00fcr die Vitamine A, C und K, Antioxidantien, Kalzium und Eisen und damit ein gesundes Lebensmittel voller Vorteile.<\/li>\n<li><strong>Einfacher Anbau:<\/strong> Diese robuste und anpassungsf\u00e4hige Rauke kann in einer Vielzahl von Klimazonen und B\u00f6den angebaut werden. Sie eignet sich perfekt f\u00fcr Au\u00dfen- oder Containerg\u00e4rten auf Balkonen und Terrassen. <\/li>\n<li><strong>Biologischer Anbau:<\/strong> Unser Saatgut ist zu 100% biologisch, frei von Pestiziden und Chemikalien und garantiert einen nachhaltigen und umweltfreundlichen Anbau.<\/li>\n<\/ul>\n<p>Bringen Sie Frische, Geschmack und Eleganz auf Ihren Tisch mit <strong>Esmee Bio-Rucola-Samen<\/strong>. Diese vielseitigen und gesunden Bl\u00e4tter sind einfach zu z\u00fcchten und perfekt f\u00fcr eine schnelle Ernte. Bestellen Sie noch heute und genie\u00dfen Sie die Qualit\u00e4t dieser einzigartigen Rauke direkt in Ihrem Garten!  <\/p>\n","protected":false},"featured_media":15620,"comment_status":"open","ping_status":"closed","template":"","meta":{"_acf_changed":false},"product_brand":[],"product_cat":[419,476],"product_tag":[],"woo-feed-brand":[],"class_list":{"0":"post-19711","1":"product","2":"type-product","3":"status-publish","4":"has-post-thumbnail","6":"product_cat-bio-saatgut","7":"product_cat-bio-saatgut-fur-blattgemuse","9":"first","10":"outofstock","11":"taxable","12":"shipping-taxable","13":"purchasable","14":"product-type-simple"},"acf":[],"_links":{"self":[{"href":"https:\/\/cultivers.es\/de\/wp-json\/wp\/v2\/product\/19711","targetHints":{"allow":["GET"]}}],"collection":[{"href":"https:\/\/cultivers.es\/de\/wp-json\/wp\/v2\/product"}],"about":[{"href":"https:\/\/cultivers.es\/de\/wp-json\/wp\/v2\/types\/product"}],"replies":[{"embeddable":true,"href":"https:\/\/cultivers.es\/de\/wp-json\/wp\/v2\/comments?post=19711"}],"wp:featuredmedia":[{"embeddable":true,"href":"https:\/\/cultivers.es\/de\/wp-json\/wp\/v2\/media\/15620"}],"wp:attachment":[{"href":"https:\/\/cultivers.es\/de\/wp-json\/wp\/v2\/media?parent=19711"}],"wp:term":[{"taxonomy":"product_brand","embeddable":true,"href":"https:\/\/cultivers.es\/de\/wp-json\/wp\/v2\/product_brand?post=19711"},{"taxonomy":"product_cat","embeddable":true,"href":"https:\/\/cultivers.es\/de\/wp-json\/wp\/v2\/product_cat?post=19711"},{"taxonomy":"product_tag","embeddable":true,"href":"https:\/\/cultivers.es\/de\/wp-json\/wp\/v2\/product_tag?post=19711"},{"taxonomy":"woo-feed-brand","embeddable":true,"href":"https:\/\/cultivers.es\/de\/wp-json\/wp\/v2\/woo-feed-brand?post=19711"}],"curies":[{"name":"wp","href":"https:\/\/api.w.org\/{rel}","templated":true}]}}