{"id":19722,"date":"2022-10-07T07:08:06","date_gmt":"2022-10-07T07:08:06","guid":{"rendered":"https:\/\/cultivers.es\/abonos\/bio-thai-basilikum-samen\/"},"modified":"2025-09-22T04:46:53","modified_gmt":"2025-09-22T04:46:53","slug":"bio-thai-basilikum-samen","status":"publish","type":"product","link":"https:\/\/cultivers.es\/de\/d\u00fcngemittel\/bio-thai-basilikum-samen\/","title":{"rendered":"Thai-Basilikum-Samen"},"content":{"rendered":"","protected":false},"excerpt":{"rendered":"<p><strong>Thai-Basilikum<\/strong> ist eine aromatische Sorte, die in der asiatischen K\u00fcche f\u00fcr ihren intensiven Geschmack mit subtilen Anis- und leicht scharfen Noten gesch\u00e4tzt wird. Seine leuchtend gr\u00fcnen Bl\u00e4tter mit zarten R\u00e4ndern verstr\u00f6men ein unverwechselbares Aroma, das Currys, Suppen, So\u00dfen und Salaten Tiefe und Charakter verleiht. Neben ihrem kulinarischen Wert versch\u00f6nert diese aromatische Pflanze den <strong>Garten<\/strong> mit ihren eleganten Bl\u00e4ttern und lilafarbenen Bl\u00fcten, die n\u00fctzliche Best\u00e4uber anlocken.  <\/p>\n<p><strong>Exotisches Aroma und Geschmack:<\/strong> Seine Bl\u00e4tter bieten ein unverwechselbares aromatisches Profil, eine Mischung aus Basilikum, Anis und Nelken, die traditionelle und moderne Rezepte bereichert.<\/p>\n<p><strong>Glatte und gl\u00e4nzende Bl\u00e4tter:<\/strong> Mit ihrer tiefgr\u00fcnen Farbe und ihrer zarten Textur sind sie ideal f\u00fcr den Frischverzehr geeignet und bewahren ihr Aroma und ihren Duft in vollem Umfang.<\/p>\n<p><strong>Vielseitig in der asiatischen K\u00fcche:<\/strong> Unverzichtbar in thail\u00e4ndischen, vietnamesischen oder Fusionsgerichten, die eine authentische und w\u00fcrzige Note erhalten.<\/p>\n<p><strong>Attraktiv f\u00fcr Best\u00e4uber:<\/strong> Die violetten Bl\u00fcten ziehen Bienen und Schmetterlinge an und f\u00f6rdern so die Artenvielfalt und die Gesundheit des <strong>Gartens<\/strong>.<\/p>\n<p><strong>Einfacher Anbau:<\/strong> Passt sich gut an verschiedene B\u00f6den und Klimazonen an, geeignet f\u00fcr Anf\u00e4nger und erfahrene G\u00e4rtner. Geeignet f\u00fcr den Anbau in T\u00f6pfen oder direkt in der Erde. <\/p>\n<p><strong>Biologischer Anbau:<\/strong> Unser Saatgut ist zu 100% biologisch, frei von Pestiziden und chemischen D\u00fcngemitteln und garantiert einen nachhaltigen und umweltfreundlichen <strong>Garten<\/strong>.<\/p>\n<p>Genie\u00dfen Sie den Geschmack, das Aroma und die Sch\u00f6nheit von <strong>Bio-Thaibasilikum<\/strong> in Ihrem <strong>Garten<\/strong> und verleihen Sie Ihren Gerichten eine authentische und exotische Note.<\/p>\n","protected":false},"featured_media":15840,"comment_status":"open","ping_status":"closed","template":"","meta":{"_acf_changed":false},"product_brand":[],"product_cat":[419,727],"product_tag":[1580],"class_list":{"0":"post-19722","1":"product","2":"type-product","3":"status-publish","4":"has-post-thumbnail","6":"product_cat-bio-saatgut","7":"product_cat-bio-aroma-saatgut","8":"product_tag-oko","10":"first","11":"instock","12":"sale","13":"taxable","14":"shipping-taxable","15":"purchasable","16":"product-type-simple"},"acf":[],"_links":{"self":[{"href":"https:\/\/cultivers.es\/de\/wp-json\/wp\/v2\/product\/19722","targetHints":{"allow":["GET"]}}],"collection":[{"href":"https:\/\/cultivers.es\/de\/wp-json\/wp\/v2\/product"}],"about":[{"href":"https:\/\/cultivers.es\/de\/wp-json\/wp\/v2\/types\/product"}],"replies":[{"embeddable":true,"href":"https:\/\/cultivers.es\/de\/wp-json\/wp\/v2\/comments?post=19722"}],"wp:featuredmedia":[{"embeddable":true,"href":"https:\/\/cultivers.es\/de\/wp-json\/wp\/v2\/media\/15840"}],"wp:attachment":[{"href":"https:\/\/cultivers.es\/de\/wp-json\/wp\/v2\/media?parent=19722"}],"wp:term":[{"taxonomy":"product_brand","embeddable":true,"href":"https:\/\/cultivers.es\/de\/wp-json\/wp\/v2\/product_brand?post=19722"},{"taxonomy":"product_cat","embeddable":true,"href":"https:\/\/cultivers.es\/de\/wp-json\/wp\/v2\/product_cat?post=19722"},{"taxonomy":"product_tag","embeddable":true,"href":"https:\/\/cultivers.es\/de\/wp-json\/wp\/v2\/product_tag?post=19722"}],"curies":[{"name":"wp","href":"https:\/\/api.w.org\/{rel}","templated":true}]}}