{"id":19728,"date":"2022-10-07T07:08:06","date_gmt":"2022-10-07T07:08:06","guid":{"rendered":"https:\/\/cultivers.es\/abonos\/bio-salatschalen-samen-rot\/"},"modified":"2025-09-22T05:06:55","modified_gmt":"2025-09-22T05:06:55","slug":"kopfsalat-samen-roter-salat-schussel-okologisch","status":"publish","type":"product","link":"https:\/\/cultivers.es\/de\/d\u00fcngemittel\/kopfsalat-samen-roter-salat-schussel-okologisch\/","title":{"rendered":"Demeter Biodynamische Rote Salatsch\u00fcssel Salat Samen"},"content":{"rendered":"","protected":false},"excerpt":{"rendered":"<p>Z\u00fcchten Sie einen der farbenpr\u00e4chtigsten und n\u00e4hrstoffreichsten Salate mit unseren Demeter Bio Red Salad Bowl Salat Samen. Diese Sorte ist bekannt f\u00fcr ihre attraktiven dunkelroten Bl\u00e4tter mit einem milden Geschmack und einer zarten Textur. Er eignet sich perfekt f\u00fcr frische, dekorative Salate. Red Salad Bowl Lettuce ist die ideale Wahl f\u00fcr alle, die ihren Gerichten Farbe und Gesundheit verleihen wollen, und das alles auf gr\u00fcne und umweltfreundliche Weise.  <\/p>\n<ul>\n<li><strong>Zarte rote Bl\u00e4tter:<\/strong> Roter Salatkopfsalat hat tiefrote Bl\u00e4tter, die nicht nur sch\u00f6n, sondern auch lecker und zart sind. Sein milder Geschmack macht ihn perfekt f\u00fcr frische Salate oder als Beilage zu allen m\u00f6glichen Gerichten. <\/li>\n<li><strong>Widerstandsf\u00e4hig und lange Erntezeit:<\/strong> Diese Sorte ist hitzeresistent und schie\u00dft nicht schnell, was eine lange Erntezeit erm\u00f6glicht. Au\u00dferdem kann sie Blatt f\u00fcr Blatt geerntet werden, was eine kontinuierliche Produktion garantiert. <\/li>\n<li><strong>Demeter-zertifiziert:<\/strong> Dieser Salat wird nach den strengen Richtlinien der biologisch-dynamischen Landwirtschaft angebaut und ist Demeter-zertifiziert, was einen tiefen Respekt f\u00fcr das nat\u00fcrliche Gleichgewicht und die Gesundheit des Bodens garantiert.<\/li>\n<li><strong>Einfach anzubauen:<\/strong> Roter Salat ist eine widerstandsf\u00e4hige und einfach zu ziehende Pflanze, die sich gut an eine Vielzahl von B\u00f6den und klimatischen Bedingungen anpasst. Ideal sowohl f\u00fcr Anf\u00e4nger als auch f\u00fcr erfahrene G\u00e4rtner. <\/li>\n<li><strong>Biologischer Anbau:<\/strong> Unser Saatgut ist zu 100% biologisch und Demeter-zertifiziert, was sicherstellt, dass Ihr Salat ohne Pestizide und Chemikalien w\u00e4chst und einen gesunden und umweltfreundlichen Anbau f\u00f6rdert.<\/li>\n<\/ul>\n<p>Genie\u00dfen Sie die Farbe und den frischen Geschmack des Red Salad Bowl Salats in Ihrem Bio-Garten. Mit unseren Demeter Bio-Samen k\u00f6nnen Sie nahrhaften, sch\u00f6nen und nachhaltigen Salat anbauen - bestellen Sie noch heute und ernten Sie Frische direkt aus Ihrem Garten!  <\/p>\n","protected":false},"featured_media":15705,"comment_status":"open","ping_status":"closed","template":"","meta":{"_acf_changed":false},"product_brand":[],"product_cat":[419,476,1304],"product_tag":[1384],"class_list":{"0":"post-19728","1":"product","2":"type-product","3":"status-publish","4":"has-post-thumbnail","6":"product_cat-bio-saatgut","7":"product_cat-bio-saatgut-fur-blattgemuse","8":"product_cat-demeter-samen","9":"product_tag-demeter-de","11":"first","12":"instock","13":"sale","14":"taxable","15":"shipping-taxable","16":"purchasable","17":"product-type-simple"},"acf":[],"_links":{"self":[{"href":"https:\/\/cultivers.es\/de\/wp-json\/wp\/v2\/product\/19728","targetHints":{"allow":["GET"]}}],"collection":[{"href":"https:\/\/cultivers.es\/de\/wp-json\/wp\/v2\/product"}],"about":[{"href":"https:\/\/cultivers.es\/de\/wp-json\/wp\/v2\/types\/product"}],"replies":[{"embeddable":true,"href":"https:\/\/cultivers.es\/de\/wp-json\/wp\/v2\/comments?post=19728"}],"wp:featuredmedia":[{"embeddable":true,"href":"https:\/\/cultivers.es\/de\/wp-json\/wp\/v2\/media\/15705"}],"wp:attachment":[{"href":"https:\/\/cultivers.es\/de\/wp-json\/wp\/v2\/media?parent=19728"}],"wp:term":[{"taxonomy":"product_brand","embeddable":true,"href":"https:\/\/cultivers.es\/de\/wp-json\/wp\/v2\/product_brand?post=19728"},{"taxonomy":"product_cat","embeddable":true,"href":"https:\/\/cultivers.es\/de\/wp-json\/wp\/v2\/product_cat?post=19728"},{"taxonomy":"product_tag","embeddable":true,"href":"https:\/\/cultivers.es\/de\/wp-json\/wp\/v2\/product_tag?post=19728"}],"curies":[{"name":"wp","href":"https:\/\/api.w.org\/{rel}","templated":true}]}}