{"id":19730,"date":"2022-10-07T07:08:06","date_gmt":"2022-10-07T07:08:06","guid":{"rendered":"https:\/\/cultivers.es\/abonos\/asian-namenia-bio-gemuesesaatgut\/"},"modified":"2025-09-22T05:07:27","modified_gmt":"2025-09-22T05:07:27","slug":"bio-asiatische-grune-asiatische-namenia-samen","status":"publish","type":"product","link":"https:\/\/cultivers.es\/de\/d\u00fcngemittel\/bio-asiatische-grune-asiatische-namenia-samen\/","title":{"rendered":"Namenia Asiatische Gem\u00fcsesaatgut"},"content":{"rendered":"","protected":false},"excerpt":{"rendered":"<p>Genie\u00dfen Sie die Zartheit und Vielseitigkeit des <strong>asiatischen Gem\u00fcses Namenia<\/strong> mit unseren <strong>Bio-Samen<\/strong>. Diese Sorte ist bekannt f\u00fcr ihre l\u00e4nglichen, zarten, mild schmeckenden Bl\u00e4tter, die sich perfekt f\u00fcr frische Salate, Pfannengerichte oder Eint\u00f6pfe eignen. Einfach anzubauen und schnell wachsend, ist Namenia eine ausgezeichnete Wahl f\u00fcr alle, die ein leichtes, nahrhaftes und nachhaltiges Gem\u00fcse f\u00fcr ihren Garten suchen.  <\/p>\n<ul>\n<li><strong>Feine und zarte Bl\u00e4tter:<\/strong> Namenia produziert l\u00e4ngliche gr\u00fcne Bl\u00e4tter mit einer weichen und zarten Textur, ideal f\u00fcr den frischen oder gekochten Verzehr.<\/li>\n<li><strong>Milder und vielseitiger Geschmack:<\/strong> Sein leichter und frischer Geschmack macht ihn zur idealen Wahl f\u00fcr Salate, Beilagen, asiatisch angehauchte Pfannengerichte oder gesunde Suppen.<\/li>\n<li><strong>Schnellw\u00fcchsig:<\/strong> Diese Sorte w\u00e4chst schnell, so dass die jungen Bl\u00e4tter in wenigen Wochen geerntet werden k\u00f6nnen, was sie ideal f\u00fcr eine kontinuierliche Ernte w\u00e4hrend der gesamten Saison macht.<\/li>\n<li><strong>Reich an N\u00e4hrstoffen:<\/strong> Namenia ist eine ausgezeichnete Quelle f\u00fcr die Vitamine A, C und K, Antioxidantien und Mineralien wie Kalzium und Eisen und damit ein nahrhaftes und gesundheitsf\u00f6rderndes Lebensmittel.<\/li>\n<li><strong>Einfacher Anbau:<\/strong> Dieses asiatische Gem\u00fcse ist robust und anpassungsf\u00e4hig und gedeiht in verschiedenen B\u00f6den und Klimazonen. Es ist ideal f\u00fcr G\u00e4rten im Freien, aber auch f\u00fcr T\u00f6pfe auf dem Balkon oder der Terrasse. <\/li>\n<li><strong>Biologischer Anbau:<\/strong> Unser Saatgut ist zu 100% biologisch, frei von Pestiziden und chemischen D\u00fcngemitteln und garantiert einen nachhaltigen und umweltfreundlichen Anbau.<\/li>\n<\/ul>\n<p>Bringen Sie Frische und Milde in Ihren Garten mit <strong>Namenia Organic Asian Gem\u00fcsesamen<\/strong>. Bauen Sie dieses vielseitige Gem\u00fcse an und genie\u00dfen Sie schnelle und gesunde Ernten f\u00fcr Ihre Lieblingsrezepte - bestellen Sie noch heute und genie\u00dfen Sie die Frische dieses k\u00f6stlichen asiatischen Gem\u00fcses!  <\/p>\n","protected":false},"featured_media":15485,"comment_status":"open","ping_status":"closed","template":"","meta":{"_acf_changed":false},"product_brand":[],"product_cat":[419,476],"product_tag":[1580],"woo-feed-brand":[],"class_list":{"0":"post-19730","1":"product","2":"type-product","3":"status-publish","4":"has-post-thumbnail","6":"product_cat-bio-saatgut","7":"product_cat-bio-saatgut-fur-blattgemuse","8":"product_tag-oko","10":"first","11":"outofstock","12":"taxable","13":"shipping-taxable","14":"purchasable","15":"product-type-simple"},"acf":[],"_links":{"self":[{"href":"https:\/\/cultivers.es\/de\/wp-json\/wp\/v2\/product\/19730","targetHints":{"allow":["GET"]}}],"collection":[{"href":"https:\/\/cultivers.es\/de\/wp-json\/wp\/v2\/product"}],"about":[{"href":"https:\/\/cultivers.es\/de\/wp-json\/wp\/v2\/types\/product"}],"replies":[{"embeddable":true,"href":"https:\/\/cultivers.es\/de\/wp-json\/wp\/v2\/comments?post=19730"}],"wp:featuredmedia":[{"embeddable":true,"href":"https:\/\/cultivers.es\/de\/wp-json\/wp\/v2\/media\/15485"}],"wp:attachment":[{"href":"https:\/\/cultivers.es\/de\/wp-json\/wp\/v2\/media?parent=19730"}],"wp:term":[{"taxonomy":"product_brand","embeddable":true,"href":"https:\/\/cultivers.es\/de\/wp-json\/wp\/v2\/product_brand?post=19730"},{"taxonomy":"product_cat","embeddable":true,"href":"https:\/\/cultivers.es\/de\/wp-json\/wp\/v2\/product_cat?post=19730"},{"taxonomy":"product_tag","embeddable":true,"href":"https:\/\/cultivers.es\/de\/wp-json\/wp\/v2\/product_tag?post=19730"},{"taxonomy":"woo-feed-brand","embeddable":true,"href":"https:\/\/cultivers.es\/de\/wp-json\/wp\/v2\/woo-feed-brand?post=19730"}],"curies":[{"name":"wp","href":"https:\/\/api.w.org\/{rel}","templated":true}]}}