{"id":19734,"date":"2022-10-07T07:08:06","date_gmt":"2022-10-07T07:08:06","guid":{"rendered":"https:\/\/cultivers.es\/abonos\/bio-tatsoi-asiatische-gemuesesaatgut\/"},"modified":"2025-09-22T05:07:35","modified_gmt":"2025-09-22T05:07:35","slug":"asiatisches-gemuse-asiatisches-tatsoi-okologisches-saatgut","status":"publish","type":"product","link":"https:\/\/cultivers.es\/de\/d\u00fcngemittel\/asiatisches-gemuse-asiatisches-tatsoi-okologisches-saatgut\/","title":{"rendered":"Tatsoi Asiatische Gem\u00fcsesamen"},"content":{"rendered":"","protected":false},"excerpt":{"rendered":"<p>Verleihen Sie Ihrem Garten eine exotische und gesunde Note mit unseren <strong>Bio Tatsoi Asian Gem\u00fcsesamen<\/strong>. Diese Sorte ist bekannt f\u00fcr ihre dunkelgr\u00fcnen, rosettenf\u00f6rmigen Bl\u00e4tter mit einem milden, leicht s\u00fc\u00dfen Geschmack. Tatsoi ist ideal f\u00fcr frische Salate, Pfannengerichte, Suppen oder Eint\u00f6pfe und ist eine vielseitige und k\u00f6stliche Option, die Ihren Gerichten N\u00e4hrstoffe und Stil verleiht. Sein einfacher Anbau und sein schnelles Wachstum machen ihn zu einer ausgezeichneten Wahl f\u00fcr G\u00e4rtner aller Stufen.   <\/p>\n<ul>\n<li><strong>Hellgr\u00fcne Bl\u00e4tter:<\/strong> Tatsoi produziert dunkelgr\u00fcne Bl\u00e4tter mit einer weichen und zarten Textur, die in einer eleganten Rosette angeordnet sind.<\/li>\n<li><strong>Milder und zarter Geschmack:<\/strong> Sein leicht s\u00fc\u00dflicher und frischer Geschmack macht ihn perfekt f\u00fcr eine Vielzahl von Gerichten, von rohen Salaten bis hin zu gekochten Rezepten wie Suppen und Pfannengerichten.<\/li>\n<li><strong>Schnellw\u00fcchsig:<\/strong> Dieses asiatische Gem\u00fcse w\u00e4chst schnell und erm\u00f6glicht eine kontinuierliche Ernte zarter Bl\u00e4tter in wenigen Wochen, was es ideal f\u00fcr diejenigen macht, die schnelle Ergebnisse erzielen m\u00f6chten.<\/li>\n<li><strong>Winterhart und vielseitig:<\/strong> Tatsoi ist winterhart und kann das ganze Jahr \u00fcber angebaut werden. Sie ist eine ausgezeichnete Wahl f\u00fcr Herbst- und Winterg\u00e4rten.<\/li>\n<li><strong>Reich an N\u00e4hrstoffen:<\/strong> Er ist eine ausgezeichnete Quelle f\u00fcr die Vitamine A, C und K, Antioxidantien, Kalzium und Eisen und bietet zahlreiche gesundheitliche Vorteile.<\/li>\n<li><strong>Einfacher Anbau:<\/strong> Durch seine Anpassungsf\u00e4higkeit an verschiedene B\u00f6den und Klimazonen ist Tatsoi f\u00fcr Anf\u00e4nger und erfahrene G\u00e4rtner gleicherma\u00dfen geeignet. Er kann im Gem\u00fcsegarten oder in T\u00f6pfen angebaut werden. <\/li>\n<li><strong>Biologischer Anbau:<\/strong> Unser Saatgut ist zu 100% biologisch, frei von Pestiziden und Chemikalien und garantiert eine umweltfreundliche und gesunde Ernte f\u00fcr Sie und Ihre Familie.<\/li>\n<\/ul>\n<p>Entdecken Sie den Geschmack und die Vielseitigkeit von <strong>Tatsoi<\/strong> mit unseren Bio-Samen. Bauen Sie dieses nahrhafte und k\u00f6stliche asiatische Gem\u00fcse an und bringen Sie Frische und Stil in Ihre K\u00fcche - bestellen Sie noch heute und genie\u00dfen Sie schnelle, nachhaltige Ernten direkt aus Ihrem Garten!  <\/p>\n","protected":false},"featured_media":15480,"comment_status":"open","ping_status":"closed","template":"","meta":{"_acf_changed":false},"product_brand":[],"product_cat":[419,476],"product_tag":[1580],"woo-feed-brand":[],"class_list":{"0":"post-19734","1":"product","2":"type-product","3":"status-publish","4":"has-post-thumbnail","6":"product_cat-bio-saatgut","7":"product_cat-bio-saatgut-fur-blattgemuse","8":"product_tag-oko","10":"first","11":"instock","12":"sale","13":"taxable","14":"shipping-taxable","15":"purchasable","16":"product-type-simple"},"acf":[],"_links":{"self":[{"href":"https:\/\/cultivers.es\/de\/wp-json\/wp\/v2\/product\/19734","targetHints":{"allow":["GET"]}}],"collection":[{"href":"https:\/\/cultivers.es\/de\/wp-json\/wp\/v2\/product"}],"about":[{"href":"https:\/\/cultivers.es\/de\/wp-json\/wp\/v2\/types\/product"}],"replies":[{"embeddable":true,"href":"https:\/\/cultivers.es\/de\/wp-json\/wp\/v2\/comments?post=19734"}],"wp:featuredmedia":[{"embeddable":true,"href":"https:\/\/cultivers.es\/de\/wp-json\/wp\/v2\/media\/15480"}],"wp:attachment":[{"href":"https:\/\/cultivers.es\/de\/wp-json\/wp\/v2\/media?parent=19734"}],"wp:term":[{"taxonomy":"product_brand","embeddable":true,"href":"https:\/\/cultivers.es\/de\/wp-json\/wp\/v2\/product_brand?post=19734"},{"taxonomy":"product_cat","embeddable":true,"href":"https:\/\/cultivers.es\/de\/wp-json\/wp\/v2\/product_cat?post=19734"},{"taxonomy":"product_tag","embeddable":true,"href":"https:\/\/cultivers.es\/de\/wp-json\/wp\/v2\/product_tag?post=19734"},{"taxonomy":"woo-feed-brand","embeddable":true,"href":"https:\/\/cultivers.es\/de\/wp-json\/wp\/v2\/woo-feed-brand?post=19734"}],"curies":[{"name":"wp","href":"https:\/\/api.w.org\/{rel}","templated":true}]}}