{"id":19735,"date":"2022-10-07T07:08:06","date_gmt":"2022-10-07T07:08:06","guid":{"rendered":"https:\/\/cultivers.es\/abonos\/bio-zwiebel-samen-zwiebel-rossa-lunga-di-firenze-bio\/"},"modified":"2025-09-22T05:07:36","modified_gmt":"2025-09-22T05:07:36","slug":"zwiebel-samen-rossa-lunga-di-firenze-ecologicas","status":"publish","type":"product","link":"https:\/\/cultivers.es\/de\/d\u00fcngemittel\/zwiebel-samen-rossa-lunga-di-firenze-ecologicas\/","title":{"rendered":"Zwiebelsamen Zwiebel Rossa lunga di Firenze"},"content":{"rendered":"","protected":false},"excerpt":{"rendered":"<p>Entdecken Sie eine einzigartige und schmackhafte Zwiebelsorte mit unseren <strong>Bio-Zwiebelsamen Rossa Lunga di Firenze<\/strong>. Diese traditionelle italienische Sorte zeichnet sich durch ihre l\u00e4ngliche Form und ihre purpurrote Schale sowie durch ihren s\u00fc\u00dfen und delikaten Geschmack aus. Die Zwiebel Rossa Lunga di Firenze ist ideal f\u00fcr Salate, Braten, Eint\u00f6pfe oder als Hauptzutat in Gourmetgerichten und bringt nicht nur Geschmack, sondern auch Stil in Ihre K\u00fcche. Bauen Sie sie einfach in Ihrem Bio-Garten an und genie\u00dfen Sie eine besondere und vielseitige Zwiebel.   <\/p>\n<ul>\n<li><strong>L\u00e4ngliche und elegante Form:<\/strong> Die Zwiebel Rossa Lunga di Firenze hat eine l\u00e4ngliche zylindrische Form, die sie einzigartig und perfekt f\u00fcr kulinarische Dekorationen oder besondere Pr\u00e4sentationen macht.<\/li>\n<li><strong>S\u00fc\u00dfer und delikater Geschmack:<\/strong> Ihr milder und s\u00fc\u00dfer Geschmack macht sie zu einer hervorragenden Wahl f\u00fcr den Rohverzehr in Salaten oder als Hauptzutat in gekochten Gerichten.<\/li>\n<li><strong>Leuchtend rote Farbe:<\/strong> Die purpurrote Haut ist nicht nur attraktiv, sondern weist auch auf einen hohen Gehalt an Antioxidantien hin, die der Gesundheit zutr\u00e4glich sind.<\/li>\n<li><strong>Reich an N\u00e4hrstoffen:<\/strong> Die Zwiebel ist eine ausgezeichnete Quelle f\u00fcr Vitamin C, Antioxidantien und bioaktive Verbindungen, die zur St\u00e4rkung des Immunsystems und zur Verbesserung der allgemeinen Gesundheit beitragen.<\/li>\n<li><strong>Einfacher Anbau:<\/strong> Diese robuste und anpassungsf\u00e4hige Sorte ist sowohl f\u00fcr Anf\u00e4nger als auch f\u00fcr erfahrene G\u00e4rtner geeignet. Sie passt sich gut an verschiedene Bodenarten und Klimazonen an. <\/li>\n<li><strong>Biologischer Anbau:<\/strong> Unser Saatgut ist 100% biologisch, frei von Pestiziden und Chemikalien und garantiert eine gesunde und umweltfreundliche Ernte.<\/li>\n<\/ul>\n<p>Bringen Sie mit den <strong>Bio-Zwiebelsamen Rossa Lunga di Firenze<\/strong> einen Hauch von italienischem Geschmack und Tradition in Ihren Garten. Diese pflegeleichten und k\u00f6stlichen Zwiebeln sind ein Muss in Ihrer K\u00fcche - bestellen Sie noch heute und genie\u00dfen Sie die Frische und Qualit\u00e4t dieser Sorte direkt in Ihrem Garten!  <\/p>\n","protected":false},"featured_media":15475,"comment_status":"open","ping_status":"closed","template":"","meta":{"_acf_changed":false},"product_brand":[],"product_cat":[419,433],"product_tag":[1580],"class_list":{"0":"post-19735","1":"product","2":"type-product","3":"status-publish","4":"has-post-thumbnail","6":"product_cat-bio-saatgut","7":"product_cat-bio-wurzelsaatgut","8":"product_tag-oko","10":"first","11":"instock","12":"sale","13":"taxable","14":"shipping-taxable","15":"purchasable","16":"product-type-simple"},"acf":[],"_links":{"self":[{"href":"https:\/\/cultivers.es\/de\/wp-json\/wp\/v2\/product\/19735","targetHints":{"allow":["GET"]}}],"collection":[{"href":"https:\/\/cultivers.es\/de\/wp-json\/wp\/v2\/product"}],"about":[{"href":"https:\/\/cultivers.es\/de\/wp-json\/wp\/v2\/types\/product"}],"replies":[{"embeddable":true,"href":"https:\/\/cultivers.es\/de\/wp-json\/wp\/v2\/comments?post=19735"}],"wp:featuredmedia":[{"embeddable":true,"href":"https:\/\/cultivers.es\/de\/wp-json\/wp\/v2\/media\/15475"}],"wp:attachment":[{"href":"https:\/\/cultivers.es\/de\/wp-json\/wp\/v2\/media?parent=19735"}],"wp:term":[{"taxonomy":"product_brand","embeddable":true,"href":"https:\/\/cultivers.es\/de\/wp-json\/wp\/v2\/product_brand?post=19735"},{"taxonomy":"product_cat","embeddable":true,"href":"https:\/\/cultivers.es\/de\/wp-json\/wp\/v2\/product_cat?post=19735"},{"taxonomy":"product_tag","embeddable":true,"href":"https:\/\/cultivers.es\/de\/wp-json\/wp\/v2\/product_tag?post=19735"}],"curies":[{"name":"wp","href":"https:\/\/api.w.org\/{rel}","templated":true}]}}