{"id":19755,"date":"2022-10-07T07:08:06","date_gmt":"2022-10-07T07:08:06","guid":{"rendered":"https:\/\/cultivers.es\/abonos\/radieschensamen-saxa-bio\/"},"modified":"2025-09-22T05:09:40","modified_gmt":"2025-09-22T05:09:40","slug":"bio-rettich-saxa-samen","status":"publish","type":"product","link":"https:\/\/cultivers.es\/de\/d\u00fcngemittel\/bio-rettich-saxa-samen\/","title":{"rendered":"Radieschen Samen Saxa"},"content":{"rendered":"","protected":false},"excerpt":{"rendered":"<p>Entdecken Sie die perfekte Sorte f\u00fcr schnelle und schmackhafte Ernten mit unseren <strong>Bio-Rettichsamen Saxa<\/strong>. Dieser kleine, runde, leuchtend rote Rettich ist ideal f\u00fcr alle, die eine schnelle und einfache Ernte w\u00fcnschen. Mit seinem milden und erfrischenden Geschmack ist der Saxa Radieschen perfekt f\u00fcr Salate, Beilagen oder als gesunder Snack geeignet. Bauen Sie ihn das ganze Jahr \u00fcber an und genie\u00dfen Sie seine knackige Textur und unvergleichliche Frische.   <\/p>\n<ul>\n<li><strong>Runde Form und leuchtende Farbe:<\/strong> Der Saxa Radieschen produziert kleine, runde, leuchtend rote Wurzeln, die jeden Garten oder jedes Gericht aufhellen.<\/li>\n<li><strong>Milder und erfrischender Geschmack:<\/strong> Sein leichter Geschmack, mit einer leicht w\u00fcrzigen Note, macht ihn zu einer vielseitigen Zutat f\u00fcr Salate, Wraps und Beilagen.<\/li>\n<li><strong>Schnellw\u00fcchsig:<\/strong> Diese Sorte zeichnet sich durch ihre Schnelligkeit aus und erm\u00f6glicht eine Ernte in nur 3-4 Wochen nach der Aussaat. Ideal f\u00fcr Schnellumtriebsplantagen oder st\u00e4dtische Anbaufl\u00e4chen. <\/li>\n<li><strong>Reich an N\u00e4hrstoffen:<\/strong> Dieser Rettich ist eine wichtige Quelle f\u00fcr Vitamin C, Antioxidantien und Ballaststoffe und hilft, das Immunsystem zu st\u00e4rken und eine ausgewogene Ern\u00e4hrung zu gew\u00e4hrleisten.<\/li>\n<li><strong>Einfacher Anbau:<\/strong> Der Saxa-Rettich ist sowohl f\u00fcr Anf\u00e4nger als auch f\u00fcr erfahrene G\u00e4rtner geeignet. Er passt sich an jede Art von Boden und Klima an und kann sogar in T\u00f6pfen angebaut werden.<\/li>\n<li><strong>Biologischer Anbau:<\/strong> Unser Saatgut ist zu 100% biologisch, frei von Pestiziden und chemischen D\u00fcngemitteln und garantiert einen nachhaltigen und umweltfreundlichen Anbau.<\/li>\n<\/ul>\n<p>F\u00fcllen Sie Ihren Garten mit Frische und Farbe mit <strong>Saxa Bio-Radieschen-Samen<\/strong>. Bauen Sie diese schnelle, knackige und nahrhafte Sorte an und genie\u00dfen Sie ihren k\u00f6stlichen Geschmack in nur wenigen Wochen - bestellen Sie noch heute und ernten Sie Frische direkt in Ihrem Garten!  <\/p>\n","protected":false},"featured_media":15460,"comment_status":"open","ping_status":"closed","template":"","meta":{"_acf_changed":false},"product_brand":[],"product_cat":[419,433],"product_tag":[],"woo-feed-brand":[],"class_list":{"0":"post-19755","1":"product","2":"type-product","3":"status-publish","4":"has-post-thumbnail","6":"product_cat-bio-saatgut","7":"product_cat-bio-wurzelsaatgut","9":"first","10":"outofstock","11":"taxable","12":"shipping-taxable","13":"purchasable","14":"product-type-simple"},"acf":[],"_links":{"self":[{"href":"https:\/\/cultivers.es\/de\/wp-json\/wp\/v2\/product\/19755","targetHints":{"allow":["GET"]}}],"collection":[{"href":"https:\/\/cultivers.es\/de\/wp-json\/wp\/v2\/product"}],"about":[{"href":"https:\/\/cultivers.es\/de\/wp-json\/wp\/v2\/types\/product"}],"replies":[{"embeddable":true,"href":"https:\/\/cultivers.es\/de\/wp-json\/wp\/v2\/comments?post=19755"}],"wp:featuredmedia":[{"embeddable":true,"href":"https:\/\/cultivers.es\/de\/wp-json\/wp\/v2\/media\/15460"}],"wp:attachment":[{"href":"https:\/\/cultivers.es\/de\/wp-json\/wp\/v2\/media?parent=19755"}],"wp:term":[{"taxonomy":"product_brand","embeddable":true,"href":"https:\/\/cultivers.es\/de\/wp-json\/wp\/v2\/product_brand?post=19755"},{"taxonomy":"product_cat","embeddable":true,"href":"https:\/\/cultivers.es\/de\/wp-json\/wp\/v2\/product_cat?post=19755"},{"taxonomy":"product_tag","embeddable":true,"href":"https:\/\/cultivers.es\/de\/wp-json\/wp\/v2\/product_tag?post=19755"},{"taxonomy":"woo-feed-brand","embeddable":true,"href":"https:\/\/cultivers.es\/de\/wp-json\/wp\/v2\/woo-feed-brand?post=19755"}],"curies":[{"name":"wp","href":"https:\/\/api.w.org\/{rel}","templated":true}]}}