{"id":19756,"date":"2022-10-07T07:08:06","date_gmt":"2022-10-07T07:08:06","guid":{"rendered":"https:\/\/cultivers.es\/abonos\/bio-schwarzer-rettich-wintersaatgut\/"},"modified":"2025-09-22T05:09:25","modified_gmt":"2025-09-22T05:09:25","slug":"radish-schwarz-schwarz-banana-saatgut-okologisch-okologisch","status":"publish","type":"product","link":"https:\/\/cultivers.es\/de\/d\u00fcngemittel\/radish-schwarz-schwarz-banana-saatgut-okologisch-okologisch\/","title":{"rendered":"Schwarzer Rettich Wintersaatgut"},"content":{"rendered":"","protected":false},"excerpt":{"rendered":"<p>Z\u00fcchten Sie eine einzigartige und widerstandsf\u00e4hige Sorte mit unseren <strong>Bio-Samen Schwarzer Winterrettich<\/strong>. Dieser Rettich zeichnet sich durch seine tiefschwarze Schale und sein knackiges wei\u00dfes Fruchtfleisch aus. Mit seinem intensiven, leicht pfeffrigen Geschmack eignet er sich perfekt f\u00fcr Salate, Essiggurken oder als Zutat in Eint\u00f6pfen und Suppen. Der Schwarze Winterrettich ist ideal f\u00fcr den Anbau in kalten Klimazonen und liefert in den k\u00fchleren Monaten des Jahres reiche Ernten, was ihn zu einer unverzichtbaren Wahl f\u00fcr einen ertragreichen Gem\u00fcsegarten macht.   <\/p>\n<ul>\n<li><strong>Schwarze Schale und wei\u00dfes Fleisch:<\/strong> Dieser Rettich bietet mit seiner dunklen Schale und seinem strahlend wei\u00dfen Inneren einen einzigartigen Kontrast, der ein auff\u00e4lliges Aussehen und einen unverwechselbaren Geschmack bietet.<\/li>\n<li><strong>Intensiver und w\u00fcrziger Geschmack:<\/strong> Sein starkes und leicht w\u00fcrziges Geschmacksprofil macht ihn zu einer vielseitigen Zutat f\u00fcr Salate, Suppen, Eint\u00f6pfe oder Pickles.<\/li>\n<li><strong>K\u00e4ltebest\u00e4ndig:<\/strong> Der Schwarze Winterrettich gedeiht auch unter winterlichen Bedingungen und ist ideal f\u00fcr sp\u00e4te Ernten in k\u00fchleren Klimazonen.<\/li>\n<li><strong>Schnellw\u00fcchsig:<\/strong> Obwohl diese Sorte winterhart ist, w\u00e4chst sie schnell, so dass Sie die ganze Saison \u00fcber kontinuierliche Ernten genie\u00dfen k\u00f6nnen.<\/li>\n<li><strong>Reich an N\u00e4hrstoffen:<\/strong> Dieser Rettich ist eine ausgezeichnete Quelle f\u00fcr Vitamin C, Antioxidantien und Ballaststoffe, die zu einer ausgewogenen Ern\u00e4hrung beitragen und das Immunsystem st\u00e4rken.<\/li>\n<li><strong>Einfacher Anbau:<\/strong> Die robuste und anpassungsf\u00e4hige Pflanze gedeiht in verschiedenen B\u00f6den und ist damit eine ausgezeichnete Wahl f\u00fcr Anf\u00e4nger und erfahrene G\u00e4rtner.<\/li>\n<li><strong>Biologischer Anbau:<\/strong> Unser Saatgut ist 100% biologisch, frei von Pestiziden und chemischen D\u00fcngemitteln und garantiert einen nachhaltigen und umweltfreundlichen Anbau.<\/li>\n<\/ul>\n<p>Bringen Sie Geschmack, Frische und Widerstandsf\u00e4higkeit in Ihren Garten mit den <strong>Bio-Radieschen Winterradieschen-Samen<\/strong>. Diese knackigen, gesunden Wurzeln sind perfekt f\u00fcr die k\u00e4lteren Monate und lassen sich leicht anbauen. Bestellen Sie noch heute und genie\u00dfen Sie eine Ernte voller Charakter und N\u00e4hrstoffe!  <\/p>\n","protected":false},"featured_media":15455,"comment_status":"open","ping_status":"closed","template":"","meta":{"_acf_changed":false},"product_brand":[],"product_cat":[419,433,1308],"product_tag":[1580],"woo-feed-brand":[],"class_list":{"0":"post-19756","1":"product","2":"type-product","3":"status-publish","4":"has-post-thumbnail","6":"product_cat-bio-saatgut","7":"product_cat-bio-wurzelsaatgut","8":"product_cat-empfehlen-sie-samen","9":"product_tag-oko","11":"first","12":"instock","13":"taxable","14":"shipping-taxable","15":"purchasable","16":"product-type-simple"},"acf":[],"_links":{"self":[{"href":"https:\/\/cultivers.es\/de\/wp-json\/wp\/v2\/product\/19756","targetHints":{"allow":["GET"]}}],"collection":[{"href":"https:\/\/cultivers.es\/de\/wp-json\/wp\/v2\/product"}],"about":[{"href":"https:\/\/cultivers.es\/de\/wp-json\/wp\/v2\/types\/product"}],"replies":[{"embeddable":true,"href":"https:\/\/cultivers.es\/de\/wp-json\/wp\/v2\/comments?post=19756"}],"wp:featuredmedia":[{"embeddable":true,"href":"https:\/\/cultivers.es\/de\/wp-json\/wp\/v2\/media\/15455"}],"wp:attachment":[{"href":"https:\/\/cultivers.es\/de\/wp-json\/wp\/v2\/media?parent=19756"}],"wp:term":[{"taxonomy":"product_brand","embeddable":true,"href":"https:\/\/cultivers.es\/de\/wp-json\/wp\/v2\/product_brand?post=19756"},{"taxonomy":"product_cat","embeddable":true,"href":"https:\/\/cultivers.es\/de\/wp-json\/wp\/v2\/product_cat?post=19756"},{"taxonomy":"product_tag","embeddable":true,"href":"https:\/\/cultivers.es\/de\/wp-json\/wp\/v2\/product_tag?post=19756"},{"taxonomy":"woo-feed-brand","embeddable":true,"href":"https:\/\/cultivers.es\/de\/wp-json\/wp\/v2\/woo-feed-brand?post=19756"}],"curies":[{"name":"wp","href":"https:\/\/api.w.org\/{rel}","templated":true}]}}