{"id":19759,"date":"2022-10-07T07:08:06","date_gmt":"2022-10-07T07:08:06","guid":{"rendered":"https:\/\/cultivers.es\/abonos\/bio-stuttgarter-zwiebelsaatgut\/"},"modified":"2025-09-22T05:09:07","modified_gmt":"2025-09-22T05:09:07","slug":"zwiebel-samen-stuttgarter-okologisch","status":"publish","type":"product","link":"https:\/\/cultivers.es\/de\/d\u00fcngemittel\/zwiebel-samen-stuttgarter-okologisch\/","title":{"rendered":"Biologisch-dynamische Stuttgarter Zwiebelsamen Demeter"},"content":{"rendered":"","protected":false},"excerpt":{"rendered":"<p>Z\u00fcchten Sie eine der beliebtesten und gesch\u00e4tztesten Zwiebelsorten mit unseren <strong>Bio Stuttgarter Zwiebelsamen<\/strong>. Die Stuttgarter Zwiebel ist bekannt f\u00fcr ihre runden, leicht abgeflachten Zwiebeln, ihren milden Geschmack und ihre hervorragende Lagerf\u00e4higkeit. Sie ist die ideale Wahl sowohl f\u00fcr den t\u00e4glichen Gebrauch in der K\u00fcche als auch f\u00fcr die Konservenherstellung. Diese Sorte ist einfach anzubauen, widerstandsf\u00e4hig und sehr ertragreich, was sie perfekt f\u00fcr jeden Bio-Garten macht.  <\/p>\n<ul>\n<li><strong>Kompakte und vielseitige Zwiebeln:<\/strong> Die Stuttgarter Zwiebel produziert mittelgro\u00dfe, runde und leicht abgeflachte Zwiebeln mit einer goldenen Schale, die das saftige, zart schmeckende Innere sch\u00fctzt.<\/li>\n<li><strong>Mildes und leichtes Aroma:<\/strong> Ideal f\u00fcr frische Salate, Eint\u00f6pfe, Braten oder jedes Rezept, in dem Zwiebeln verwendet werden, dank seines ausgewogenen Geschmacks, der andere Zutaten nicht \u00fcberlagert.<\/li>\n<li><strong>Lange Haltbarkeit:<\/strong> Diese Sorte ist f\u00fcr ihre hervorragende Lagerf\u00e4higkeit bekannt, so dass Sie Ihre Zwiebeln bei richtiger Lagerung noch Monate nach der Ernte genie\u00dfen k\u00f6nnen.<\/li>\n<li><strong>Widerstandsf\u00e4hig und ertragreich:<\/strong> Die Stuttgarter Zwiebel ist eine robuste Pflanze, die sich gut an verschiedene Klimazonen und B\u00f6den anpasst und eine reiche und hochwertige Ernte garantiert.<\/li>\n<li><strong>Reich an N\u00e4hrstoffen:<\/strong> Als nat\u00fcrliche Quelle von Antioxidantien, Vitamin C und gesundheitsf\u00f6rdernden Verbindungen tragen Zwiebeln zu einer ausgewogenen Ern\u00e4hrung bei und st\u00e4rken das Immunsystem.<\/li>\n<li><strong>Einfach anzubauen:<\/strong> Diese Sorte ist sowohl f\u00fcr Anf\u00e4nger als auch f\u00fcr erfahrene G\u00e4rtner geeignet. Sie ist resistent gegen Sch\u00e4dlinge und Krankheiten und garantiert einen einfachen und erfolgreichen Anbau.<\/li>\n<li><strong>Biologischer Anbau:<\/strong> Unser Saatgut ist zu 100% biologisch, frei von Pestiziden und Chemikalien und f\u00f6rdert einen nachhaltigen und umweltfreundlichen Anbau.<\/li>\n<\/ul>\n<p>F\u00fcllen Sie Ihren Garten mit Geschmack und Tradition mit <strong>Stuttgarter Bio-Zwiebelsamen<\/strong>. Bauen Sie diese klassische, robuste und leicht zu lagernde Sorte an und genie\u00dfen Sie ihre Vielseitigkeit in der K\u00fcche - bestellen Sie noch heute und ernten Sie hochwertige Zwiebeln direkt in Ihrem Garten!  <\/p>\n","protected":false},"featured_media":15440,"comment_status":"open","ping_status":"closed","template":"","meta":{"_acf_changed":false},"product_brand":[],"product_cat":[419,433,1304],"product_tag":[1384],"class_list":{"0":"post-19759","1":"product","2":"type-product","3":"status-publish","4":"has-post-thumbnail","6":"product_cat-bio-saatgut","7":"product_cat-bio-wurzelsaatgut","8":"product_cat-demeter-samen","9":"product_tag-demeter-de","11":"first","12":"instock","13":"taxable","14":"shipping-taxable","15":"purchasable","16":"product-type-variable"},"acf":[],"_links":{"self":[{"href":"https:\/\/cultivers.es\/de\/wp-json\/wp\/v2\/product\/19759","targetHints":{"allow":["GET"]}}],"collection":[{"href":"https:\/\/cultivers.es\/de\/wp-json\/wp\/v2\/product"}],"about":[{"href":"https:\/\/cultivers.es\/de\/wp-json\/wp\/v2\/types\/product"}],"replies":[{"embeddable":true,"href":"https:\/\/cultivers.es\/de\/wp-json\/wp\/v2\/comments?post=19759"}],"wp:featuredmedia":[{"embeddable":true,"href":"https:\/\/cultivers.es\/de\/wp-json\/wp\/v2\/media\/15440"}],"wp:attachment":[{"href":"https:\/\/cultivers.es\/de\/wp-json\/wp\/v2\/media?parent=19759"}],"wp:term":[{"taxonomy":"product_brand","embeddable":true,"href":"https:\/\/cultivers.es\/de\/wp-json\/wp\/v2\/product_brand?post=19759"},{"taxonomy":"product_cat","embeddable":true,"href":"https:\/\/cultivers.es\/de\/wp-json\/wp\/v2\/product_cat?post=19759"},{"taxonomy":"product_tag","embeddable":true,"href":"https:\/\/cultivers.es\/de\/wp-json\/wp\/v2\/product_tag?post=19759"}],"curies":[{"name":"wp","href":"https:\/\/api.w.org\/{rel}","templated":true}]}}