{"id":19760,"date":"2022-10-07T07:08:06","date_gmt":"2022-10-07T07:08:06","guid":{"rendered":"https:\/\/cultivers.es\/abonos\/bio-fruehstuecksradieschen-samen\/"},"modified":"2025-09-22T05:09:11","modified_gmt":"2025-09-22T05:09:11","slug":"radieschen-french-breakfast-okologische-bananen-samen","status":"publish","type":"product","link":"https:\/\/cultivers.es\/de\/d\u00fcngemittel\/radieschen-french-breakfast-okologische-bananen-samen\/","title":{"rendered":"Radieschen Samen f\u00fcr das franz\u00f6sische Fr\u00fchst\u00fcck"},"content":{"rendered":"","protected":false},"excerpt":{"rendered":"<p>Entdecken Sie den einzigartigen Geschmack und die Eleganz des <strong>franz\u00f6sischen Fr\u00fchst\u00fccksradieschens<\/strong> mit unseren <strong>Bio-Rettichsamen<\/strong>. Diese klassische Sorte, die f\u00fcr ihre l\u00e4ngliche Form und ihre zweifarbige Schale bekannt ist, kombiniert eine leuchtend rote Farbe mit einer wei\u00dfen Spitze und bringt Stil und Frische in Ihre Gerichte. Sein milder, leicht w\u00fcrziger Geschmack macht ihn perfekt f\u00fcr frische Salate, gesunde Snacks oder als Beilage. Sie ist au\u00dferdem eine schnell wachsende und leicht zu kultivierende Pflanze, ideal f\u00fcr st\u00e4dtische oder traditionelle G\u00e4rten.   <\/p>\n<ul>\n<li><strong>L\u00e4ngliche Form und attraktive Farbe:<\/strong> Dieser Rettich zeichnet sich durch seine l\u00e4ngliche, ovale Form und seine auffallend rote Schale mit wei\u00dfer Spitze aus, was ihn optisch attraktiv und dekorativ in der K\u00fcche macht.<\/li>\n<li><strong>Mildes und zartes Aroma:<\/strong> Mit seiner leicht w\u00fcrzigen Note ist der Franz\u00f6sische Fr\u00fchst\u00fccksrettich ideal zum Frischverzehr in Salaten, als gesunder Snack oder als Beilage zu Hauptgerichten.<\/li>\n<li><strong>Schnellw\u00fcchsig:<\/strong> Sie ist eine schnell wachsende Sorte, die bereits 3-4 Wochen nach der Aussaat geerntet werden kann, ideal f\u00fcr Obstg\u00e4rten mit schneller Fruchtfolge.<\/li>\n<li><strong>Einfacher Anbau:<\/strong> Dieser Radieschen ist robust und anpassungsf\u00e4hig und gedeiht in verschiedenen B\u00f6den und Klimazonen, so dass er f\u00fcr Anf\u00e4nger und erfahrene G\u00e4rtner gleicherma\u00dfen geeignet ist.<\/li>\n<li><strong>Reich an N\u00e4hrstoffen:<\/strong> Rettich ist eine ausgezeichnete Quelle f\u00fcr Vitamin C, Ballaststoffe und Antioxidantien und tr\u00e4gt zu einer gesunden, ausgewogenen Ern\u00e4hrung bei.<\/li>\n<li><strong>Biologischer Anbau:<\/strong> Unser Saatgut ist zu 100% biologisch, frei von Pestiziden und Chemikalien und garantiert eine umweltfreundliche und gesunde Ernte f\u00fcr Ihre Familie.<\/li>\n<\/ul>\n<p>F\u00fcllen Sie Ihren Garten mit Farbe, Frische und Geschmack mit <strong>Bio-Rettichsamen f\u00fcr das franz\u00f6sische Fr\u00fchst\u00fcck<\/strong>. Bauen Sie diese klassische Sorte an und genie\u00dfen Sie schnelle, gesunde und k\u00f6stliche Ernten - bestellen Sie noch heute und verwandeln Sie Ihre Gerichte mit der frischen und einzigartigen Note dieses besonderen Radieschens!  <\/p>\n","protected":false},"featured_media":15450,"comment_status":"open","ping_status":"closed","template":"","meta":{"_acf_changed":false},"product_brand":[],"product_cat":[419,433],"product_tag":[],"woo-feed-brand":[],"class_list":{"0":"post-19760","1":"product","2":"type-product","3":"status-publish","4":"has-post-thumbnail","6":"product_cat-bio-saatgut","7":"product_cat-bio-wurzelsaatgut","9":"first","10":"outofstock","11":"sale","12":"taxable","13":"shipping-taxable","14":"purchasable","15":"product-type-simple"},"acf":[],"_links":{"self":[{"href":"https:\/\/cultivers.es\/de\/wp-json\/wp\/v2\/product\/19760","targetHints":{"allow":["GET"]}}],"collection":[{"href":"https:\/\/cultivers.es\/de\/wp-json\/wp\/v2\/product"}],"about":[{"href":"https:\/\/cultivers.es\/de\/wp-json\/wp\/v2\/types\/product"}],"replies":[{"embeddable":true,"href":"https:\/\/cultivers.es\/de\/wp-json\/wp\/v2\/comments?post=19760"}],"wp:featuredmedia":[{"embeddable":true,"href":"https:\/\/cultivers.es\/de\/wp-json\/wp\/v2\/media\/15450"}],"wp:attachment":[{"href":"https:\/\/cultivers.es\/de\/wp-json\/wp\/v2\/media?parent=19760"}],"wp:term":[{"taxonomy":"product_brand","embeddable":true,"href":"https:\/\/cultivers.es\/de\/wp-json\/wp\/v2\/product_brand?post=19760"},{"taxonomy":"product_cat","embeddable":true,"href":"https:\/\/cultivers.es\/de\/wp-json\/wp\/v2\/product_cat?post=19760"},{"taxonomy":"product_tag","embeddable":true,"href":"https:\/\/cultivers.es\/de\/wp-json\/wp\/v2\/product_tag?post=19760"},{"taxonomy":"woo-feed-brand","embeddable":true,"href":"https:\/\/cultivers.es\/de\/wp-json\/wp\/v2\/woo-feed-brand?post=19760"}],"curies":[{"name":"wp","href":"https:\/\/api.w.org\/{rel}","templated":true}]}}