{"id":19769,"date":"2022-10-07T07:08:06","date_gmt":"2022-10-07T07:08:06","guid":{"rendered":"https:\/\/cultivers.es\/abonos\/bio-chioggia-rote-bete-samen\/"},"modified":"2025-09-22T05:09:40","modified_gmt":"2025-09-22T05:09:40","slug":"saatgut-rote-bete-chioggia-okologisch","status":"publish","type":"product","link":"https:\/\/cultivers.es\/de\/d\u00fcngemittel\/saatgut-rote-bete-chioggia-okologisch\/","title":{"rendered":"Rote Bete Samen Chioggia"},"content":{"rendered":"","protected":false},"excerpt":{"rendered":"<p>Z\u00fcchten Sie eine einzigartige und auff\u00e4llige Rote Bete mit unseren <strong>Bio Chioggia Rote Bete-Samen<\/strong>. Diese traditionelle italienische Sorte ist f\u00fcr ihr spektakul\u00e4res rot-wei\u00dfes, konzentrisch ringf\u00f6rmiges Inneres bekannt, das Ihren Gerichten eine einzigartige optische Note verleiht. Ihr s\u00fc\u00dfer und milder Geschmack sowie ihre zarte Textur machen sie zu einer idealen Wahl f\u00fcr Salate, Suppen, Eint\u00f6pfe oder auch zum Braten im Ofen. Die Chioggia-Rote Bete ist leicht anzubauen und sehr nahrhaft. Sie wird ein Star in Ihrem Garten und in Ihrer K\u00fcche sein.   <\/p>\n<ul>\n<li><strong>Dekoratives Innenleben:<\/strong> Die Chioggia Rote Bete zeichnet sich durch ihr attraktives Innendesign aus roten und wei\u00dfen Ringen aus, die nicht nur Ihre Gerichte versch\u00f6nern, sondern auch durch ihre Originalit\u00e4t auffallen.<\/li>\n<li><strong>S\u00fc\u00dfer und vielseitiger Geschmack:<\/strong> Sein milder, leicht s\u00fc\u00dfer Geschmack ist ideal f\u00fcr eine Vielzahl von Zubereitungen, von frischen Salaten bis zu ged\u00fcnsteten, gebratenen oder Suppen.<\/li>\n<li><strong>Schnellw\u00fcchsig:<\/strong> Es handelt sich um eine schnell wachsende Sorte, mit der Sie in wenigen Wochen zarte und nahrhafte Wurzeln genie\u00dfen k\u00f6nnen. Sie k\u00f6nnen auch die jungen Bl\u00e4tter f\u00fcr Salate ernten. <\/li>\n<li><strong>Reich an N\u00e4hrstoffen:<\/strong> Chioggia Rote Bete ist eine ausgezeichnete Quelle f\u00fcr die Vitamine A und C, Eisen, Kalium und Antioxidantien, die der Gesundheit sehr zutr\u00e4glich sind.<\/li>\n<li><strong>Einfacher Anbau:<\/strong> Sie passt sich gut an verschiedene Bodenarten und Klimazonen an und ist winterhart, so dass sie sowohl f\u00fcr Anf\u00e4nger als auch f\u00fcr erfahrene G\u00e4rtner geeignet ist.<\/li>\n<li><strong>Biologischer Anbau:<\/strong> Unser Saatgut ist zu 100% biologisch, frei von Pestiziden und chemischen D\u00fcngemitteln und f\u00f6rdert einen nachhaltigen und umweltfreundlichen Anbau.<\/li>\n<\/ul>\n<p>F\u00fcllen Sie Ihren Garten mit Farbe, Frische und Geschmack mit den <strong>Bio Chioggia Rote Bete Samen<\/strong>. Bauen Sie diese spektakul\u00e4re Sorte an und genie\u00dfen Sie gesunde, optisch ansprechende und k\u00f6stliche Ernten - bestellen Sie noch heute und genie\u00dfen Sie diese einzigartige R\u00fcbe direkt in Ihrem Garten!  <\/p>\n","protected":false},"featured_media":15465,"comment_status":"open","ping_status":"closed","template":"","meta":{"_acf_changed":false},"product_brand":[],"product_cat":[419,433,1308],"product_tag":[1580],"woo-feed-brand":[],"class_list":{"0":"post-19769","1":"product","2":"type-product","3":"status-publish","4":"has-post-thumbnail","6":"product_cat-bio-saatgut","7":"product_cat-bio-wurzelsaatgut","8":"product_cat-empfehlen-sie-samen","9":"product_tag-oko","11":"first","12":"outofstock","13":"taxable","14":"shipping-taxable","15":"purchasable","16":"product-type-simple"},"acf":[],"_links":{"self":[{"href":"https:\/\/cultivers.es\/de\/wp-json\/wp\/v2\/product\/19769","targetHints":{"allow":["GET"]}}],"collection":[{"href":"https:\/\/cultivers.es\/de\/wp-json\/wp\/v2\/product"}],"about":[{"href":"https:\/\/cultivers.es\/de\/wp-json\/wp\/v2\/types\/product"}],"replies":[{"embeddable":true,"href":"https:\/\/cultivers.es\/de\/wp-json\/wp\/v2\/comments?post=19769"}],"wp:featuredmedia":[{"embeddable":true,"href":"https:\/\/cultivers.es\/de\/wp-json\/wp\/v2\/media\/15465"}],"wp:attachment":[{"href":"https:\/\/cultivers.es\/de\/wp-json\/wp\/v2\/media?parent=19769"}],"wp:term":[{"taxonomy":"product_brand","embeddable":true,"href":"https:\/\/cultivers.es\/de\/wp-json\/wp\/v2\/product_brand?post=19769"},{"taxonomy":"product_cat","embeddable":true,"href":"https:\/\/cultivers.es\/de\/wp-json\/wp\/v2\/product_cat?post=19769"},{"taxonomy":"product_tag","embeddable":true,"href":"https:\/\/cultivers.es\/de\/wp-json\/wp\/v2\/product_tag?post=19769"},{"taxonomy":"woo-feed-brand","embeddable":true,"href":"https:\/\/cultivers.es\/de\/wp-json\/wp\/v2\/woo-feed-brand?post=19769"}],"curies":[{"name":"wp","href":"https:\/\/api.w.org\/{rel}","templated":true}]}}