{"id":19770,"date":"2022-10-07T07:08:06","date_gmt":"2022-10-07T07:08:06","guid":{"rendered":"https:\/\/cultivers.es\/abonos\/weisser-rettich-eiszapfen-bio-saatgut\/"},"modified":"2025-09-22T05:09:34","modified_gmt":"2025-09-22T05:09:34","slug":"rettich-weiser-zapfen-okologiesaatgut","status":"publish","type":"product","link":"https:\/\/cultivers.es\/de\/d\u00fcngemittel\/rettich-weiser-zapfen-okologiesaatgut\/","title":{"rendered":"Wei\u00dfer Rettich Samen Eiszapfen"},"content":{"rendered":"","protected":false},"excerpt":{"rendered":"<p>Entdecken Sie die Eleganz und den einzigartigen Geschmack des <strong>Icicle White Radieschens<\/strong> mit unseren <strong>Bio-Rettichsamen<\/strong>. Diese Sorte zeichnet sich durch ihre l\u00e4ngliche Form, wei\u00dfe Schale und knackige Textur aus. Sein milder Geschmack mit einem Hauch von Sch\u00e4rfe macht ihn zu einer idealen Zutat f\u00fcr Salate, Beilagen oder als gesunden Snack. Der leicht zu kultivierende und schnell wachsende Icicle White Radish ist eine ausgezeichnete Wahl f\u00fcr alle, die eine schnelle und frische Ernte w\u00fcnschen.   <\/p>\n<p><strong>Hauptmerkmale:<\/strong><strong>L\u00e4ngliche Form und rein wei\u00dfe Farbe:<\/strong> Dieser Rettich bildet d\u00fcnne, l\u00e4ngliche Wurzeln mit einer gl\u00e4nzenden wei\u00dfen Haut, die Ihren Gerichten eine raffinierte Note verleiht.<\/p>\n<ul>\n<li><strong>Milder und delikater Geschmack:<\/strong> Ihr Geschmack ist weniger scharf als der anderer Sorten, so dass sie sich perfekt f\u00fcr den rohen Genuss in Salaten, Essiggurken oder als Beilage zu Hauptgerichten eignet.<\/li>\n<li><strong>Schnelles Wachstum:<\/strong> Icicle White Radish w\u00e4chst schnell, so dass er in nur 4-5 Wochen geerntet werden kann, ideal f\u00fcr schnelle Fruchtfolgen.<\/li>\n<li><strong>Reich an N\u00e4hrstoffen:<\/strong> Er ist eine hervorragende Quelle f\u00fcr Vitamin C, Antioxidantien und Ballaststoffe, die der Gesundheit dienen und zu einer ausgewogenen Ern\u00e4hrung beitragen.<\/li>\n<li><strong>Einfacher Anbau:<\/strong> Diese robuste und anpassungsf\u00e4hige Sorte gedeiht in verschiedenen B\u00f6den und Klimazonen. Sie ist sowohl f\u00fcr traditionelle als auch f\u00fcr st\u00e4dtische Containerg\u00e4rten geeignet. <\/li>\n<li><strong>Biologischer Anbau:<\/strong> Unser Saatgut ist zu 100% biologisch, frei von Pestiziden und chemischen D\u00fcngemitteln und garantiert einen nachhaltigen und umweltfreundlichen Anbau.<\/li>\n<\/ul>\n<p>Bringen Sie Frische und Eleganz in Ihren Garten mit <strong>Icicle Organic White Radish Seeds<\/strong>. Diese leicht zu z\u00fcchtenden, schnell zu erntenden und k\u00f6stlichen Wurzeln sind eine ideale Erg\u00e4nzung f\u00fcr Ihre K\u00fcche. Bestellen Sie noch heute und genie\u00dfen Sie die Qualit\u00e4t und Frische dieses besonderen Rettichs direkt in Ihrem Garten!  <\/p>\n","protected":false},"featured_media":15445,"comment_status":"open","ping_status":"closed","template":"","meta":{"_acf_changed":false},"product_brand":[],"product_cat":[419,433],"product_tag":[1580],"woo-feed-brand":[],"class_list":{"0":"post-19770","1":"product","2":"type-product","3":"status-publish","4":"has-post-thumbnail","6":"product_cat-bio-saatgut","7":"product_cat-bio-wurzelsaatgut","8":"product_tag-oko","10":"first","11":"instock","12":"taxable","13":"shipping-taxable","14":"purchasable","15":"product-type-simple"},"acf":[],"_links":{"self":[{"href":"https:\/\/cultivers.es\/de\/wp-json\/wp\/v2\/product\/19770","targetHints":{"allow":["GET"]}}],"collection":[{"href":"https:\/\/cultivers.es\/de\/wp-json\/wp\/v2\/product"}],"about":[{"href":"https:\/\/cultivers.es\/de\/wp-json\/wp\/v2\/types\/product"}],"replies":[{"embeddable":true,"href":"https:\/\/cultivers.es\/de\/wp-json\/wp\/v2\/comments?post=19770"}],"wp:featuredmedia":[{"embeddable":true,"href":"https:\/\/cultivers.es\/de\/wp-json\/wp\/v2\/media\/15445"}],"wp:attachment":[{"href":"https:\/\/cultivers.es\/de\/wp-json\/wp\/v2\/media?parent=19770"}],"wp:term":[{"taxonomy":"product_brand","embeddable":true,"href":"https:\/\/cultivers.es\/de\/wp-json\/wp\/v2\/product_brand?post=19770"},{"taxonomy":"product_cat","embeddable":true,"href":"https:\/\/cultivers.es\/de\/wp-json\/wp\/v2\/product_cat?post=19770"},{"taxonomy":"product_tag","embeddable":true,"href":"https:\/\/cultivers.es\/de\/wp-json\/wp\/v2\/product_tag?post=19770"},{"taxonomy":"woo-feed-brand","embeddable":true,"href":"https:\/\/cultivers.es\/de\/wp-json\/wp\/v2\/woo-feed-brand?post=19770"}],"curies":[{"name":"wp","href":"https:\/\/api.w.org\/{rel}","templated":true}]}}