{"id":19785,"date":"2022-10-07T07:08:06","date_gmt":"2022-10-07T07:08:06","guid":{"rendered":"https:\/\/cultivers.es\/abonos\/bio-cerbiatta-salat-samen\/"},"modified":"2025-09-22T05:07:21","modified_gmt":"2025-09-22T05:07:21","slug":"bio-kerbiatta-kerbiatta-salat-samen","status":"publish","type":"product","link":"https:\/\/cultivers.es\/de\/d\u00fcngemittel\/bio-kerbiatta-kerbiatta-salat-samen\/","title":{"rendered":"Cerbiatta Kopfsalat-Samen"},"content":{"rendered":"","protected":false},"excerpt":{"rendered":"<p>Z\u00fcchten Sie eine einzigartige und k\u00f6stliche Sorte mit unseren <strong>Bio-Cerbiatta-Salatsamen<\/strong>. Dieser Salat mit seinen l\u00e4nglichen, krausen, hellgr\u00fcnen Bl\u00e4ttern ist ideal f\u00fcr frische, leichte Salate. Seine zarte Textur und sein delikater Geschmack machen ihn zu einer perfekten Wahl f\u00fcr alle, die eine frische, nahrhafte und vielseitige Zutat f\u00fcr ihre K\u00fcche suchen. Sie ist au\u00dferdem leicht anzubauen und an verschiedene klimatische Bedingungen angepasst, ideal f\u00fcr gro\u00dfe und kleine G\u00e4rten.   <\/p>\n<ul>\n<li><strong>L\u00e4ngliche und gekr\u00e4uselte Bl\u00e4tter:<\/strong> Cerbiatta-Salat hat d\u00fcnne, zarte, gekr\u00e4uselte Bl\u00e4tter mit einer attraktiven hellgr\u00fcnen Farbe, die Ihren Salaten und Gerichten Frische und Stil verleihen.<\/li>\n<li><strong>Mildes und zartes Aroma:<\/strong> Diese Sorte hat einen frischen und leichten Geschmack, ideal um sie roh in Salaten zu genie\u00dfen, als Grundlage f\u00fcr Wraps oder als Beilage in jedem Rezept.<\/li>\n<li><strong>Widerstandsf\u00e4higkeit und Anpassungsf\u00e4higkeit:<\/strong> Cerbiatta-Salat ist widerstandsf\u00e4hig gegen\u00fcber unterschiedlichen Bedingungen und hat eine hohe Anpassungsf\u00e4higkeit, die den Anbau in verschiedenen Jahreszeiten und Klimazonen erm\u00f6glicht.<\/li>\n<li><strong>Reich an N\u00e4hrstoffen:<\/strong> Er ist eine ausgezeichnete Quelle f\u00fcr die Vitamine A, C und K, Antioxidantien und essentielle Mineralien wie Eisen und tr\u00e4gt zu einer gesunden und ausgewogenen Ern\u00e4hrung bei.<\/li>\n<li><strong>Einfacher Anbau:<\/strong> Es ist ein schnell wachsender und einfach zu handhabender Salat, der sowohl f\u00fcr Anf\u00e4nger als auch f\u00fcr fortgeschrittene G\u00e4rtner geeignet ist und sowohl im Garten als auch in T\u00f6pfen angebaut werden kann.<\/li>\n<li><strong>Biologischer Anbau:<\/strong> Unser Saatgut ist 100% biologisch, frei von Pestiziden und Chemikalien und garantiert eine umweltfreundliche und gesunde Ernte f\u00fcr Sie und Ihre Familie.<\/li>\n<\/ul>\n<p>Bringen Sie Frische und Raffinesse in Ihren Garten mit den <strong>Bio-Salatsamen Cerbiatta<\/strong>. Perfekt f\u00fcr alle, die ein vielseitiges, nahrhaftes und leicht anzubauenes Gem\u00fcse suchen. Bestellen Sie noch heute und genie\u00dfen Sie die Frische und den einzigartigen Geschmack dieses k\u00f6stlichen Salats direkt in Ihrem Garten!  <\/p>\n","protected":false},"featured_media":15615,"comment_status":"open","ping_status":"closed","template":"","meta":{"_acf_changed":false},"product_brand":[],"product_cat":[419,476],"product_tag":[1580],"class_list":{"0":"post-19785","1":"product","2":"type-product","3":"status-publish","4":"has-post-thumbnail","6":"product_cat-bio-saatgut","7":"product_cat-bio-saatgut-fur-blattgemuse","8":"product_tag-oko","10":"first","11":"instock","12":"sale","13":"taxable","14":"shipping-taxable","15":"purchasable","16":"product-type-simple"},"acf":[],"_links":{"self":[{"href":"https:\/\/cultivers.es\/de\/wp-json\/wp\/v2\/product\/19785","targetHints":{"allow":["GET"]}}],"collection":[{"href":"https:\/\/cultivers.es\/de\/wp-json\/wp\/v2\/product"}],"about":[{"href":"https:\/\/cultivers.es\/de\/wp-json\/wp\/v2\/types\/product"}],"replies":[{"embeddable":true,"href":"https:\/\/cultivers.es\/de\/wp-json\/wp\/v2\/comments?post=19785"}],"wp:featuredmedia":[{"embeddable":true,"href":"https:\/\/cultivers.es\/de\/wp-json\/wp\/v2\/media\/15615"}],"wp:attachment":[{"href":"https:\/\/cultivers.es\/de\/wp-json\/wp\/v2\/media?parent=19785"}],"wp:term":[{"taxonomy":"product_brand","embeddable":true,"href":"https:\/\/cultivers.es\/de\/wp-json\/wp\/v2\/product_brand?post=19785"},{"taxonomy":"product_cat","embeddable":true,"href":"https:\/\/cultivers.es\/de\/wp-json\/wp\/v2\/product_cat?post=19785"},{"taxonomy":"product_tag","embeddable":true,"href":"https:\/\/cultivers.es\/de\/wp-json\/wp\/v2\/product_tag?post=19785"}],"curies":[{"name":"wp","href":"https:\/\/api.w.org\/{rel}","templated":true}]}}