{"id":19787,"date":"2022-10-07T07:08:06","date_gmt":"2022-10-07T07:08:06","guid":{"rendered":"https:\/\/cultivers.es\/abonos\/rodelika-bio-moehrensaatgut\/"},"modified":"2025-09-22T04:41:01","modified_gmt":"2025-09-22T04:41:01","slug":"bio-karotten-rodelika-samen","status":"publish","type":"product","link":"https:\/\/cultivers.es\/de\/d\u00fcngemittel\/bio-karotten-rodelika-samen\/","title":{"rendered":"Biodynamische Rodelika M\u00f6hrensamen Demeter"},"content":{"rendered":"","protected":false},"excerpt":{"rendered":"<p>Z\u00fcchten Sie eine der schmackhaftesten und nahrhaftesten Karottensorten mit unseren <strong>Rodelika Bio Karottensamen<\/strong>. Diese tief orangefarbene Karotte ist f\u00fcr ihre nat\u00fcrliche S\u00fc\u00dfe und knackige Textur bekannt und eignet sich ideal f\u00fcr Salate, Eint\u00f6pfe, S\u00e4fte oder als gesunder Snack. Rodelika ist eine pflegeleichte, ertragreiche und widerstandsf\u00e4hige Sorte, perfekt f\u00fcr alle, die Qualit\u00e4t und Geschmack in ihrem Garten suchen.  <\/p>\n<ul>\n<li><strong>Gro\u00dfe, gleichm\u00e4\u00dfige Wurzeln:<\/strong> Die Rodelika Karotte produziert lange, gerade Wurzeln mit einer leuchtend orangen Farbe und einem s\u00fc\u00dfen, saftigen Inneren, ideal f\u00fcr eine Vielzahl von Rezepten.<\/li>\n<li><strong>S\u00fc\u00dfer und ausgewogener Geschmack:<\/strong> Mit ihrer charakteristischen S\u00fc\u00dfe und ihrer knackigen Textur eignet sich diese Karotte sowohl f\u00fcr den rohen als auch f\u00fcr den gekochten Verzehr in gesunden Gerichten.<\/li>\n<li><strong>Schnelles Wachstum und hoher Ertrag:<\/strong> Diese Sorte zeichnet sich durch ihren Ertrag und ihre Widerstandsf\u00e4higkeit aus, was eine reiche und hochwertige Ernte gew\u00e4hrleistet.<\/li>\n<li><strong>Reich an N\u00e4hrstoffen:<\/strong> Rodelika ist eine hervorragende Quelle f\u00fcr Vitamin A, Antioxidantien und Ballaststoffe, was sie zu einem gesunden Nahrungsmittel f\u00fcr die ganze Familie macht.<\/li>\n<li><strong>Einfach anzubauen:<\/strong> Diese M\u00f6hre ist an verschiedene Bodentypen und Klimazonen angepasst. Sie ist resistent gegen Sch\u00e4dlinge und Krankheiten, ideal f\u00fcr Anf\u00e4nger und erfahrene G\u00e4rtner.<\/li>\n<li><strong>Biologischer Anbau:<\/strong> Unser Saatgut ist 100% biologisch, frei von Pestiziden und chemischen Produkten und garantiert einen nachhaltigen und umweltfreundlichen Anbau.<\/li>\n<\/ul>\n<p>F\u00fcllen Sie Ihren Gem\u00fcsegarten mit S\u00fc\u00dfe und Frische mit den <strong>Bio-M\u00f6hrensamen von Rodelika<\/strong>. Genie\u00dfen Sie knackige, nahrhafte Karotten aus einfachem und nachhaltigem Anbau - bestellen Sie noch heute und ernten Sie Gesundheit und Geschmack direkt aus Ihrem Garten!  <\/p>\n","protected":false},"featured_media":15430,"comment_status":"open","ping_status":"closed","template":"","meta":{"_acf_changed":false},"product_brand":[],"product_cat":[419,433,1304],"product_tag":[1384],"class_list":{"0":"post-19787","1":"product","2":"type-product","3":"status-publish","4":"has-post-thumbnail","6":"product_cat-bio-saatgut","7":"product_cat-bio-wurzelsaatgut","8":"product_cat-demeter-samen","9":"product_tag-demeter-de","11":"first","12":"instock","13":"taxable","14":"shipping-taxable","15":"purchasable","16":"product-type-simple"},"acf":[],"_links":{"self":[{"href":"https:\/\/cultivers.es\/de\/wp-json\/wp\/v2\/product\/19787","targetHints":{"allow":["GET"]}}],"collection":[{"href":"https:\/\/cultivers.es\/de\/wp-json\/wp\/v2\/product"}],"about":[{"href":"https:\/\/cultivers.es\/de\/wp-json\/wp\/v2\/types\/product"}],"replies":[{"embeddable":true,"href":"https:\/\/cultivers.es\/de\/wp-json\/wp\/v2\/comments?post=19787"}],"wp:featuredmedia":[{"embeddable":true,"href":"https:\/\/cultivers.es\/de\/wp-json\/wp\/v2\/media\/15430"}],"wp:attachment":[{"href":"https:\/\/cultivers.es\/de\/wp-json\/wp\/v2\/media?parent=19787"}],"wp:term":[{"taxonomy":"product_brand","embeddable":true,"href":"https:\/\/cultivers.es\/de\/wp-json\/wp\/v2\/product_brand?post=19787"},{"taxonomy":"product_cat","embeddable":true,"href":"https:\/\/cultivers.es\/de\/wp-json\/wp\/v2\/product_cat?post=19787"},{"taxonomy":"product_tag","embeddable":true,"href":"https:\/\/cultivers.es\/de\/wp-json\/wp\/v2\/product_tag?post=19787"}],"curies":[{"name":"wp","href":"https:\/\/api.w.org\/{rel}","templated":true}]}}