{"id":19789,"date":"2022-10-07T07:08:06","date_gmt":"2022-10-07T07:08:06","guid":{"rendered":"https:\/\/cultivers.es\/abonos\/erbsen-norli-bio-erbsen-samen\/"},"modified":"2025-09-22T04:41:19","modified_gmt":"2025-09-22T04:41:19","slug":"erbsen-erbsen-saatgut-norli-okologie","status":"publish","type":"product","link":"https:\/\/cultivers.es\/de\/d\u00fcngemittel\/erbsen-erbsen-saatgut-norli-okologie\/","title":{"rendered":"Norli Erbsen-Samen"},"content":{"rendered":"","protected":false},"excerpt":{"rendered":"<p>Die <strong>Erbse Norli<\/strong> ist eine fr\u00fche, ertragreiche Sorte, mit der Sie frische, knackige Erbsen in Ihren Rezepten genie\u00dfen k\u00f6nnen. Ihre flachen, s\u00fc\u00dfen Schoten sind ideal, um sie jung zu ernten und sie in Salaten, Pfannengerichten oder als Beilage zu gesunden Gerichten zu verwenden. Dank ihres schnellen Wachstums und ihrer einfachen Kultivierung ist sie eine ausgezeichnete Wahl f\u00fcr alle Arten von Gem\u00fcseg\u00e4rten.  <\/p>\n<p><strong>S\u00fc\u00dfe flache H\u00fclsen:<\/strong> Die Norli Erbse produziert zarte, saftige, s\u00fc\u00df schmeckende H\u00fclsen, die sich perfekt zum Frischverzehr oder zum Kochen eignen.<\/p>\n<p><strong>Milder und vielseitiger Geschmack:<\/strong> Mit ihrem zarten Geschmack ist diese Sorte ideal f\u00fcr Salate, Eint\u00f6pfe, Pfannengerichte und andere gesunde Zubereitungen.<\/p>\n<p><strong>Schnelles Wachstum und reiche Produktion:<\/strong> Ihr Wachstumszyklus ist schnell und erm\u00f6glicht fr\u00fche und kontinuierliche Ernten w\u00e4hrend der gesamten Saison.<\/p>\n<p><strong>Reich an N\u00e4hrstoffen:<\/strong> Diese Erbse ist eine gro\u00dfartige Quelle f\u00fcr pflanzliches Eiwei\u00df, Ballaststoffe, die Vitamine A und C sowie wichtige Mineralien wie Eisen und Kalium.<\/p>\n<p><strong>Einfacher Anbau:<\/strong> Diese Sorte ist robust und anpassungsf\u00e4hig an verschiedene Klimazonen und B\u00f6den. Sie ist ideal f\u00fcr Anf\u00e4nger und erfahrene G\u00e4rtner.<\/p>\n<p><strong>Biologischer Anbau:<\/strong> Das Saatgut ist zu 100% biologisch und garantiert einen Anbau ohne Pestizide und chemische Produkte, der die Umwelt schont und die Artenvielfalt f\u00f6rdert.<\/p>\n<p>Genie\u00dfen Sie die Frische und S\u00fc\u00dfe der <strong>Bio Norli Erbsen<\/strong> direkt aus Ihrem Garten. Bestellen Sie noch heute und f\u00fcgen Sie diese k\u00f6stliche und nahrhafte Sorte Ihren Kulturen hinzu! <\/p>\n","protected":false},"featured_media":50188,"comment_status":"open","ping_status":"closed","template":"","meta":{"_acf_changed":false},"product_brand":[],"product_cat":[757,419],"product_tag":[1580],"woo-feed-brand":[],"class_list":{"0":"post-19789","1":"product","2":"type-product","3":"status-publish","4":"has-post-thumbnail","6":"product_cat-bio-hulsenfrucht-samen","7":"product_cat-bio-saatgut","8":"product_tag-oko","10":"first","11":"instock","12":"taxable","13":"shipping-taxable","14":"purchasable","15":"product-type-simple"},"acf":[],"_links":{"self":[{"href":"https:\/\/cultivers.es\/de\/wp-json\/wp\/v2\/product\/19789","targetHints":{"allow":["GET"]}}],"collection":[{"href":"https:\/\/cultivers.es\/de\/wp-json\/wp\/v2\/product"}],"about":[{"href":"https:\/\/cultivers.es\/de\/wp-json\/wp\/v2\/types\/product"}],"replies":[{"embeddable":true,"href":"https:\/\/cultivers.es\/de\/wp-json\/wp\/v2\/comments?post=19789"}],"wp:featuredmedia":[{"embeddable":true,"href":"https:\/\/cultivers.es\/de\/wp-json\/wp\/v2\/media\/50188"}],"wp:attachment":[{"href":"https:\/\/cultivers.es\/de\/wp-json\/wp\/v2\/media?parent=19789"}],"wp:term":[{"taxonomy":"product_brand","embeddable":true,"href":"https:\/\/cultivers.es\/de\/wp-json\/wp\/v2\/product_brand?post=19789"},{"taxonomy":"product_cat","embeddable":true,"href":"https:\/\/cultivers.es\/de\/wp-json\/wp\/v2\/product_cat?post=19789"},{"taxonomy":"product_tag","embeddable":true,"href":"https:\/\/cultivers.es\/de\/wp-json\/wp\/v2\/product_tag?post=19789"},{"taxonomy":"woo-feed-brand","embeddable":true,"href":"https:\/\/cultivers.es\/de\/wp-json\/wp\/v2\/woo-feed-brand?post=19789"}],"curies":[{"name":"wp","href":"https:\/\/api.w.org\/{rel}","templated":true}]}}