{"id":19790,"date":"2022-10-07T07:08:06","date_gmt":"2022-10-07T07:08:06","guid":{"rendered":"https:\/\/cultivers.es\/abonos\/bio-kelvedon-wundererbsen-samen\/"},"modified":"2025-09-22T04:41:27","modified_gmt":"2025-09-22T04:41:27","slug":"erbsen-kelvedon-wonde-okologische-erbsen-saatgut","status":"publish","type":"product","link":"https:\/\/cultivers.es\/de\/d\u00fcngemittel\/erbsen-kelvedon-wonde-okologische-erbsen-saatgut\/","title":{"rendered":"Kelvedon Wunder-Erbsen-Samen"},"content":{"rendered":"","protected":false},"excerpt":{"rendered":"<p><strong>Kelvedon Wonder Pea<\/strong> ist eine klassische Sorte, die f\u00fcr ihren hervorragenden Geschmack, ihre Produktivit\u00e4t und ihre Vielseitigkeit bekannt ist. Mit Schoten voller zarter, s\u00fc\u00dfer Erbsen ist diese Sorte ideal f\u00fcr Salate, Eint\u00f6pfe, Pfannengerichte oder zum Genie\u00dfen frisch geernteter Fr\u00fcchte. Sie ist einfach und schnell zu kultivieren und damit eine ideale Wahl f\u00fcr jeden Bio-Garten.  <\/p>\n<p><strong>Volle und schmackhafte H\u00fclsen:<\/strong> Kelvedon Wonder Pea produziert kompakte H\u00fclsen mit s\u00fc\u00dfen, zarten Erbsen von ausgezeichneter Qualit\u00e4t.<\/p>\n<p><strong>S\u00fc\u00dfer und zarter Geschmack:<\/strong> Sein milder und leicht s\u00fc\u00dfer Geschmack macht ihn perfekt f\u00fcr den Frischverzehr, gekocht oder in verschiedenen gesunden Rezepten.<\/p>\n<p><strong>Hohe Produktivit\u00e4t:<\/strong> Diese Sorte zeichnet sich durch ihre F\u00e4higkeit aus, in kurzer Zeit reiche Ernten zu erzielen.<\/p>\n<p><strong>Widerstandsf\u00e4hig und vielseitig:<\/strong> Kelvedon Wonder ist eine widerstandsf\u00e4hige Pflanze, die an eine Vielzahl von Klimazonen angepasst ist und ein erfolgreiches Wachstum in einer Vielzahl von Bodenarten und -bedingungen gew\u00e4hrleistet.<\/p>\n<p><strong>Reich an N\u00e4hrstoffen:<\/strong> Er ist eine nat\u00fcrliche Quelle f\u00fcr pflanzliches Eiwei\u00df, Ballaststoffe, die Vitamine A und C sowie essentielle Mineralien wie Eisen und Kalium, die eine ausgewogene Ern\u00e4hrung f\u00f6rdern.<\/p>\n<p><strong>Biologischer Anbau:<\/strong> Unser Saatgut ist zu 100 % biologisch, frei von Pestiziden und chemischen D\u00fcngemitteln und garantiert eine umweltfreundliche Ernte, die der Artenvielfalt zugute kommt.<\/p>\n<p>Genie\u00dfen Sie den Geschmack, die Frische und die Qualit\u00e4t der <strong>Bio Kelvedon Wundererbsen<\/strong>. Bauen Sie diese Sorte in Ihrem Garten an und genie\u00dfen Sie die Freude, Ihre eigenen Erbsen zu ernten - bestellen Sie noch heute und bringen Sie das Beste aus der Natur auf Ihren Tisch!  <\/p>\n","protected":false},"featured_media":50194,"comment_status":"open","ping_status":"closed","template":"","meta":{"_acf_changed":false},"product_brand":[],"product_cat":[757,419],"product_tag":[1580],"woo-feed-brand":[],"class_list":{"0":"post-19790","1":"product","2":"type-product","3":"status-publish","4":"has-post-thumbnail","6":"product_cat-bio-hulsenfrucht-samen","7":"product_cat-bio-saatgut","8":"product_tag-oko","10":"first","11":"instock","12":"taxable","13":"shipping-taxable","14":"purchasable","15":"product-type-simple"},"acf":[],"_links":{"self":[{"href":"https:\/\/cultivers.es\/de\/wp-json\/wp\/v2\/product\/19790","targetHints":{"allow":["GET"]}}],"collection":[{"href":"https:\/\/cultivers.es\/de\/wp-json\/wp\/v2\/product"}],"about":[{"href":"https:\/\/cultivers.es\/de\/wp-json\/wp\/v2\/types\/product"}],"replies":[{"embeddable":true,"href":"https:\/\/cultivers.es\/de\/wp-json\/wp\/v2\/comments?post=19790"}],"wp:featuredmedia":[{"embeddable":true,"href":"https:\/\/cultivers.es\/de\/wp-json\/wp\/v2\/media\/50194"}],"wp:attachment":[{"href":"https:\/\/cultivers.es\/de\/wp-json\/wp\/v2\/media?parent=19790"}],"wp:term":[{"taxonomy":"product_brand","embeddable":true,"href":"https:\/\/cultivers.es\/de\/wp-json\/wp\/v2\/product_brand?post=19790"},{"taxonomy":"product_cat","embeddable":true,"href":"https:\/\/cultivers.es\/de\/wp-json\/wp\/v2\/product_cat?post=19790"},{"taxonomy":"product_tag","embeddable":true,"href":"https:\/\/cultivers.es\/de\/wp-json\/wp\/v2\/product_tag?post=19790"},{"taxonomy":"woo-feed-brand","embeddable":true,"href":"https:\/\/cultivers.es\/de\/wp-json\/wp\/v2\/woo-feed-brand?post=19790"}],"curies":[{"name":"wp","href":"https:\/\/api.w.org\/{rel}","templated":true}]}}