{"id":19794,"date":"2022-10-07T07:08:06","date_gmt":"2022-10-07T07:08:06","guid":{"rendered":"https:\/\/cultivers.es\/abonos\/bio-jaune-du-doubs-karottensamen\/"},"modified":"2025-09-22T04:40:58","modified_gmt":"2025-09-22T04:40:58","slug":"karotten-samen-jaune-du-doubs-okologisch","status":"publish","type":"product","link":"https:\/\/cultivers.es\/de\/d\u00fcngemittel\/karotten-samen-jaune-du-doubs-okologisch\/","title":{"rendered":"Karottensamen Jaune du Doubs Biodynamisch Demeter"},"content":{"rendered":"","protected":false},"excerpt":{"rendered":"<p>Die <strong>Karotte Jaune du Doubs<\/strong> ist eine traditionelle und auff\u00e4llige Sorte, die an ihrer charakteristischen goldgelben Farbe und ihrer l\u00e4nglichen konischen Form zu erkennen ist. Diese Karotte bietet einen s\u00fc\u00dfen und ausgewogenen Geschmack, ideal f\u00fcr frische Salate, Eint\u00f6pfe, S\u00e4fte oder als gesunder Snack. Diese Sorte eignet sich perfekt f\u00fcr alle, die ihren Gerichten Farbe und Abwechslung verleihen m\u00f6chten und zeichnet sich durch ihre Qualit\u00e4t und Vielseitigkeit in der K\u00fcche aus.  <\/p>\n<p><strong>Gro\u00dfe, feste Wurzeln:<\/strong> Die Karotte Jaune du Doubs produziert kegelf\u00f6rmige Wurzeln von beachtlicher Gr\u00f6\u00dfe und zarter Textur, mit einer attraktiven gelben Farbe, die sie einzigartig macht.<\/p>\n<p><strong>S\u00fc\u00dfer und zarter Geschmack:<\/strong> Seine milde S\u00fc\u00dfe macht ihn zu einer k\u00f6stlichen Wahl f\u00fcr alle Arten von Zubereitungen, von rohen bis zu gekochten Rezepten.<\/p>\n<p><strong>Widerstandsf\u00e4hig und produktiv:<\/strong> Diese Sorte ist widerstandsf\u00e4hig gegen Klimaschwankungen und garantiert eine reiche Ernte, was sie zu einer idealen Wahl f\u00fcr Obstg\u00e4rten in verschiedenen Jahreszeiten macht.<\/p>\n<p><strong>Reich an N\u00e4hrstoffen:<\/strong> Als wichtige Quelle f\u00fcr die Vitamine A und C, Ballaststoffe und Antioxidantien ist die Karotte eine perfekte Erg\u00e4nzung f\u00fcr eine ausgewogene Ern\u00e4hrung.<\/p>\n<p><strong>Einfacher Anbau:<\/strong> Diese Sorte passt sich an verschiedene Bodenarten an und ist sowohl f\u00fcr Anf\u00e4nger als auch f\u00fcr erfahrene G\u00e4rtner einfach anzubauen.<\/p>\n<p><strong>Biologischer Anbau:<\/strong> Unser Saatgut ist zu 100% biologisch, frei von Pestiziden und Chemikalien und f\u00f6rdert einen nachhaltigen und umweltfreundlichen Anbau.<\/p>\n<p>F\u00fcllen Sie Ihren Gem\u00fcsegarten mit Farbe und Geschmack mit den <strong>Bio Karottensamen Jaune du Doubs<\/strong>. Verleihen Sie Ihren Gerichten mit dieser einzigartigen und gesunden Sorte eine nahrhafte und originelle Note. Bestellen Sie noch heute und genie\u00dfen Sie eine besondere Ernte direkt aus Ihrem Garten!  <\/p>\n","protected":false},"featured_media":15470,"comment_status":"open","ping_status":"closed","template":"","meta":{"_acf_changed":false},"product_brand":[],"product_cat":[419,433,1304],"product_tag":[1384],"class_list":{"0":"post-19794","1":"product","2":"type-product","3":"status-publish","4":"has-post-thumbnail","6":"product_cat-bio-saatgut","7":"product_cat-bio-wurzelsaatgut","8":"product_cat-demeter-samen","9":"product_tag-demeter-de","11":"first","12":"instock","13":"taxable","14":"shipping-taxable","15":"purchasable","16":"product-type-variable"},"acf":[],"_links":{"self":[{"href":"https:\/\/cultivers.es\/de\/wp-json\/wp\/v2\/product\/19794","targetHints":{"allow":["GET"]}}],"collection":[{"href":"https:\/\/cultivers.es\/de\/wp-json\/wp\/v2\/product"}],"about":[{"href":"https:\/\/cultivers.es\/de\/wp-json\/wp\/v2\/types\/product"}],"replies":[{"embeddable":true,"href":"https:\/\/cultivers.es\/de\/wp-json\/wp\/v2\/comments?post=19794"}],"wp:featuredmedia":[{"embeddable":true,"href":"https:\/\/cultivers.es\/de\/wp-json\/wp\/v2\/media\/15470"}],"wp:attachment":[{"href":"https:\/\/cultivers.es\/de\/wp-json\/wp\/v2\/media?parent=19794"}],"wp:term":[{"taxonomy":"product_brand","embeddable":true,"href":"https:\/\/cultivers.es\/de\/wp-json\/wp\/v2\/product_brand?post=19794"},{"taxonomy":"product_cat","embeddable":true,"href":"https:\/\/cultivers.es\/de\/wp-json\/wp\/v2\/product_cat?post=19794"},{"taxonomy":"product_tag","embeddable":true,"href":"https:\/\/cultivers.es\/de\/wp-json\/wp\/v2\/product_tag?post=19794"}],"curies":[{"name":"wp","href":"https:\/\/api.w.org\/{rel}","templated":true}]}}