{"id":19809,"date":"2022-10-07T07:08:06","date_gmt":"2022-10-07T07:08:06","guid":{"rendered":"https:\/\/cultivers.es\/abonos\/bio-superaguadulce-bio-bohnensamen\/"},"modified":"2025-09-22T05:10:24","modified_gmt":"2025-09-22T05:10:24","slug":"superaguadulce-superaguadulce-okologisches-saatgut","status":"publish","type":"product","link":"https:\/\/cultivers.es\/de\/d\u00fcngemittel\/superaguadulce-superaguadulce-okologisches-saatgut\/","title":{"rendered":"Superaguadulce Bohnensamen"},"content":{"rendered":"","protected":false},"excerpt":{"rendered":"<p>Die <strong>Superaguadulce-Bohne<\/strong> ist eine au\u00dfergew\u00f6hnlich s\u00fc\u00dfe und zarte Sorte, ideal f\u00fcr alle, die eine traditionelle Kultur mit einem k\u00f6stlichen Geschmack suchen. Mit ihren langen H\u00fclsen voller gro\u00dfer, saftiger Bohnen eignet sich diese Bohne perfekt zum Frischverzehr, f\u00fcr Eint\u00f6pfe, P\u00fcrees oder Salate. Ihre Widerstandsf\u00e4higkeit und ihr einfacher Anbau machen sie zu einer idealen Wahl f\u00fcr \u00f6kologische G\u00e4rten.  <\/p>\n<p><strong>Lange, ertragreiche H\u00fclsen:<\/strong> Diese Sorte produziert gro\u00dfe H\u00fclsen voller zarter Bohnen, die sich hervorragend f\u00fcr eine Vielzahl von Gerichten eignen.<\/p>\n<p><strong>S\u00fc\u00dfer und delikater Geschmack:<\/strong> Ihre nat\u00fcrliche S\u00fc\u00dfe und die weiche Textur machen die Superaguadulce Bohne zu einer k\u00f6stlichen Wahl f\u00fcr frische oder gekochte Rezepte.<\/p>\n<p><strong>Hohe Produktivit\u00e4t und Widerstandsf\u00e4higkeit:<\/strong> Die Pflanzen sind robust und bieten einen gro\u00dfz\u00fcgigen Ertrag, ideal f\u00fcr k\u00fchle Klimazonen und lange Saisons.<\/p>\n<p><strong>Reich an N\u00e4hrstoffen:<\/strong> Fava-Bohnen sind eine ausgezeichnete Quelle f\u00fcr pflanzliches Eiwei\u00df, Ballaststoffe, Vitamine B und C sowie Mineralstoffe wie Eisen und Magnesium und tragen zu einer ausgewogenen und gesunden Ern\u00e4hrung bei.<\/p>\n<p><strong>Einfacher Anbau:<\/strong> Diese Sorte ist f\u00fcr verschiedene Klimazonen geeignet und pflegeleicht. Sie eignet sich sowohl f\u00fcr Anf\u00e4nger als auch f\u00fcr erfahrene G\u00e4rtner.<\/p>\n<p><strong>Biologischer Anbau:<\/strong> Unser Saatgut ist zu 100% biologisch, frei von Pestiziden und Chemikalien und garantiert eine umweltfreundliche und gesunde Ernte f\u00fcr Ihren Garten.<\/p>\n<p>Genie\u00dfen Sie den authentischen Geschmack und die au\u00dfergew\u00f6hnliche Qualit\u00e4t der <strong>Superaguadulce Bio-Bohne<\/strong>. Bauen Sie diese Sorte in Ihrem Garten an und genie\u00dfen Sie s\u00fc\u00dfe und nahrhafte Bohnen direkt aus Ihrem Garten. Bestellen Sie noch heute und beginnen Sie mit der Ernte von Frische und Geschmack!  <\/p>\n","protected":false},"featured_media":15350,"comment_status":"open","ping_status":"closed","template":"","meta":{"_acf_changed":false},"product_brand":[],"product_cat":[757,419],"product_tag":[1580],"woo-feed-brand":[],"class_list":{"0":"post-19809","1":"product","2":"type-product","3":"status-publish","4":"has-post-thumbnail","6":"product_cat-bio-hulsenfrucht-samen","7":"product_cat-bio-saatgut","8":"product_tag-oko","10":"first","11":"instock","12":"taxable","13":"shipping-taxable","14":"purchasable","15":"product-type-simple"},"acf":[],"_links":{"self":[{"href":"https:\/\/cultivers.es\/de\/wp-json\/wp\/v2\/product\/19809","targetHints":{"allow":["GET"]}}],"collection":[{"href":"https:\/\/cultivers.es\/de\/wp-json\/wp\/v2\/product"}],"about":[{"href":"https:\/\/cultivers.es\/de\/wp-json\/wp\/v2\/types\/product"}],"replies":[{"embeddable":true,"href":"https:\/\/cultivers.es\/de\/wp-json\/wp\/v2\/comments?post=19809"}],"wp:featuredmedia":[{"embeddable":true,"href":"https:\/\/cultivers.es\/de\/wp-json\/wp\/v2\/media\/15350"}],"wp:attachment":[{"href":"https:\/\/cultivers.es\/de\/wp-json\/wp\/v2\/media?parent=19809"}],"wp:term":[{"taxonomy":"product_brand","embeddable":true,"href":"https:\/\/cultivers.es\/de\/wp-json\/wp\/v2\/product_brand?post=19809"},{"taxonomy":"product_cat","embeddable":true,"href":"https:\/\/cultivers.es\/de\/wp-json\/wp\/v2\/product_cat?post=19809"},{"taxonomy":"product_tag","embeddable":true,"href":"https:\/\/cultivers.es\/de\/wp-json\/wp\/v2\/product_tag?post=19809"},{"taxonomy":"woo-feed-brand","embeddable":true,"href":"https:\/\/cultivers.es\/de\/wp-json\/wp\/v2\/woo-feed-brand?post=19809"}],"curies":[{"name":"wp","href":"https:\/\/api.w.org\/{rel}","templated":true}]}}