{"id":19830,"date":"2022-10-07T07:08:06","date_gmt":"2022-10-07T07:08:06","guid":{"rendered":"https:\/\/cultivers.es\/abonos\/gruene-bohnensamen-capitano-ecological\/"},"modified":"2025-09-22T05:10:27","modified_gmt":"2025-09-22T05:10:27","slug":"bohne-grun-grun-capitano-okologisches-saatgut","status":"publish","type":"product","link":"https:\/\/cultivers.es\/de\/d\u00fcngemittel\/bohne-grun-grun-capitano-okologisches-saatgut\/","title":{"rendered":"Gr\u00fcne Bohnensamen Capitano"},"content":{"rendered":"","protected":false},"excerpt":{"rendered":"<p>Die <strong>Capitano Gr\u00fcne Bohne<\/strong> ist eine gelbe oder &#8222;Butter&#8220;-Bohnensorte, ideal f\u00fcr alle, die ein zartes und schmackhaftes Gem\u00fcse suchen. Ihre flachen, goldgelben Schoten eignen sich hervorragend zum Frischverzehr, zum D\u00fcnsten, f\u00fcr Eint\u00f6pfe oder sogar zum Sautieren. Sie ist eine sehr produktive und widerstandsf\u00e4hige Pflanze, die an eine Vielzahl von Klimazonen angepasst ist, was sie zu einer ausgezeichneten Wahl f\u00fcr jeden Bio-Gem\u00fcsegarten macht.  <\/p>\n<p><strong>Zarte flache Schoten:<\/strong> Produziert lange, flache Schoten mit einer weichen Textur und einem delikaten Geschmack, ideal f\u00fcr eine Vielzahl von Rezepten.<\/p>\n<p><strong>Milder und s\u00fc\u00dfer Geschmack:<\/strong> Sein leichter und leicht s\u00fc\u00dfer Geschmack macht ihn perfekt f\u00fcr Salate, Eint\u00f6pfe oder als Beilage in gesunden Gerichten.<\/p>\n<p><strong>Hohe Produktivit\u00e4t:<\/strong> Diese Sorte garantiert reiche Ernten und bietet die ganze Saison \u00fcber qualitativ hochwertige Schoten.<\/p>\n<p><strong>Reich an N\u00e4hrstoffen:<\/strong> Gr\u00fcne Bohnen sind eine wichtige Quelle f\u00fcr Ballaststoffe, die Vitamine A und C sowie Mineralstoffe wie Eisen und Kalium, ideal f\u00fcr eine ausgewogene Ern\u00e4hrung.<\/p>\n<p><strong>Einfacher Anbau:<\/strong> Diese winterharte und pflegeleichte Pflanze passt sich gut an verschiedene Bodenarten und Klimazonen an und ist daher f\u00fcr Anf\u00e4nger und erfahrene G\u00e4rtner gleicherma\u00dfen geeignet.<\/p>\n<p><strong>Biologischer Anbau:<\/strong> Unser Saatgut ist 100% biologisch, frei von Pestiziden und chemischen D\u00fcngemitteln und garantiert eine umweltfreundliche und gesunde Ernte f\u00fcr Ihre Familie.<\/p>\n<p>Genie\u00dfen Sie die Frische, die Farbe und den Geschmack der <strong>gr\u00fcnen Capitano Bio-Bohne<\/strong> direkt aus Ihrem Garten. Bauen Sie diese vielseitige und nahrhafte Sorte an und f\u00fcllen Sie Ihren Tisch mit Qualit\u00e4t und Nachhaltigkeit - bestellen Sie noch heute und beginnen Sie zu ernten!  <\/p>\n","protected":false},"featured_media":15360,"comment_status":"open","ping_status":"closed","template":"","meta":{"_acf_changed":false},"product_brand":[],"product_cat":[757,419],"product_tag":[],"woo-feed-brand":[],"class_list":{"0":"post-19830","1":"product","2":"type-product","3":"status-publish","4":"has-post-thumbnail","6":"product_cat-bio-hulsenfrucht-samen","7":"product_cat-bio-saatgut","9":"first","10":"outofstock","11":"taxable","12":"shipping-taxable","13":"purchasable","14":"product-type-simple"},"acf":[],"_links":{"self":[{"href":"https:\/\/cultivers.es\/de\/wp-json\/wp\/v2\/product\/19830","targetHints":{"allow":["GET"]}}],"collection":[{"href":"https:\/\/cultivers.es\/de\/wp-json\/wp\/v2\/product"}],"about":[{"href":"https:\/\/cultivers.es\/de\/wp-json\/wp\/v2\/types\/product"}],"replies":[{"embeddable":true,"href":"https:\/\/cultivers.es\/de\/wp-json\/wp\/v2\/comments?post=19830"}],"wp:featuredmedia":[{"embeddable":true,"href":"https:\/\/cultivers.es\/de\/wp-json\/wp\/v2\/media\/15360"}],"wp:attachment":[{"href":"https:\/\/cultivers.es\/de\/wp-json\/wp\/v2\/media?parent=19830"}],"wp:term":[{"taxonomy":"product_brand","embeddable":true,"href":"https:\/\/cultivers.es\/de\/wp-json\/wp\/v2\/product_brand?post=19830"},{"taxonomy":"product_cat","embeddable":true,"href":"https:\/\/cultivers.es\/de\/wp-json\/wp\/v2\/product_cat?post=19830"},{"taxonomy":"product_tag","embeddable":true,"href":"https:\/\/cultivers.es\/de\/wp-json\/wp\/v2\/product_tag?post=19830"},{"taxonomy":"woo-feed-brand","embeddable":true,"href":"https:\/\/cultivers.es\/de\/wp-json\/wp\/v2\/woo-feed-brand?post=19830"}],"curies":[{"name":"wp","href":"https:\/\/api.w.org\/{rel}","templated":true}]}}