{"id":19832,"date":"2022-10-07T07:08:06","date_gmt":"2022-10-07T07:08:06","guid":{"rendered":"https:\/\/cultivers.es\/abonos\/rote-bio-basilikum-samen\/"},"modified":"2025-09-22T04:47:12","modified_gmt":"2025-09-22T04:47:12","slug":"basilikum-rot-okologisches-saatgut","status":"publish","type":"product","link":"https:\/\/cultivers.es\/de\/d\u00fcngemittel\/basilikum-rot-okologisches-saatgut\/","title":{"rendered":"Rote Basilikum-Samen"},"content":{"rendered":"","protected":false},"excerpt":{"rendered":"<p><strong>Rotes Basilikum<\/strong> zeichnet sich durch seine intensiv violetten Bl\u00e4tter und seinen etwas kr\u00e4ftigeren und w\u00fcrzigeren Geschmack als die gr\u00fcne Sorte aus. Diese Eigenschaft macht es zu einer au\u00dfergew\u00f6hnlichen Zutat f\u00fcr Salate, Nudelgerichte, So\u00dfen oder aromatische \u00d6le und verleiht ihm sowohl geschmacklich als auch farblich eine unverwechselbare Note. Zus\u00e4tzlich zu seinem kulinarischen Wert verleiht er dem <strong>Garten<\/strong> einen dekorativen und eleganten Touch, zieht Best\u00e4uber an und schafft eine lebendige und aromatische Umgebung.  <\/p>\n<p><strong>Dunkelviolette Bl\u00e4tter:<\/strong> Ihr dunkler, gl\u00e4nzender Farbton verleiht ihr Pers\u00f6nlichkeit und Sch\u00f6nheit und macht sie zu einem auff\u00e4lligen Kraut in der K\u00fcche und im <strong>Garten<\/strong>.<\/p>\n<p><strong>W\u00fcrziger und robuster Geschmack:<\/strong> Eine st\u00e4rkere Nuance als gr\u00fcnes Basilikum, perfekt f\u00fcr Rezepte, bei denen ein tieferer und ausgepr\u00e4gterer Geschmack gew\u00fcnscht wird.<\/p>\n<p><strong>Vielseitig in der K\u00fcche:<\/strong> Ideal f\u00fcr frische Salate, Saucen, rotes Basilikum-Pesto, Marinaden oder zum Aromatisieren von \u00d6len und Essigen, um Ihren Kreationen eine Gourmet-Note zu verleihen.<\/p>\n<p><strong>Attraktiv f\u00fcr Best\u00e4uber:<\/strong> Die violetten Bl\u00fcten locken Bienen und Schmetterlinge an, tragen zur Artenvielfalt im <strong>Garten<\/strong> bei und verbessern die Gesundheit anderer Pflanzen.<\/p>\n<p><strong>Einfach zu z\u00fcchten:<\/strong> Anpassungsf\u00e4hig an verschiedene B\u00f6den und Klimazonen, ist sie sowohl f\u00fcr Anf\u00e4nger als auch f\u00fcr erfahrene G\u00e4rtner geeignet. Geeignet f\u00fcr T\u00f6pfe oder direkt in der Erde. <\/p>\n<p><strong>Biologischer Anbau:<\/strong> Unser Saatgut ist 100% biologisch, frei von Pestiziden und chemischen D\u00fcngemitteln und garantiert einen nachhaltigen und umweltfreundlichen <strong>Garten<\/strong>.<\/p>\n<p>Genie\u00dfen Sie die Qualit\u00e4t, das Aroma und die Farbe des <strong>Roten Bio-Basilikums<\/strong>, das ein vielseitiges, nahrhaftes und charaktervolles Kraut f\u00fcr Ihren <strong>Garten<\/strong> und Ihren Tisch ist.<\/p>\n","protected":false},"featured_media":15850,"comment_status":"open","ping_status":"closed","template":"","meta":{"_acf_changed":false},"product_brand":[],"product_cat":[419,727],"product_tag":[1580],"woo-feed-brand":[],"class_list":{"0":"post-19832","1":"product","2":"type-product","3":"status-publish","4":"has-post-thumbnail","6":"product_cat-bio-saatgut","7":"product_cat-bio-aroma-saatgut","8":"product_tag-oko","10":"first","11":"instock","12":"sale","13":"taxable","14":"shipping-taxable","15":"purchasable","16":"product-type-simple"},"acf":[],"_links":{"self":[{"href":"https:\/\/cultivers.es\/de\/wp-json\/wp\/v2\/product\/19832","targetHints":{"allow":["GET"]}}],"collection":[{"href":"https:\/\/cultivers.es\/de\/wp-json\/wp\/v2\/product"}],"about":[{"href":"https:\/\/cultivers.es\/de\/wp-json\/wp\/v2\/types\/product"}],"replies":[{"embeddable":true,"href":"https:\/\/cultivers.es\/de\/wp-json\/wp\/v2\/comments?post=19832"}],"wp:featuredmedia":[{"embeddable":true,"href":"https:\/\/cultivers.es\/de\/wp-json\/wp\/v2\/media\/15850"}],"wp:attachment":[{"href":"https:\/\/cultivers.es\/de\/wp-json\/wp\/v2\/media?parent=19832"}],"wp:term":[{"taxonomy":"product_brand","embeddable":true,"href":"https:\/\/cultivers.es\/de\/wp-json\/wp\/v2\/product_brand?post=19832"},{"taxonomy":"product_cat","embeddable":true,"href":"https:\/\/cultivers.es\/de\/wp-json\/wp\/v2\/product_cat?post=19832"},{"taxonomy":"product_tag","embeddable":true,"href":"https:\/\/cultivers.es\/de\/wp-json\/wp\/v2\/product_tag?post=19832"},{"taxonomy":"woo-feed-brand","embeddable":true,"href":"https:\/\/cultivers.es\/de\/wp-json\/wp\/v2\/woo-feed-brand?post=19832"}],"curies":[{"name":"wp","href":"https:\/\/api.w.org\/{rel}","templated":true}]}}