{"id":19845,"date":"2022-10-07T07:08:06","date_gmt":"2022-10-07T07:08:06","guid":{"rendered":"https:\/\/cultivers.es\/abonos\/gruene-bohnensamen-vitalis-ecological\/"},"modified":"2025-09-22T05:10:31","modified_gmt":"2025-09-22T05:10:31","slug":"grun-grune-vitalis-okologische-judia-samen","status":"publish","type":"product","link":"https:\/\/cultivers.es\/de\/d\u00fcngemittel\/grun-grune-vitalis-okologische-judia-samen\/","title":{"rendered":"Gr\u00fcne Bohnensamen Vitalis"},"content":{"rendered":"","protected":false},"excerpt":{"rendered":"<p>Diese Bohnensorte ist eine Kletterbohne. Sie kann bis zu 2 m hoch werden (braucht Unterst\u00fctzung). Halbfr\u00fcher Zyklus, mit langsamem Wachstum. Sie produziert Schoten mit ausgezeichnetem Geschmack und Qualit\u00e4t. Die Schoten sind flach, 20 mm breit und 20 bis 22 cm lang und von dunkelgr\u00fcner Farbe. Diese Sorte eignet sich sowohl f\u00fcr den Anbau im Gew\u00e4chshaus als auch im Freiland in gem\u00e4\u00dfigten Sommerlagen.<\/p>\n","protected":false},"featured_media":15490,"comment_status":"open","ping_status":"closed","template":"","meta":{"_acf_changed":false},"product_brand":[],"product_cat":[757,419],"product_tag":[],"woo-feed-brand":[],"class_list":{"0":"post-19845","1":"product","2":"type-product","3":"status-publish","4":"has-post-thumbnail","6":"product_cat-bio-hulsenfrucht-samen","7":"product_cat-bio-saatgut","9":"first","10":"outofstock","11":"taxable","12":"shipping-taxable","13":"purchasable","14":"product-type-simple"},"acf":[],"_links":{"self":[{"href":"https:\/\/cultivers.es\/de\/wp-json\/wp\/v2\/product\/19845","targetHints":{"allow":["GET"]}}],"collection":[{"href":"https:\/\/cultivers.es\/de\/wp-json\/wp\/v2\/product"}],"about":[{"href":"https:\/\/cultivers.es\/de\/wp-json\/wp\/v2\/types\/product"}],"replies":[{"embeddable":true,"href":"https:\/\/cultivers.es\/de\/wp-json\/wp\/v2\/comments?post=19845"}],"wp:featuredmedia":[{"embeddable":true,"href":"https:\/\/cultivers.es\/de\/wp-json\/wp\/v2\/media\/15490"}],"wp:attachment":[{"href":"https:\/\/cultivers.es\/de\/wp-json\/wp\/v2\/media?parent=19845"}],"wp:term":[{"taxonomy":"product_brand","embeddable":true,"href":"https:\/\/cultivers.es\/de\/wp-json\/wp\/v2\/product_brand?post=19845"},{"taxonomy":"product_cat","embeddable":true,"href":"https:\/\/cultivers.es\/de\/wp-json\/wp\/v2\/product_cat?post=19845"},{"taxonomy":"product_tag","embeddable":true,"href":"https:\/\/cultivers.es\/de\/wp-json\/wp\/v2\/product_tag?post=19845"},{"taxonomy":"woo-feed-brand","embeddable":true,"href":"https:\/\/cultivers.es\/de\/wp-json\/wp\/v2\/woo-feed-brand?post=19845"}],"curies":[{"name":"wp","href":"https:\/\/api.w.org\/{rel}","templated":true}]}}