{"id":19848,"date":"2022-10-07T07:08:06","date_gmt":"2022-10-07T07:08:06","guid":{"rendered":"https:\/\/cultivers.es\/abonos\/gruene-dior-bio-bohnensamen\/"},"modified":"2025-09-22T05:10:57","modified_gmt":"2025-09-22T05:10:57","slug":"bohne-grun-grun-okologisch-saatgut","status":"publish","type":"product","link":"https:\/\/cultivers.es\/de\/d\u00fcngemittel\/bohne-grun-grun-okologisch-saatgut\/","title":{"rendered":"Gr\u00fcne Bohnensamen Dior"},"content":{"rendered":"","protected":false},"excerpt":{"rendered":"<p>Die <strong>Dior Gr\u00fcne Bohne<\/strong> ist eine Sorte der gelben Butterbohne, die f\u00fcr ihre runden, leuchtend goldgelben H\u00fclsen bekannt ist. Ihre zarte Textur und ihr milder Geschmack machen sie ideal zum D\u00fcnsten, Sautieren, f\u00fcr Salate oder Eint\u00f6pfe. Diese Pflanze ist winterhart, ertragreich und einfach anzubauen, perfekt f\u00fcr gesunde und nachhaltige Ernten in Ihrem Bio-Garten.  <\/p>\n<p><strong>Abgerundete und auff\u00e4llige H\u00fclsen:<\/strong> Produziert leuchtend gelbe, glatte, runde H\u00fclsen mit einer zarten, knackigen Textur.<\/p>\n<p><strong>Mildes und zartes Aroma:<\/strong> Mit ihrer s\u00fc\u00dfen und milden Note eignet sich diese Sorte perfekt zum Verfeinern einer Vielzahl von Gerichten, von frischen Salaten bis hin zu gekochten Rezepten.<\/p>\n<p><strong>Hohe Produktivit\u00e4t:<\/strong> Die Dior Gr\u00fcne Bohne bietet gro\u00dfz\u00fcgige und kontinuierliche Ernten, die eine konstante Produktion w\u00e4hrend der gesamten Saison garantieren.<\/p>\n<p><strong>Reich an N\u00e4hrstoffen:<\/strong> Diese Sorte ist eine ausgezeichnete Quelle f\u00fcr Ballaststoffe, die Vitamine A und C sowie essentielle Mineralien wie Eisen und Kalium und tr\u00e4gt zu einer ausgewogenen Ern\u00e4hrung bei.<\/p>\n<p><strong>Einfach zu z\u00fcchten:<\/strong> Diese Pflanze ist robust und anpassungsf\u00e4hig an verschiedene Bodentypen und Klimazonen. Sie ist ideal f\u00fcr Anf\u00e4nger und erfahrene G\u00e4rtner gleicherma\u00dfen.<\/p>\n<p><strong>Biologischer Anbau:<\/strong> Unser Saatgut ist zu 100% biologisch, frei von Pestiziden und Chemikalien und garantiert eine umweltfreundliche und gesunde Ernte f\u00fcr die ganze Familie.<\/p>\n<p>Genie\u00dfen Sie die Farbe, Frische und Vielseitigkeit der <strong>Bio-Dior-Bohne<\/strong>. Bauen Sie dieses nahrhafte und schmackhafte Gem\u00fcse in Ihrem Garten an und f\u00fcllen Sie Ihren Tisch mit Qualit\u00e4t und Nachhaltigkeit. Bestellen Sie noch heute und beginnen Sie zu ernten!  <\/p>\n","protected":false},"featured_media":15355,"comment_status":"open","ping_status":"closed","template":"","meta":{"_acf_changed":false},"product_brand":[],"product_cat":[757,419],"product_tag":[1580],"class_list":{"0":"post-19848","1":"product","2":"type-product","3":"status-publish","4":"has-post-thumbnail","6":"product_cat-bio-hulsenfrucht-samen","7":"product_cat-bio-saatgut","8":"product_tag-oko","10":"first","11":"instock","12":"taxable","13":"shipping-taxable","14":"purchasable","15":"product-type-simple"},"acf":[],"_links":{"self":[{"href":"https:\/\/cultivers.es\/de\/wp-json\/wp\/v2\/product\/19848","targetHints":{"allow":["GET"]}}],"collection":[{"href":"https:\/\/cultivers.es\/de\/wp-json\/wp\/v2\/product"}],"about":[{"href":"https:\/\/cultivers.es\/de\/wp-json\/wp\/v2\/types\/product"}],"replies":[{"embeddable":true,"href":"https:\/\/cultivers.es\/de\/wp-json\/wp\/v2\/comments?post=19848"}],"wp:featuredmedia":[{"embeddable":true,"href":"https:\/\/cultivers.es\/de\/wp-json\/wp\/v2\/media\/15355"}],"wp:attachment":[{"href":"https:\/\/cultivers.es\/de\/wp-json\/wp\/v2\/media?parent=19848"}],"wp:term":[{"taxonomy":"product_brand","embeddable":true,"href":"https:\/\/cultivers.es\/de\/wp-json\/wp\/v2\/product_brand?post=19848"},{"taxonomy":"product_cat","embeddable":true,"href":"https:\/\/cultivers.es\/de\/wp-json\/wp\/v2\/product_cat?post=19848"},{"taxonomy":"product_tag","embeddable":true,"href":"https:\/\/cultivers.es\/de\/wp-json\/wp\/v2\/product_tag?post=19848"}],"curies":[{"name":"wp","href":"https:\/\/api.w.org\/{rel}","templated":true}]}}