{"id":19850,"date":"2022-10-07T07:08:06","date_gmt":"2022-10-07T07:08:06","guid":{"rendered":"https:\/\/cultivers.es\/abonos\/golden-gate-gruene-bohne-bio-saatgut\/"},"modified":"2025-09-22T05:10:41","modified_gmt":"2025-09-22T05:10:41","slug":"grun-judia-grun-goldenes-tor-okologisches-saatgut","status":"publish","type":"product","link":"https:\/\/cultivers.es\/de\/d\u00fcngemittel\/grun-judia-grun-goldenes-tor-okologisches-saatgut\/","title":{"rendered":"Golden Gate Gr\u00fcne Bohnen Saatgut"},"content":{"rendered":"","protected":false},"excerpt":{"rendered":"<p>Die <strong>Golden Gate Gr\u00fcne Bohne<\/strong> ist eine kletternde Sorte mit langen, leuchtend goldgelben H\u00fclsen. Ihre zarte Textur und ihr milder Geschmack machen diese Bohne zu einer perfekten Wahl f\u00fcr Pfannengerichte, Salate, Eint\u00f6pfe oder zum D\u00fcnsten. Diese Pflanze ist ideal f\u00fcr vertikale G\u00e4rten oder kleine Fl\u00e4chen. Sie ist sehr produktiv und widerstandsf\u00e4hig und liefert w\u00e4hrend der gesamten Saison kontinuierlich hochwertige Ernten.  <\/p>\n<p><strong>Lange, gl\u00e4nzende Schoten:<\/strong> Produziert glatte, einheitliche, tiefgelbe Schoten, die nicht nur lecker, sondern auch optisch ansprechend sind.<\/p>\n<p><strong>Milder und s\u00fc\u00dfer Geschmack:<\/strong> Sein delikater Geschmack passt perfekt zu allen Arten von Gerichten, von frischen bis zu gekochten Rezepten.<\/p>\n<p><strong>Kletternder Wuchs:<\/strong> Diese kletternde Sorte ist ideal, um den Platz in kleinen oder vertikalen G\u00e4rten mit Hilfe von Pf\u00e4hlen oder Spalieren optimal zu nutzen.<\/p>\n<p><strong>Hohe Produktivit\u00e4t:<\/strong> Golden Gate Green Beans garantieren reiche und regelm\u00e4\u00dfige Ernten, so dass eine kontinuierliche Versorgung w\u00e4hrend der gesamten Saison gew\u00e4hrleistet ist.<\/p>\n<p><strong>Reich an N\u00e4hrstoffen:<\/strong> Als Quelle f\u00fcr Ballaststoffe, pflanzliches Eiwei\u00df, die Vitamine A und C und Mineralien wie Eisen und Kalium ist diese Bohne eine perfekte Erg\u00e4nzung f\u00fcr eine gesunde Ern\u00e4hrung.<\/p>\n<p><strong>Einfacher Anbau:<\/strong> Diese Pflanze ist resistent gegen verschiedene klimatische Bedingungen und eignet sich sowohl f\u00fcr Anf\u00e4nger als auch f\u00fcr erfahrene G\u00e4rtner.<\/p>\n<p><strong>Biologischer Anbau:<\/strong> Unser Saatgut ist zu 100% biologisch, frei von Pestiziden und chemischen D\u00fcngemitteln und f\u00f6rdert einen nachhaltigen und umweltfreundlichen Anbau.<\/p>\n<p>F\u00fcllen Sie Ihren Garten mit Farbe, Frische und Geschmack mit den <strong>Golden Gate Bio-Samen f\u00fcr gr\u00fcne Bohnen<\/strong>. Genie\u00dfen Sie eine gesunde und schmackhafte Ernte direkt aus Ihrem Garten - bestellen Sie noch heute und genie\u00dfen Sie diese einzigartige und k\u00f6stliche Sorte!  <\/p>\n","protected":false},"featured_media":15495,"comment_status":"open","ping_status":"closed","template":"","meta":{"_acf_changed":false},"product_brand":[],"product_cat":[757,419],"product_tag":[],"class_list":{"0":"post-19850","1":"product","2":"type-product","3":"status-publish","4":"has-post-thumbnail","6":"product_cat-bio-hulsenfrucht-samen","7":"product_cat-bio-saatgut","9":"first","10":"instock","11":"taxable","12":"shipping-taxable","13":"purchasable","14":"product-type-simple"},"acf":[],"_links":{"self":[{"href":"https:\/\/cultivers.es\/de\/wp-json\/wp\/v2\/product\/19850","targetHints":{"allow":["GET"]}}],"collection":[{"href":"https:\/\/cultivers.es\/de\/wp-json\/wp\/v2\/product"}],"about":[{"href":"https:\/\/cultivers.es\/de\/wp-json\/wp\/v2\/types\/product"}],"replies":[{"embeddable":true,"href":"https:\/\/cultivers.es\/de\/wp-json\/wp\/v2\/comments?post=19850"}],"wp:featuredmedia":[{"embeddable":true,"href":"https:\/\/cultivers.es\/de\/wp-json\/wp\/v2\/media\/15495"}],"wp:attachment":[{"href":"https:\/\/cultivers.es\/de\/wp-json\/wp\/v2\/media?parent=19850"}],"wp:term":[{"taxonomy":"product_brand","embeddable":true,"href":"https:\/\/cultivers.es\/de\/wp-json\/wp\/v2\/product_brand?post=19850"},{"taxonomy":"product_cat","embeddable":true,"href":"https:\/\/cultivers.es\/de\/wp-json\/wp\/v2\/product_cat?post=19850"},{"taxonomy":"product_tag","embeddable":true,"href":"https:\/\/cultivers.es\/de\/wp-json\/wp\/v2\/product_tag?post=19850"}],"curies":[{"name":"wp","href":"https:\/\/api.w.org\/{rel}","templated":true}]}}