{"id":19851,"date":"2022-10-07T07:08:06","date_gmt":"2022-10-07T07:08:06","guid":{"rendered":"https:\/\/cultivers.es\/abonos\/bohnensamen-bohnen-catarino-bio\/"},"modified":"2025-09-22T05:10:59","modified_gmt":"2025-09-22T05:10:59","slug":"bohnensamen-katarino-okologisch","status":"publish","type":"product","link":"https:\/\/cultivers.es\/de\/d\u00fcngemittel\/bohnensamen-katarino-okologisch\/","title":{"rendered":"Bohnensamen Bohne Catarino"},"content":{"rendered":"","protected":false},"excerpt":{"rendered":"<p>Die <strong>Catarino-Bohne<\/strong> ist eine traditionelle Sorte von Trockenbohnen, die f\u00fcr ihre tiefroten Bohnen mit dunklen Streifen und ihren einzigartigen, intensiven Geschmack bekannt ist. Diese Sorte eignet sich perfekt f\u00fcr Eint\u00f6pfe, Aufl\u00e4ufe, Salate oder als Hauptzutat in traditionellen Rezepten und zeichnet sich durch ihre cremige Textur und ihren hohen N\u00e4hrwert aus. Ihr Anbau ist einfach und produktiv, ideal f\u00fcr jeden Bio-Garten.  <\/p>\n<p><strong>Attraktive rote Bohnen:<\/strong> Die Catarino-Bohne liefert mittelgro\u00dfe Bohnen mit einer auffallend tiefroten Farbe, die sich ideal zur Versch\u00f6nerung jedes Gerichts eignet.<\/p>\n<p><strong>Reichhaltiger und authentischer Geschmack:<\/strong> Mit ihrem intensiven und cremigen Geschmacksprofil ist diese Sorte ideal f\u00fcr die Zubereitung traditioneller und moderner Gerichte.<\/p>\n<p><strong>Widerstandsf\u00e4hig und produktiv:<\/strong> Diese Bohne ist sehr widerstandsf\u00e4hig gegen widrige Wetterbedingungen und garantiert eine reiche und hochwertige Ernte.<\/p>\n<p><strong>Reich an N\u00e4hrstoffen:<\/strong> Bohnen sind eine hervorragende Quelle f\u00fcr pflanzliches Eiwei\u00df, Ballaststoffe, Eisen, Kalium und Antioxidantien, was sie zu einem unverzichtbaren Lebensmittel f\u00fcr eine ausgewogene Ern\u00e4hrung macht.<\/p>\n<p><strong>Einfacher Anbau:<\/strong> Diese Pflanze ist winterhart und anpassungsf\u00e4hig an verschiedene B\u00f6den und Klimazonen, perfekt f\u00fcr Anf\u00e4nger und fortgeschrittene G\u00e4rtner.<\/p>\n<p><strong>Biologischer Anbau:<\/strong> Unser Saatgut ist zu 100% biologisch, frei von Pestiziden und Chemikalien und garantiert einen nachhaltigen und umweltfreundlichen Anbau.<\/p>\n<p>F\u00fcllen Sie Ihren Garten mit Tradition und Geschmack mit <strong>Catarino Bohnensamen Bio<\/strong>. Bauen Sie diese einzigartige Sorte an und genie\u00dfen Sie reiche, nahrhafte Ernten in Ihren Lieblingsgerichten - bestellen Sie noch heute und genie\u00dfen Sie diese besondere Bohne direkt in Ihrem Garten!  <\/p>\n","protected":false},"featured_media":15505,"comment_status":"open","ping_status":"closed","template":"","meta":{"_acf_changed":false},"product_brand":[],"product_cat":[757,419],"product_tag":[],"woo-feed-brand":[],"class_list":{"0":"post-19851","1":"product","2":"type-product","3":"status-publish","4":"has-post-thumbnail","6":"product_cat-bio-hulsenfrucht-samen","7":"product_cat-bio-saatgut","9":"first","10":"outofstock","11":"taxable","12":"shipping-taxable","13":"purchasable","14":"product-type-simple"},"acf":[],"_links":{"self":[{"href":"https:\/\/cultivers.es\/de\/wp-json\/wp\/v2\/product\/19851","targetHints":{"allow":["GET"]}}],"collection":[{"href":"https:\/\/cultivers.es\/de\/wp-json\/wp\/v2\/product"}],"about":[{"href":"https:\/\/cultivers.es\/de\/wp-json\/wp\/v2\/types\/product"}],"replies":[{"embeddable":true,"href":"https:\/\/cultivers.es\/de\/wp-json\/wp\/v2\/comments?post=19851"}],"wp:featuredmedia":[{"embeddable":true,"href":"https:\/\/cultivers.es\/de\/wp-json\/wp\/v2\/media\/15505"}],"wp:attachment":[{"href":"https:\/\/cultivers.es\/de\/wp-json\/wp\/v2\/media?parent=19851"}],"wp:term":[{"taxonomy":"product_brand","embeddable":true,"href":"https:\/\/cultivers.es\/de\/wp-json\/wp\/v2\/product_brand?post=19851"},{"taxonomy":"product_cat","embeddable":true,"href":"https:\/\/cultivers.es\/de\/wp-json\/wp\/v2\/product_cat?post=19851"},{"taxonomy":"product_tag","embeddable":true,"href":"https:\/\/cultivers.es\/de\/wp-json\/wp\/v2\/product_tag?post=19851"},{"taxonomy":"woo-feed-brand","embeddable":true,"href":"https:\/\/cultivers.es\/de\/wp-json\/wp\/v2\/woo-feed-brand?post=19851"}],"curies":[{"name":"wp","href":"https:\/\/api.w.org\/{rel}","templated":true}]}}