{"id":19852,"date":"2022-10-07T07:08:06","date_gmt":"2022-10-07T07:08:06","guid":{"rendered":"https:\/\/cultivers.es\/abonos\/bio-kichererbsenprinz-samen\/"},"modified":"2025-09-22T05:10:52","modified_gmt":"2025-09-22T05:10:52","slug":"kichererbsen-erbsen-saatgut-grundlagen-okologie","status":"publish","type":"product","link":"https:\/\/cultivers.es\/de\/d\u00fcngemittel\/kichererbsen-erbsen-saatgut-grundlagen-okologie\/","title":{"rendered":"Kichererbse Prinz Samen"},"content":{"rendered":"","protected":false},"excerpt":{"rendered":"<p><strong>Garbanzo Pr\u00edncipe<\/strong> ist eine hochwertige traditionelle Sorte, die f\u00fcr ihre gro\u00dfen, zarten und schmackhaften Bohnen bekannt ist. Diese Kichererbse ist ideal f\u00fcr die Zubereitung klassischer Gerichte wie Eint\u00f6pfe, Salate, Hummus oder Suppen und zeichnet sich durch ihre cremige Textur und ihren einzigartigen Geschmack aus. Sie ist au\u00dferdem leicht anzubauen, widerstandsf\u00e4hig gegen widrige Bedingungen und perfekt f\u00fcr nachhaltige Bio-G\u00e4rten.  <\/p>\n<p><strong>Gro\u00dfe, nahrhafte Kerne:<\/strong> Die Prince Kichererbse produziert gro\u00dfz\u00fcgig bemessene Kerne mit einer weichen, cremigen Textur, die sich perfekt f\u00fcr alle Arten von kulinarischen Zubereitungen eignet.<\/p>\n<p><strong>Reichhaltiger und authentischer Geschmack:<\/strong> Sein charakteristischer und k\u00f6stlicher Geschmack macht ihn zu einer unverzichtbaren Zutat f\u00fcr traditionelle und moderne Rezepte.<\/p>\n<p><strong>Hohe Produktivit\u00e4t:<\/strong> Diese Sorte garantiert eine reiche Ernte und bietet bei jeder Aussaat einen hervorragenden Ertrag.<\/p>\n<p><strong>Reich an N\u00e4hrstoffen:<\/strong> Kichererbsen sind eine hervorragende Quelle f\u00fcr pflanzliches Eiwei\u00df, Ballaststoffe, Eisen, Magnesium und B-Vitamine und damit ideal f\u00fcr eine gesunde, ausgewogene Ern\u00e4hrung.<\/p>\n<p><strong>Einfach zu z\u00fcchten:<\/strong> Diese Pflanze ist trockenheitsresistent und passt sich an verschiedene Bodentypen an. Sie ist sowohl f\u00fcr Anf\u00e4nger als auch f\u00fcr erfahrene G\u00e4rtner geeignet.<\/p>\n<p><strong>Biologischer Anbau:<\/strong> Unser Saatgut ist zu 100% biologisch, frei von Pestiziden und Chemikalien und f\u00f6rdert einen nachhaltigen und umweltfreundlichen Anbau.<\/p>\n<p>Genie\u00dfen Sie Tradition und authentischen Geschmack mit den <strong>Bio Prince Kichererbsensamen<\/strong>. Bauen Sie diese nahrhafte und vielseitige Sorte in Ihrem Garten an und f\u00fcllen Sie Ihre K\u00fcche mit gesunden und k\u00f6stlichen Rezepten. Bestellen Sie noch heute und beginnen Sie mit der Ernte von Qualit\u00e4t und Frische!  <\/p>\n","protected":false},"featured_media":15315,"comment_status":"open","ping_status":"closed","template":"","meta":{"_acf_changed":false},"product_brand":[],"product_cat":[757,419],"product_tag":[1580],"class_list":{"0":"post-19852","1":"product","2":"type-product","3":"status-publish","4":"has-post-thumbnail","6":"product_cat-bio-hulsenfrucht-samen","7":"product_cat-bio-saatgut","8":"product_tag-oko","10":"first","11":"instock","12":"taxable","13":"shipping-taxable","14":"purchasable","15":"product-type-simple"},"acf":[],"_links":{"self":[{"href":"https:\/\/cultivers.es\/de\/wp-json\/wp\/v2\/product\/19852","targetHints":{"allow":["GET"]}}],"collection":[{"href":"https:\/\/cultivers.es\/de\/wp-json\/wp\/v2\/product"}],"about":[{"href":"https:\/\/cultivers.es\/de\/wp-json\/wp\/v2\/types\/product"}],"replies":[{"embeddable":true,"href":"https:\/\/cultivers.es\/de\/wp-json\/wp\/v2\/comments?post=19852"}],"wp:featuredmedia":[{"embeddable":true,"href":"https:\/\/cultivers.es\/de\/wp-json\/wp\/v2\/media\/15315"}],"wp:attachment":[{"href":"https:\/\/cultivers.es\/de\/wp-json\/wp\/v2\/media?parent=19852"}],"wp:term":[{"taxonomy":"product_brand","embeddable":true,"href":"https:\/\/cultivers.es\/de\/wp-json\/wp\/v2\/product_brand?post=19852"},{"taxonomy":"product_cat","embeddable":true,"href":"https:\/\/cultivers.es\/de\/wp-json\/wp\/v2\/product_cat?post=19852"},{"taxonomy":"product_tag","embeddable":true,"href":"https:\/\/cultivers.es\/de\/wp-json\/wp\/v2\/product_tag?post=19852"}],"curies":[{"name":"wp","href":"https:\/\/api.w.org\/{rel}","templated":true}]}}