{"id":19869,"date":"2022-10-07T07:08:06","date_gmt":"2022-10-07T07:08:06","guid":{"rendered":"https:\/\/cultivers.es\/abonos\/bio-eleonora-bohnensamen\/"},"modified":"2025-09-22T05:10:19","modified_gmt":"2025-09-22T05:10:19","slug":"bohnen-eleonora-okologisches-saatgut","status":"publish","type":"product","link":"https:\/\/cultivers.es\/de\/d\u00fcngemittel\/bohnen-eleonora-okologisches-saatgut\/","title":{"rendered":"Eleonora Bohnensamen"},"content":{"rendered":"","protected":false},"excerpt":{"rendered":"<p>Die <strong>Eleonora-Bohne<\/strong> ist eine vielseitige und robuste Sorte, die f\u00fcr ihren hohen Ertrag und milden Geschmack bekannt ist. Sie produziert Schoten voller gro\u00dfer, zarter Bohnen, die sich ideal zum Frischverzehr oder zum Kochen in einer Vielzahl von Rezepten eignen, von Eint\u00f6pfen bis hin zu Salaten. Ihr einfacher Anbau und ihre Anpassungsf\u00e4higkeit an verschiedene Klimazonen machen sie zu einem Muss f\u00fcr jeden Bio-Garten.  <\/p>\n<p><strong>Volle und schmackhafte H\u00fclsen:<\/strong> Die Eleonora-Bohne bietet gro\u00dfe H\u00fclsen mit zarten und saftigen Bohnen, die sich perfekt f\u00fcr alle Arten von kulinarischen Zubereitungen eignen.<\/p>\n<p><strong>Milder und k\u00f6stlicher Geschmack:<\/strong> Mit ihrem zarten und angenehmen Geschmacksprofil sind diese Bohnen ideal f\u00fcr traditionelle oder moderne Rezepte.<\/p>\n<p><strong>Hohe Produktivit\u00e4t und Widerstandsf\u00e4higkeit:<\/strong> Diese Sorte garantiert reiche Ernten, denn sie ist sehr widerstandsf\u00e4hig gegen kaltes Klima und Temperaturschwankungen.<\/p>\n<p><strong>Reich an N\u00e4hrstoffen:<\/strong> Fava-Bohnen sind eine ausgezeichnete Quelle f\u00fcr pflanzliches Eiwei\u00df, Ballaststoffe, Vitamine B und C und Mineralstoffe wie Eisen und Magnesium, was sie perfekt f\u00fcr eine ausgewogene Ern\u00e4hrung macht.<\/p>\n<p><strong>Einfach anzubauen:<\/strong> Sie passt sich an verschiedene Bodentypen und klimatische Bedingungen an und ist daher eine ausgezeichnete Wahl f\u00fcr Anf\u00e4nger und erfahrene G\u00e4rtner gleicherma\u00dfen.<\/p>\n<p><strong>Biologischer Anbau:<\/strong> Unser Saatgut ist zu 100% biologisch, frei von Pestiziden und chemischen D\u00fcngemitteln und garantiert einen nachhaltigen und umweltfreundlichen Anbau.<\/p>\n<p>Genie\u00dfen Sie die Qualit\u00e4t und den authentischen Geschmack der <strong>Bio Eleonora Bohne<\/strong> in Ihrem Garten. Bauen Sie diese robuste und nahrhafte Sorte f\u00fcr gesunde und k\u00f6stliche Ernten an - bestellen Sie noch heute und genie\u00dfen Sie frische, nat\u00fcrliche Favabohnen direkt aus Ihrem Garten!  <\/p>\n","protected":false},"featured_media":15340,"comment_status":"open","ping_status":"closed","template":"","meta":{"_acf_changed":false},"product_brand":[],"product_cat":[757,419],"product_tag":[],"woo-feed-brand":[],"class_list":{"0":"post-19869","1":"product","2":"type-product","3":"status-publish","4":"has-post-thumbnail","6":"product_cat-bio-hulsenfrucht-samen","7":"product_cat-bio-saatgut","9":"first","10":"outofstock","11":"taxable","12":"shipping-taxable","13":"purchasable","14":"product-type-simple"},"acf":[],"_links":{"self":[{"href":"https:\/\/cultivers.es\/de\/wp-json\/wp\/v2\/product\/19869","targetHints":{"allow":["GET"]}}],"collection":[{"href":"https:\/\/cultivers.es\/de\/wp-json\/wp\/v2\/product"}],"about":[{"href":"https:\/\/cultivers.es\/de\/wp-json\/wp\/v2\/types\/product"}],"replies":[{"embeddable":true,"href":"https:\/\/cultivers.es\/de\/wp-json\/wp\/v2\/comments?post=19869"}],"wp:featuredmedia":[{"embeddable":true,"href":"https:\/\/cultivers.es\/de\/wp-json\/wp\/v2\/media\/15340"}],"wp:attachment":[{"href":"https:\/\/cultivers.es\/de\/wp-json\/wp\/v2\/media?parent=19869"}],"wp:term":[{"taxonomy":"product_brand","embeddable":true,"href":"https:\/\/cultivers.es\/de\/wp-json\/wp\/v2\/product_brand?post=19869"},{"taxonomy":"product_cat","embeddable":true,"href":"https:\/\/cultivers.es\/de\/wp-json\/wp\/v2\/product_cat?post=19869"},{"taxonomy":"product_tag","embeddable":true,"href":"https:\/\/cultivers.es\/de\/wp-json\/wp\/v2\/product_tag?post=19869"},{"taxonomy":"woo-feed-brand","embeddable":true,"href":"https:\/\/cultivers.es\/de\/wp-json\/wp\/v2\/woo-feed-brand?post=19869"}],"curies":[{"name":"wp","href":"https:\/\/api.w.org\/{rel}","templated":true}]}}