{"id":19880,"date":"2022-10-07T07:08:06","date_gmt":"2022-10-07T07:08:06","guid":{"rendered":"https:\/\/cultivers.es\/abonos\/weisse-aubergine-aubergine-bio-saatgut\/"},"modified":"2025-09-22T05:11:03","modified_gmt":"2025-09-22T05:11:03","slug":"weises-egg-egg-egg-okologisches-egg-okologisches-saatgut","status":"publish","type":"product","link":"https:\/\/cultivers.es\/de\/d\u00fcngemittel\/weises-egg-egg-egg-okologisches-egg-okologisches-saatgut\/","title":{"rendered":"Aubergine Wei\u00df Auberginen Samen Biodynamisch Demeter"},"content":{"rendered":"","protected":false},"excerpt":{"rendered":"<p>Die <strong>Wei\u00dfe Aubergine<\/strong> ist eine au\u00dfergew\u00f6hnliche Sorte aufgrund ihrer rein wei\u00dfen Farbe, ihrer ovalen Form und ihres milden und delikaten Geschmacks. Diese Aubergine zeichnet sich durch ihre feste und cremige Textur aus, ideal f\u00fcr eine Vielzahl von kulinarischen Zubereitungen, von Eint\u00f6pfen und Braten bis hin zu Cremes und So\u00dfen. Da sie Demeter-zertifiziert ist, wird sie nach den Grunds\u00e4tzen der biodynamischen Landwirtschaft angebaut und garantiert somit ein biologisches, nachhaltiges und umweltfreundliches Produkt.  <\/p>\n<p><strong>Wei\u00dfe Farbe und ovale Form:<\/strong> Die Fr\u00fcchte haben eine einheitliche wei\u00dfe Farbe und eine ovale Form, die ihnen ein elegantes und attraktives Aussehen in der K\u00fcche verleiht.<\/p>\n<p><strong>Milder und delikater Geschmack:<\/strong> Sein festes und cremiges Fruchtfleisch bietet einen milden Geschmack, der sich perfekt in alle Arten von Gerichten integrieren l\u00e4sst, von traditionellen Rezepten bis hin zu kreativen Optionen.<\/p>\n<p><strong>Hohe Produktivit\u00e4t:<\/strong> Diese Sorte ist produktiv und widerstandsf\u00e4hig und passt sich gut an unterschiedliche klimatische Bedingungen und B\u00f6den an, was eine reiche und hochwertige Ernte gew\u00e4hrleistet.<\/p>\n<p><strong>Reich an N\u00e4hrstoffen:<\/strong> Auberginen sind eine ausgezeichnete Quelle f\u00fcr Ballaststoffe, Antioxidantien, Vitamine und Mineralien und tragen zu einer gesunden und ausgewogenen Ern\u00e4hrung bei.<\/p>\n<p><strong>Einfacher Anbau:<\/strong> Diese Pflanze eignet sich sowohl f\u00fcr Anf\u00e4nger als auch f\u00fcr erfahrene G\u00e4rtner. Sie gedeiht sowohl im Gem\u00fcsegarten als auch in T\u00f6pfen und ist damit eine vielseitige Wahl f\u00fcr jeden Anbaubereich.<\/p>\n<p><strong>Demeter-Zertifizierung:<\/strong> Dieses Saatgut stammt aus biodynamischem Anbau, der die Bodenfruchtbarkeit, die Artenvielfalt und das nat\u00fcrliche Gleichgewicht des \u00d6kosystems f\u00f6rdert und so die h\u00f6chste Qualit\u00e4t des Produkts gew\u00e4hrleistet.<\/p>\n<p>Genie\u00dfen Sie den Geschmack, die Eleganz und die Vielseitigkeit der <strong>wei\u00dfen Bio-Aubergine von Demeter<\/strong> in Ihrem Garten und Ihrer K\u00fcche. Verleihen Sie Ihren Rezepten mit dieser einzigartigen und nahrhaften Sorte eine ganz besondere Note - bestellen Sie noch heute und entdecken Sie den Unterschied auf Ihrem Tisch!  <\/p>\n","protected":false},"featured_media":15550,"comment_status":"open","ping_status":"closed","template":"","meta":{"_acf_changed":false},"product_brand":[],"product_cat":[419,1304],"product_tag":[1384],"class_list":{"0":"post-19880","1":"product","2":"type-product","3":"status-publish","4":"has-post-thumbnail","6":"product_cat-bio-saatgut","7":"product_cat-demeter-samen","8":"product_tag-demeter-de","10":"first","11":"instock","12":"sale","13":"taxable","14":"shipping-taxable","15":"purchasable","16":"product-type-simple"},"acf":[],"_links":{"self":[{"href":"https:\/\/cultivers.es\/de\/wp-json\/wp\/v2\/product\/19880","targetHints":{"allow":["GET"]}}],"collection":[{"href":"https:\/\/cultivers.es\/de\/wp-json\/wp\/v2\/product"}],"about":[{"href":"https:\/\/cultivers.es\/de\/wp-json\/wp\/v2\/types\/product"}],"replies":[{"embeddable":true,"href":"https:\/\/cultivers.es\/de\/wp-json\/wp\/v2\/comments?post=19880"}],"wp:featuredmedia":[{"embeddable":true,"href":"https:\/\/cultivers.es\/de\/wp-json\/wp\/v2\/media\/15550"}],"wp:attachment":[{"href":"https:\/\/cultivers.es\/de\/wp-json\/wp\/v2\/media?parent=19880"}],"wp:term":[{"taxonomy":"product_brand","embeddable":true,"href":"https:\/\/cultivers.es\/de\/wp-json\/wp\/v2\/product_brand?post=19880"},{"taxonomy":"product_cat","embeddable":true,"href":"https:\/\/cultivers.es\/de\/wp-json\/wp\/v2\/product_cat?post=19880"},{"taxonomy":"product_tag","embeddable":true,"href":"https:\/\/cultivers.es\/de\/wp-json\/wp\/v2\/product_tag?post=19880"}],"curies":[{"name":"wp","href":"https:\/\/api.w.org\/{rel}","templated":true}]}}