{"id":19881,"date":"2022-10-07T07:08:06","date_gmt":"2022-10-07T07:08:06","guid":{"rendered":"https:\/\/cultivers.es\/abonos\/bio-aubergine-black-beauty-saatgut\/"},"modified":"2025-09-22T05:12:03","modified_gmt":"2025-09-22T05:12:03","slug":"schwarze-schonheit-schwarze-schonheit-okologische-eierpflanzen-samen","status":"publish","type":"product","link":"https:\/\/cultivers.es\/de\/d\u00fcngemittel\/schwarze-schonheit-schwarze-schonheit-okologische-eierpflanzen-samen\/","title":{"rendered":"Aubergine Black Beauty Biologisch-dynamische Demeter-Samen"},"content":{"rendered":"","protected":false},"excerpt":{"rendered":"<p>Die <strong>Aubergine Black Beauty<\/strong> ist eine klassische Sorte, die f\u00fcr ihre gro\u00dfen, ovalen, tiefvioletten Fr\u00fcchte gesch\u00e4tzt wird. Mit ihrem milden Geschmack und ihrer festen Konsistenz eignet sie sich ideal zum Braten, Schmoren, f\u00fcr So\u00dfen oder Cremes und ist damit eine vielseitige und k\u00f6stliche Wahl in der K\u00fcche. Sie ist au\u00dferdem leicht anzubauen und bietet gro\u00dfz\u00fcgige Ernten, perfekt f\u00fcr st\u00e4dtische und traditionelle G\u00e4rten.  <\/p>\n<p><strong>Gro\u00dfe und elegante Fr\u00fcchte:<\/strong> Produziert gro\u00dfz\u00fcgig bemessene Auberginen mit leuchtend violetter Schale, die in jedem Rezept gut zur Geltung kommen.<\/p>\n<p><strong>Sanfter und vielseitiger Geschmack:<\/strong> Sein fleischiges Fleisch nimmt die Aromen der Zutaten auf und verfeinert sowohl traditionelle als auch moderne Gerichte.<\/p>\n<p><strong>Hohe Produktivit\u00e4t:<\/strong> Diese Sorte garantiert reiche Ernten, auch bei minimaler Pflege, und passt sich gut an verschiedene Bodentypen und Klimazonen an.<\/p>\n<p><strong>Reich an N\u00e4hrstoffen:<\/strong> Als Quelle f\u00fcr Ballaststoffe, Antioxidantien, B-Vitamine und Mineralien tr\u00e4gt er zu einer ausgewogenen und gesunden Ern\u00e4hrung bei.<\/p>\n<p><strong>Einfacher Anbau:<\/strong> Geeignet f\u00fcr Anf\u00e4nger und Experten, leicht anpassbar an kleine G\u00e4rten, T\u00f6pfe oder Trockenlandanbau.<\/p>\n<p><strong>Biologischer Anbau:<\/strong> Unser Saatgut ist zu 100% biologisch, frei von Pestiziden und Chemikalien und garantiert eine nachhaltige und gesunde Umwelt.<\/p>\n<p>Genie\u00dfen Sie die Qualit\u00e4t, den Geschmack und den N\u00e4hrwert der <strong>Bio Black Beauty Aubergine<\/strong> direkt aus Ihrem Garten. Eine perfekte Wahl, um Ihren Tisch mit Frische, Farbe und Authentizit\u00e4t zu bereichern. Bestellen Sie noch heute und beginnen Sie, diese exquisite Sorte zu genie\u00dfen!  <\/p>\n","protected":false},"featured_media":15545,"comment_status":"open","ping_status":"closed","template":"","meta":{"_acf_changed":false},"product_brand":[],"product_cat":[438,419,1304],"product_tag":[1384],"class_list":{"0":"post-19881","1":"product","2":"type-product","3":"status-publish","4":"has-post-thumbnail","6":"product_cat-bio-obst-und-gemusesaatgut","7":"product_cat-bio-saatgut","8":"product_cat-demeter-samen","9":"product_tag-demeter-de","11":"first","12":"instock","13":"taxable","14":"shipping-taxable","15":"purchasable","16":"product-type-variable"},"acf":[],"_links":{"self":[{"href":"https:\/\/cultivers.es\/de\/wp-json\/wp\/v2\/product\/19881","targetHints":{"allow":["GET"]}}],"collection":[{"href":"https:\/\/cultivers.es\/de\/wp-json\/wp\/v2\/product"}],"about":[{"href":"https:\/\/cultivers.es\/de\/wp-json\/wp\/v2\/types\/product"}],"replies":[{"embeddable":true,"href":"https:\/\/cultivers.es\/de\/wp-json\/wp\/v2\/comments?post=19881"}],"wp:featuredmedia":[{"embeddable":true,"href":"https:\/\/cultivers.es\/de\/wp-json\/wp\/v2\/media\/15545"}],"wp:attachment":[{"href":"https:\/\/cultivers.es\/de\/wp-json\/wp\/v2\/media?parent=19881"}],"wp:term":[{"taxonomy":"product_brand","embeddable":true,"href":"https:\/\/cultivers.es\/de\/wp-json\/wp\/v2\/product_brand?post=19881"},{"taxonomy":"product_cat","embeddable":true,"href":"https:\/\/cultivers.es\/de\/wp-json\/wp\/v2\/product_cat?post=19881"},{"taxonomy":"product_tag","embeddable":true,"href":"https:\/\/cultivers.es\/de\/wp-json\/wp\/v2\/product_tag?post=19881"}],"curies":[{"name":"wp","href":"https:\/\/api.w.org\/{rel}","templated":true}]}}