{"id":19887,"date":"2022-10-07T07:08:06","date_gmt":"2022-10-07T07:08:06","guid":{"rendered":"https:\/\/cultivers.es\/abonos\/lila-bio-tomatillo-samen\/"},"modified":"2025-09-22T05:11:24","modified_gmt":"2025-09-22T05:11:24","slug":"bio-lila-tomatensaatgut-okologisch","status":"publish","type":"product","link":"https:\/\/cultivers.es\/de\/d\u00fcngemittel\/bio-lila-tomatensaatgut-okologisch\/","title":{"rendered":"Violette Tomatillo-Samen"},"content":{"rendered":"","protected":false},"excerpt":{"rendered":"<p>Die <strong>Purple Tomatillo<\/strong> ist eine besondere Tomatillo-Sorte, die f\u00fcr ihre violetten Fr\u00fcchte, ihren leicht s\u00fc\u00dfen Geschmack und einen Hauch von S\u00e4ure gesch\u00e4tzt wird. Diese kleine Frucht, die von einer d\u00fcnnen Schale umh\u00fcllt ist, ist eine unverzichtbare Zutat f\u00fcr Saucen, Eint\u00f6pfe, Suppen oder auch frisch im Salat zu essen. Ihre Farbe und ihr Geschmack verleihen ihr einen einzigartigen Charakter und bereichern eine Vielzahl von kulinarischen Zubereitungen.  <\/p>\n<p><strong>Violette Fr\u00fcchte:<\/strong> Die Purple Tomatillo produziert kleine runde Fr\u00fcchte, die von einer d\u00fcnnen Schale bedeckt sind. Wenn sie reif sind, bekommen sie einen intensiven violetten Farbton und f\u00fcllen Ihren Garten mit Farbe und Originalit\u00e4t.<\/p>\n<p><strong>S\u00fc\u00df-saurer Geschmack:<\/strong> Seine perfekte Balance zwischen S\u00fc\u00dfe und S\u00e4ure macht ihn ideal f\u00fcr die Zubereitung von authentischen Saucen, Salaten mit exotischem Touch oder um Fleisch und Fisch einen einzigartigen Geschmack zu verleihen.<\/p>\n<p><strong>Hohe Produktivit\u00e4t:<\/strong> Diese Pflanze ist widerstandsf\u00e4hig und liefert gro\u00dfz\u00fcgige Ertr\u00e4ge, die die ganze Saison \u00fcber Fr\u00fcchte tragen.<\/p>\n<p><strong>Reich an N\u00e4hrstoffen:<\/strong> Die Tomatillo liefert die Vitamine A und C, Antioxidantien und Mineralien und tr\u00e4gt damit zu einer abwechslungsreichen und gesunden Ern\u00e4hrung bei.<\/p>\n<p><strong>Einfacher Anbau:<\/strong> Sie passt sich gut an verschiedene Klimazonen und B\u00f6den an und ist sowohl f\u00fcr st\u00e4dtische G\u00e4rten in T\u00f6pfen als auch f\u00fcr gr\u00f6\u00dfere Kulturen geeignet.<\/p>\n<p><strong>Biologischer Anbau:<\/strong> Unser Saatgut ist 100% biologisch, frei von Pestiziden und chemischen D\u00fcngemitteln und garantiert einen nachhaltigen und umweltfreundlichen Garten.<\/p>\n<p>Genie\u00dfen Sie den authentischen Geschmack der <strong>Bio Purple Tomatillo<\/strong> und f\u00fcllen Sie Ihren Tisch mit farbenfrohen, frischen und originellen Zubereitungen. Bestellen Sie noch heute und genie\u00dfen Sie diese exotische Sorte direkt aus Ihrem Garten! <\/p>\n","protected":false},"featured_media":15605,"comment_status":"open","ping_status":"closed","template":"","meta":{"_acf_changed":false},"product_brand":[],"product_cat":[438,419],"product_tag":[1580],"class_list":{"0":"post-19887","1":"product","2":"type-product","3":"status-publish","4":"has-post-thumbnail","6":"product_cat-bio-obst-und-gemusesaatgut","7":"product_cat-bio-saatgut","8":"product_tag-oko","10":"first","11":"instock","12":"sale","13":"taxable","14":"shipping-taxable","15":"purchasable","16":"product-type-simple"},"acf":[],"_links":{"self":[{"href":"https:\/\/cultivers.es\/de\/wp-json\/wp\/v2\/product\/19887","targetHints":{"allow":["GET"]}}],"collection":[{"href":"https:\/\/cultivers.es\/de\/wp-json\/wp\/v2\/product"}],"about":[{"href":"https:\/\/cultivers.es\/de\/wp-json\/wp\/v2\/types\/product"}],"replies":[{"embeddable":true,"href":"https:\/\/cultivers.es\/de\/wp-json\/wp\/v2\/comments?post=19887"}],"wp:featuredmedia":[{"embeddable":true,"href":"https:\/\/cultivers.es\/de\/wp-json\/wp\/v2\/media\/15605"}],"wp:attachment":[{"href":"https:\/\/cultivers.es\/de\/wp-json\/wp\/v2\/media?parent=19887"}],"wp:term":[{"taxonomy":"product_brand","embeddable":true,"href":"https:\/\/cultivers.es\/de\/wp-json\/wp\/v2\/product_brand?post=19887"},{"taxonomy":"product_cat","embeddable":true,"href":"https:\/\/cultivers.es\/de\/wp-json\/wp\/v2\/product_cat?post=19887"},{"taxonomy":"product_tag","embeddable":true,"href":"https:\/\/cultivers.es\/de\/wp-json\/wp\/v2\/product_tag?post=19887"}],"curies":[{"name":"wp","href":"https:\/\/api.w.org\/{rel}","templated":true}]}}