{"id":19888,"date":"2022-10-07T07:08:06","date_gmt":"2022-10-07T07:08:06","guid":{"rendered":"https:\/\/cultivers.es\/abonos\/aubergine-violetta-lunga-bio-saatgut\/"},"modified":"2025-09-22T05:12:13","modified_gmt":"2025-09-22T05:12:13","slug":"bio-violetta-lunga-auberginen-samen","status":"publish","type":"product","link":"https:\/\/cultivers.es\/de\/d\u00fcngemittel\/bio-violetta-lunga-auberginen-samen\/","title":{"rendered":"Aubergine Violetta Lunga Biologisch-dynamisches Saatgut Demeter"},"content":{"rendered":"","protected":false},"excerpt":{"rendered":"<p>Die <strong>Aubergine Violetta Lunga<\/strong> ist eine traditionelle italienische Sorte, die f\u00fcr ihre l\u00e4nglichen, d\u00fcnnh\u00e4utigen, tiefvioletten Fr\u00fcchte bekannt ist. Sie zeichnet sich durch ihren milden und leicht s\u00fc\u00dfen Geschmack aus, mit einer festen und saftigen Textur, die sie zu einer vielseitigen Wahl in der K\u00fcche macht. Diese Aubergine eignet sich perfekt zum Braten, Sautieren, F\u00fcllen oder f\u00fcr So\u00dfen. Sie ist ideal f\u00fcr alle, die einen authentischen Geschmack und ein einfach anzubauenderes Gem\u00fcse suchen.  <\/p>\n<p><strong>Langgestreckte und schlanke Fr\u00fcchte:<\/strong> Erzeugt l\u00e4ngliche Auberginen mit d\u00fcnner Schale und tiefvioletter Farbe, perfekt f\u00fcr elegante Pr\u00e4sentationen auf dem Teller.<\/p>\n<p><strong>Milder und s\u00fc\u00dfer Geschmack:<\/strong> Mit ihrem delikaten Geschmack und ihrem festen, saftigen Fruchtfleisch ist sie ideal f\u00fcr alle Arten von Zubereitungen, von traditionellen Rezepten bis hin zu kreativen Gerichten.<\/p>\n<p><strong>Hohe Produktivit\u00e4t:<\/strong> Diese Sorte bietet gro\u00dfz\u00fcgige und qualitativ hochwertige Ernten, die eine kontinuierliche Fruchtbildung w\u00e4hrend der gesamten Vegetationsperiode garantieren.<\/p>\n<p><strong>Reich an N\u00e4hrstoffen:<\/strong> Aubergine ist eine Quelle von Ballaststoffen, Antioxidantien, B-Vitaminen und essentiellen Mineralien und tr\u00e4gt zu einer gesunden und ausgewogenen Ern\u00e4hrung bei.<\/p>\n<p><strong>Einfacher Anbau:<\/strong> Sie ist robust und anpassungsf\u00e4hig an verschiedene Klimazonen und B\u00f6den und eignet sich sowohl f\u00fcr Anf\u00e4nger als auch f\u00fcr erfahrene G\u00e4rtner.<\/p>\n<p><strong>Biologischer Anbau:<\/strong> Unser Saatgut ist zu 100% biologisch, frei von Pestiziden und Chemikalien und garantiert einen nachhaltigen und umweltfreundlichen Garten.<\/p>\n<p>Genie\u00dfen Sie die Eleganz, den Geschmack und die Qualit\u00e4t der <strong>Bio-Aubergine Violetta Lunga<\/strong> direkt in Ihrem Garten. Eine ausgezeichnete Wahl, um Ihren Tisch mit gesunden, farbenfrohen und schmackhaften Gerichten zu bereichern. Bestellen Sie noch heute und beginnen Sie mit dem Anbau dieser exquisiten Sorte!  <\/p>\n","protected":false},"featured_media":15555,"comment_status":"open","ping_status":"closed","template":"","meta":{"_acf_changed":false},"product_brand":[],"product_cat":[438,419,1304],"product_tag":[1384],"class_list":{"0":"post-19888","1":"product","2":"type-product","3":"status-publish","4":"has-post-thumbnail","6":"product_cat-bio-obst-und-gemusesaatgut","7":"product_cat-bio-saatgut","8":"product_cat-demeter-samen","9":"product_tag-demeter-de","11":"first","12":"instock","13":"taxable","14":"shipping-taxable","15":"purchasable","16":"product-type-variable"},"acf":[],"_links":{"self":[{"href":"https:\/\/cultivers.es\/de\/wp-json\/wp\/v2\/product\/19888","targetHints":{"allow":["GET"]}}],"collection":[{"href":"https:\/\/cultivers.es\/de\/wp-json\/wp\/v2\/product"}],"about":[{"href":"https:\/\/cultivers.es\/de\/wp-json\/wp\/v2\/types\/product"}],"replies":[{"embeddable":true,"href":"https:\/\/cultivers.es\/de\/wp-json\/wp\/v2\/comments?post=19888"}],"wp:featuredmedia":[{"embeddable":true,"href":"https:\/\/cultivers.es\/de\/wp-json\/wp\/v2\/media\/15555"}],"wp:attachment":[{"href":"https:\/\/cultivers.es\/de\/wp-json\/wp\/v2\/media?parent=19888"}],"wp:term":[{"taxonomy":"product_brand","embeddable":true,"href":"https:\/\/cultivers.es\/de\/wp-json\/wp\/v2\/product_brand?post=19888"},{"taxonomy":"product_cat","embeddable":true,"href":"https:\/\/cultivers.es\/de\/wp-json\/wp\/v2\/product_cat?post=19888"},{"taxonomy":"product_tag","embeddable":true,"href":"https:\/\/cultivers.es\/de\/wp-json\/wp\/v2\/product_tag?post=19888"}],"curies":[{"name":"wp","href":"https:\/\/api.w.org\/{rel}","templated":true}]}}