{"id":19890,"date":"2022-10-07T07:08:06","date_gmt":"2022-10-07T07:08:06","guid":{"rendered":"https:\/\/cultivers.es\/abonos\/tomatensaatgut-ace-55-bio\/"},"modified":"2025-09-22T05:33:32","modified_gmt":"2025-09-22T05:33:32","slug":"samen-tomato-ace-55-okologisch","status":"publish","type":"product","link":"https:\/\/cultivers.es\/de\/d\u00fcngemittel\/samen-tomato-ace-55-okologisch\/","title":{"rendered":"Tomatensamen Ace 55"},"content":{"rendered":"","protected":false},"excerpt":{"rendered":"<p>Die <strong>Ace 55 Tomate<\/strong> ist eine klassische Sorte, die f\u00fcr ihre mittelgro\u00dfen, dickh\u00e4utigen, festfleischigen Fr\u00fcchte mit einem ausgewogenen, leicht s\u00fc\u00dfen Geschmack bekannt ist. Sie ist ideal f\u00fcr Salate, So\u00dfen oder Konserven und bietet eine au\u00dfergew\u00f6hnliche Vielseitigkeit in der K\u00fcche. Dank ihrer Widerstandsf\u00e4higkeit und Produktivit\u00e4t ist diese Tomate perfekt f\u00fcr G\u00e4rtner, die eine reiche und hochwertige Ernte anstreben.  <\/p>\n<p><strong>Mittelgro\u00dfe und gleichm\u00e4\u00dfige Fr\u00fcchte:<\/strong> Produziert mittelgro\u00dfe, runde Tomaten mit widerstandsf\u00e4higer Schale, ideal f\u00fcr verschiedene kulinarische Zubereitungen.<\/p>\n<p><strong>Milder und ausgewogener Geschmack:<\/strong> Sein s\u00fc\u00dfer Geschmack mit einem Hauch von S\u00e4ure macht ihn zu einer vielseitigen Wahl f\u00fcr alle Arten von Gerichten, von frischen Salaten bis hin zu selbstgemachten So\u00dfen.<\/p>\n<p><strong>Gute Produktivit\u00e4t:<\/strong> Die Ace 55 Tomato zeichnet sich durch einen hohen Ertrag aus, der w\u00e4hrend der gesamten Saison gro\u00dfz\u00fcgige Ernten garantiert.<\/p>\n<p><strong>Widerstandsf\u00e4hig und vielseitig:<\/strong> Diese Sorte ist resistent gegen verschiedene klimatische Bedingungen und passt sich gut an unterschiedliche B\u00f6den an, so dass sie sich sowohl f\u00fcr st\u00e4dtische als auch f\u00fcr gr\u00f6\u00dfere G\u00e4rten eignet.<\/p>\n<p><strong>Reich an N\u00e4hrstoffen:<\/strong> Als Quelle der Vitamine A und C, Antioxidantien und Mineralien tr\u00e4gt diese Tomate zu einer ausgewogenen und gesunden Ern\u00e4hrung bei.<\/p>\n<p><strong>Biologischer Anbau:<\/strong> Unser Saatgut ist zu 100% biologisch, frei von Pestiziden und chemischen D\u00fcngemitteln und garantiert einen nachhaltigen und umweltfreundlichen Anbau.<\/p>\n<p>Genie\u00dfen Sie den Geschmack, die Vielseitigkeit und die Qualit\u00e4t der <strong>Ace 55 Bio-Tomate<\/strong> direkt in Ihrem Garten. Nehmen Sie diese Sorte in Ihren Garten auf und genie\u00dfen Sie die ganze Saison \u00fcber reiche, k\u00f6stliche Ernten - bestellen Sie noch heute und genie\u00dfen Sie diesen Gartenklassiker!  <\/p>\n","protected":false},"featured_media":15560,"comment_status":"open","ping_status":"closed","template":"","meta":{"_acf_changed":false},"product_brand":[],"product_cat":[438,419],"product_tag":[1580],"class_list":{"0":"post-19890","1":"product","2":"type-product","3":"status-publish","4":"has-post-thumbnail","6":"product_cat-bio-obst-und-gemusesaatgut","7":"product_cat-bio-saatgut","8":"product_tag-oko","10":"first","11":"instock","12":"taxable","13":"shipping-taxable","14":"purchasable","15":"product-type-simple"},"acf":[],"_links":{"self":[{"href":"https:\/\/cultivers.es\/de\/wp-json\/wp\/v2\/product\/19890","targetHints":{"allow":["GET"]}}],"collection":[{"href":"https:\/\/cultivers.es\/de\/wp-json\/wp\/v2\/product"}],"about":[{"href":"https:\/\/cultivers.es\/de\/wp-json\/wp\/v2\/types\/product"}],"replies":[{"embeddable":true,"href":"https:\/\/cultivers.es\/de\/wp-json\/wp\/v2\/comments?post=19890"}],"wp:featuredmedia":[{"embeddable":true,"href":"https:\/\/cultivers.es\/de\/wp-json\/wp\/v2\/media\/15560"}],"wp:attachment":[{"href":"https:\/\/cultivers.es\/de\/wp-json\/wp\/v2\/media?parent=19890"}],"wp:term":[{"taxonomy":"product_brand","embeddable":true,"href":"https:\/\/cultivers.es\/de\/wp-json\/wp\/v2\/product_brand?post=19890"},{"taxonomy":"product_cat","embeddable":true,"href":"https:\/\/cultivers.es\/de\/wp-json\/wp\/v2\/product_cat?post=19890"},{"taxonomy":"product_tag","embeddable":true,"href":"https:\/\/cultivers.es\/de\/wp-json\/wp\/v2\/product_tag?post=19890"}],"curies":[{"name":"wp","href":"https:\/\/api.w.org\/{rel}","templated":true}]}}