{"id":19892,"date":"2022-10-07T07:08:06","date_gmt":"2022-10-07T07:08:06","guid":{"rendered":"https:\/\/cultivers.es\/abonos\/bio-birnen-tomatensamen-rot\/"},"modified":"2025-09-22T05:20:48","modified_gmt":"2025-09-22T05:20:48","slug":"saatgut-tomate-rote-birne-okologisch","status":"publish","type":"product","link":"https:\/\/cultivers.es\/de\/d\u00fcngemittel\/saatgut-tomate-rote-birne-okologisch\/","title":{"rendered":"Rote Birne Tomatensamen"},"content":{"rendered":"","protected":false},"excerpt":{"rendered":"<p>Bringen Sie einen Hauch von Eleganz und Geschmack in Ihren Garten mit unseren <strong>Bio Red Pear Tomatensamen<\/strong>. Diese Sorte, die f\u00fcr ihre charakteristische Birnenform und ihre leuchtend rote Farbe bekannt ist, eignet sich ideal f\u00fcr Salate, Saucen, Vorspeisen und vieles mehr. Mit ihrem s\u00fc\u00dfen, leicht s\u00e4uerlichen Geschmack und ihrer festen, saftigen Konsistenz ist die Red Pear Tomate eine k\u00f6stliche und vielseitige Wahl f\u00fcr jede K\u00fcche. Au\u00dferdem ist sie dank ihres einfachen Anbaus und ihrer hohen Ertr\u00e4ge die perfekte Wahl f\u00fcr G\u00e4rtner aller Stufen.   <\/p>\n<ul>\n<li><strong>Einzigartige Form und lebendige Farbe:<\/strong> Die Red Pear Tomato zeichnet sich durch ihre kleine Birnenform und ihre intensive rote Farbe aus, die Ihren Gerichten eine dekorative und attraktive Note verleiht.<\/li>\n<li><strong>S\u00fc\u00dfer und ausgewogener Geschmack:<\/strong> Diese Sorte kombiniert eine nat\u00fcrliche S\u00fc\u00dfe mit einem Hauch von S\u00e4ure und bietet ein perfektes Geschmacksprofil f\u00fcr Salate, Beilagen, So\u00dfen und Konserven.<\/li>\n<li><strong>Feste und saftige Textur:<\/strong> Ideal zum Schneiden oder zur Verwendung in frischen und gekochten Rezepten. Durch ihre feste Textur ist diese Tomate leicht zu handhaben und vielseitig in der K\u00fcche einsetzbar.<\/li>\n<li><strong>Produktive und widerstandsf\u00e4hige Pflanze:<\/strong> Diese Pflanze ist kr\u00e4ftig und liefert die ganze Saison \u00fcber reiche Ernten, so dass eine kontinuierliche Versorgung mit k\u00f6stlichen Tomaten gew\u00e4hrleistet ist.<\/li>\n<li><strong>Einfacher Anbau:<\/strong> Die Red Pear Tomato ist robust und anpassungsf\u00e4hig, ideal f\u00fcr Anf\u00e4nger und erfahrene G\u00e4rtner. Sie kann im Garten oder in T\u00f6pfen auf kleinerem Raum angebaut werden. <\/li>\n<li><strong>Biologischer Anbau:<\/strong> Unser Saatgut ist 100% biologisch, frei von Pestiziden und Chemikalien und garantiert eine umweltfreundliche und gesunde Ernte f\u00fcr Sie und Ihre Familie.<\/li>\n<\/ul>\n<p>Versch\u00f6nern Sie Ihren Garten mit k\u00f6stlichen und auff\u00e4lligen <strong>Bio-Birnen-Tomaten<\/strong>. Bauen Sie nachhaltig an und genie\u00dfen Sie eine reiche und vielseitige Ernte f\u00fcr Ihre Lieblingsrezepte - bestellen Sie noch heute und f\u00fcllen Sie Ihren Tisch mit Geschmack und Frische direkt aus Ihrem Garten!  <\/p>\n","protected":false},"featured_media":15595,"comment_status":"open","ping_status":"closed","template":"","meta":{"_acf_changed":false},"product_brand":[],"product_cat":[438,419],"product_tag":[1580],"woo-feed-brand":[],"class_list":{"0":"post-19892","1":"product","2":"type-product","3":"status-publish","4":"has-post-thumbnail","6":"product_cat-bio-obst-und-gemusesaatgut","7":"product_cat-bio-saatgut","8":"product_tag-oko","10":"first","11":"instock","12":"sale","13":"taxable","14":"shipping-taxable","15":"purchasable","16":"product-type-simple"},"acf":[],"_links":{"self":[{"href":"https:\/\/cultivers.es\/de\/wp-json\/wp\/v2\/product\/19892","targetHints":{"allow":["GET"]}}],"collection":[{"href":"https:\/\/cultivers.es\/de\/wp-json\/wp\/v2\/product"}],"about":[{"href":"https:\/\/cultivers.es\/de\/wp-json\/wp\/v2\/types\/product"}],"replies":[{"embeddable":true,"href":"https:\/\/cultivers.es\/de\/wp-json\/wp\/v2\/comments?post=19892"}],"wp:featuredmedia":[{"embeddable":true,"href":"https:\/\/cultivers.es\/de\/wp-json\/wp\/v2\/media\/15595"}],"wp:attachment":[{"href":"https:\/\/cultivers.es\/de\/wp-json\/wp\/v2\/media?parent=19892"}],"wp:term":[{"taxonomy":"product_brand","embeddable":true,"href":"https:\/\/cultivers.es\/de\/wp-json\/wp\/v2\/product_brand?post=19892"},{"taxonomy":"product_cat","embeddable":true,"href":"https:\/\/cultivers.es\/de\/wp-json\/wp\/v2\/product_cat?post=19892"},{"taxonomy":"product_tag","embeddable":true,"href":"https:\/\/cultivers.es\/de\/wp-json\/wp\/v2\/product_tag?post=19892"},{"taxonomy":"woo-feed-brand","embeddable":true,"href":"https:\/\/cultivers.es\/de\/wp-json\/wp\/v2\/woo-feed-brand?post=19892"}],"curies":[{"name":"wp","href":"https:\/\/api.w.org\/{rel}","templated":true}]}}