{"id":19893,"date":"2022-10-07T07:08:06","date_gmt":"2022-10-07T07:08:06","guid":{"rendered":"https:\/\/cultivers.es\/abonos\/bio-principe-borghese-tomatensamen\/"},"modified":"2025-09-22T05:21:16","modified_gmt":"2025-09-22T05:21:16","slug":"tomatensamen-furst-borghese-okologisch","status":"publish","type":"product","link":"https:\/\/cultivers.es\/de\/d\u00fcngemittel\/tomatensamen-furst-borghese-okologisch\/","title":{"rendered":"Biologisch-dynamisches Tomatensaatgut Principe Borghese Demeter"},"content":{"rendered":"","protected":false},"excerpt":{"rendered":"<p>Die <strong>Principe Borghese Tomate<\/strong> ist eine traditionelle italienische Sorte, die f\u00fcr ihre kleinen, runden und intensiv schmeckenden Fr\u00fcchte bekannt ist. Diese Tomaten eignen sich hervorragend zum Trocknen in der Sonne, zur Zubereitung von konzentrierten Saucen, Salaten oder als Vorspeise. Ihr festes Fruchtfleisch und die harte Schale machen sie ideal f\u00fcr eine l\u00e4ngere Lagerung. Die Demeter-Zertifizierung garantiert, dass dieses Saatgut nach den Grunds\u00e4tzen der biologisch-dynamischen Landwirtschaft gewonnen wurde und somit einen nachhaltigen und umweltfreundlichen Anbau gew\u00e4hrleistet.   <\/p>\n<p><strong>Kleine und schmackhafte Fr\u00fcchte:<\/strong> Produziert kleine Tomaten mit einem intensiven und leicht s\u00fc\u00dfen Geschmack, ideal f\u00fcr den frischen oder getrockneten Genuss.<\/p>\n<p><strong>Feste Textur:<\/strong> Das dichte Fruchtfleisch und die feste Schale erleichtern die Konservierung und machen sie zu einer vielseitigen Zutat in der K\u00fcche.<\/p>\n<p><strong>Hohe Produktivit\u00e4t:<\/strong> Diese Sorte bietet gro\u00dfz\u00fcgige Ertr\u00e4ge und liefert die ganze Saison \u00fcber eine F\u00fclle von Tomaten.<\/p>\n<p><strong>Reich an N\u00e4hrstoffen:<\/strong> Als Quelle der Vitamine A und C, Antioxidantien und Mineralien tr\u00e4gt die Principe Borghese Tomate zu einer ausgewogenen und gesunden Ern\u00e4hrung bei.<\/p>\n<p><strong>Einfach anzubauen:<\/strong> Sie passt sich an verschiedene Bodenarten und Klimazonen an und ist sowohl f\u00fcr Anf\u00e4nger als auch f\u00fcr erfahrene G\u00e4rtner geeignet.<\/p>\n<p><strong>Demeter-Zertifizierung:<\/strong> Dieses Saatgut wurde nach den Grunds\u00e4tzen der biodynamischen Landwirtschaft angebaut, die die nat\u00fcrlichen Kreisl\u00e4ufe des Bodens respektiert und die Artenvielfalt f\u00f6rdert.<\/p>\n<p><strong>Biologischer Anbau:<\/strong> Unser Saatgut ist 100% biologisch, frei von Pestiziden und chemischen D\u00fcngemitteln und garantiert einen nachhaltigen und gesunden Garten.<\/p>\n<p>Genie\u00dfen Sie die italienische Tradition und die au\u00dfergew\u00f6hnliche Qualit\u00e4t der <strong>Demeter Bio-Tomate Principe Borghese<\/strong>. Erg\u00e4nzen Sie Ihren Garten um diese vielseitige Tomate und nutzen Sie ihren authentischen Geschmack in einer Vielzahl von Rezepten - bestellen Sie noch heute und entdecken Sie den Charme dieser klassischen Sorte!  <\/p>\n","protected":false},"featured_media":15590,"comment_status":"open","ping_status":"closed","template":"","meta":{"_acf_changed":false},"product_brand":[],"product_cat":[419,1304],"product_tag":[1384],"class_list":{"0":"post-19893","1":"product","2":"type-product","3":"status-publish","4":"has-post-thumbnail","6":"product_cat-bio-saatgut","7":"product_cat-demeter-samen","8":"product_tag-demeter-de","10":"first","11":"instock","12":"sale","13":"taxable","14":"shipping-taxable","15":"purchasable","16":"product-type-simple"},"acf":[],"_links":{"self":[{"href":"https:\/\/cultivers.es\/de\/wp-json\/wp\/v2\/product\/19893","targetHints":{"allow":["GET"]}}],"collection":[{"href":"https:\/\/cultivers.es\/de\/wp-json\/wp\/v2\/product"}],"about":[{"href":"https:\/\/cultivers.es\/de\/wp-json\/wp\/v2\/types\/product"}],"replies":[{"embeddable":true,"href":"https:\/\/cultivers.es\/de\/wp-json\/wp\/v2\/comments?post=19893"}],"wp:featuredmedia":[{"embeddable":true,"href":"https:\/\/cultivers.es\/de\/wp-json\/wp\/v2\/media\/15590"}],"wp:attachment":[{"href":"https:\/\/cultivers.es\/de\/wp-json\/wp\/v2\/media?parent=19893"}],"wp:term":[{"taxonomy":"product_brand","embeddable":true,"href":"https:\/\/cultivers.es\/de\/wp-json\/wp\/v2\/product_brand?post=19893"},{"taxonomy":"product_cat","embeddable":true,"href":"https:\/\/cultivers.es\/de\/wp-json\/wp\/v2\/product_cat?post=19893"},{"taxonomy":"product_tag","embeddable":true,"href":"https:\/\/cultivers.es\/de\/wp-json\/wp\/v2\/product_tag?post=19893"}],"curies":[{"name":"wp","href":"https:\/\/api.w.org\/{rel}","templated":true}]}}