{"id":19894,"date":"2022-10-07T07:08:06","date_gmt":"2022-10-07T07:08:06","guid":{"rendered":"https:\/\/cultivers.es\/abonos\/bio-ochsenherz-tomatensaatgut\/"},"modified":"2025-09-22T05:21:13","modified_gmt":"2025-09-22T05:21:13","slug":"bio-oko-gemuse-herz-tomatensaatgut","status":"publish","type":"product","link":"https:\/\/cultivers.es\/de\/d\u00fcngemittel\/bio-oko-gemuse-herz-tomatensaatgut\/","title":{"rendered":"Oxheart Tomatensamen"},"content":{"rendered":"","protected":false},"excerpt":{"rendered":"<p>Die <strong>Ochsenherz-Tomate<\/strong> ist eine klassische Sorte, die wegen ihrer charakteristischen Herzform und der au\u00dfergew\u00f6hnlichen Qualit\u00e4t ihres Fruchtfleisches sehr gesch\u00e4tzt wird. Ihr Geschmack ist s\u00fc\u00df und ausgewogen, mit einer fleischigen Textur, die ideal f\u00fcr Salate, So\u00dfen oder den Frischverzehr ist. Diese Sorte ist daf\u00fcr bekannt, dass sie gro\u00dfe, saftige Fr\u00fcchte hervorbringt, was sie zu einem Muss f\u00fcr Liebhaber authentischer, geschmacksintensiver Tomaten macht.  <\/p>\n<p><strong>Gro\u00dfe, fleischige Fr\u00fcchte:<\/strong> Produziert gro\u00dfe Tomaten mit festem, saftigem Fruchtfleisch, perfekt f\u00fcr eine Vielzahl von kulinarischen Zubereitungen.<\/p>\n<p><strong>S\u00fc\u00dfer und ausgewogener Geschmack:<\/strong> Ihre nat\u00fcrliche S\u00fc\u00dfe, kombiniert mit einer leichten S\u00e4ure, macht sie zu einer vielseitigen Tomate, die sowohl roh als auch gekocht k\u00f6stlich ist.<\/p>\n<p><strong>Zarte Textur und festes Fruchtfleisch:<\/strong> Dank ihres hohen Anteils an Fruchtfleisch ist diese Tomate ideal f\u00fcr Saucen, P\u00fcrees, Salate und Sandwiches und bietet ein au\u00dfergew\u00f6hnliches Geschmackserlebnis.<\/p>\n<p><strong>Reich an N\u00e4hrstoffen:<\/strong> Wichtige Quelle f\u00fcr die Vitamine A, C und Antioxidantien, die zu einer gesunden und ausgewogenen Ern\u00e4hrung beitragen.<\/p>\n<p><strong>Einfach anzubauen:<\/strong> Sie passt sich an verschiedene klimatische Bedingungen und Bodentypen an und ist f\u00fcr Anf\u00e4nger und erfahrene G\u00e4rtner gleicherma\u00dfen geeignet.<\/p>\n<p><strong>Biologischer Anbau:<\/strong> Unser Saatgut ist 100% biologisch, frei von Pestiziden und chemischen D\u00fcngemitteln und garantiert einen nachhaltigen und umweltfreundlichen Garten.<\/p>\n<p>Genie\u00dfen Sie den Geschmack, die Textur und die Qualit\u00e4t der <strong>Bio Beefheart Tomate<\/strong> direkt aus Ihrem Garten. Eine ideale Wahl f\u00fcr alle, die Authentizit\u00e4t und traditionellen Tomatengeschmack sch\u00e4tzen. Bestellen Sie noch heute und entdecken Sie den Charme dieser klassischen Sorte!  <\/p>\n","protected":false},"featured_media":15575,"comment_status":"open","ping_status":"closed","template":"","meta":{"_acf_changed":false},"product_brand":[],"product_cat":[438,419],"product_tag":[1580],"class_list":{"0":"post-19894","1":"product","2":"type-product","3":"status-publish","4":"has-post-thumbnail","6":"product_cat-bio-obst-und-gemusesaatgut","7":"product_cat-bio-saatgut","8":"product_tag-oko","10":"first","11":"instock","12":"taxable","13":"shipping-taxable","14":"purchasable","15":"product-type-simple"},"acf":[],"_links":{"self":[{"href":"https:\/\/cultivers.es\/de\/wp-json\/wp\/v2\/product\/19894","targetHints":{"allow":["GET"]}}],"collection":[{"href":"https:\/\/cultivers.es\/de\/wp-json\/wp\/v2\/product"}],"about":[{"href":"https:\/\/cultivers.es\/de\/wp-json\/wp\/v2\/types\/product"}],"replies":[{"embeddable":true,"href":"https:\/\/cultivers.es\/de\/wp-json\/wp\/v2\/comments?post=19894"}],"wp:featuredmedia":[{"embeddable":true,"href":"https:\/\/cultivers.es\/de\/wp-json\/wp\/v2\/media\/15575"}],"wp:attachment":[{"href":"https:\/\/cultivers.es\/de\/wp-json\/wp\/v2\/media?parent=19894"}],"wp:term":[{"taxonomy":"product_brand","embeddable":true,"href":"https:\/\/cultivers.es\/de\/wp-json\/wp\/v2\/product_brand?post=19894"},{"taxonomy":"product_cat","embeddable":true,"href":"https:\/\/cultivers.es\/de\/wp-json\/wp\/v2\/product_cat?post=19894"},{"taxonomy":"product_tag","embeddable":true,"href":"https:\/\/cultivers.es\/de\/wp-json\/wp\/v2\/product_tag?post=19894"}],"curies":[{"name":"wp","href":"https:\/\/api.w.org\/{rel}","templated":true}]}}