{"id":19929,"date":"2022-10-07T07:08:06","date_gmt":"2022-10-07T07:08:06","guid":{"rendered":"https:\/\/cultivers.es\/abonos\/bio-quadrato-dasti-giallo-pfeffersamen\/"},"modified":"2025-09-22T05:11:42","modified_gmt":"2025-09-22T05:11:42","slug":"saatgut-paprika-quadrat-d-asti-giallo-okologisch","status":"publish","type":"product","link":"https:\/\/cultivers.es\/de\/d\u00fcngemittel\/saatgut-paprika-quadrat-d-asti-giallo-okologisch\/","title":{"rendered":"Roter Quadrato d&#8217;Asti Roter Paprika Saatgut"},"content":{"rendered":"","protected":false},"excerpt":{"rendered":"<p>Die <strong>rote Paprika Quadrato d&#8217;Asti<\/strong> ist eine traditionelle italienische Sorte, die f\u00fcr ihre gro\u00dfen, fleischigen und fast quadratisch geformten Fr\u00fcchte bekannt ist. Sie zeichnet sich durch ihre intensiv rote Farbe und ihren <strong>s\u00fc\u00dfen<\/strong> und <strong>milden<\/strong> Geschmack aus, der sich perfekt f\u00fcr Salate, Braten, Saucen oder gef\u00fcllt genie\u00dfen l\u00e4sst. Ihr dickes und saftiges Fruchtfleisch bietet ein unvergleichliches kulinarisches Erlebnis, w\u00e4hrend ihre <strong>hohe Produktivit\u00e4t<\/strong> und <strong>Widerstandsf\u00e4higkeit<\/strong> sie zu einer au\u00dfergew\u00f6hnlichen Wahl f\u00fcr jeden Bio-Obstgarten machen.  <\/p>\n<p><strong>Gro\u00dfe Fr\u00fcchte und dickes Fleisch:<\/strong> Produziert gro\u00dfe Paprika mit festem und saftigem Fruchtfleisch, ideal f\u00fcr alle kulinarischen Zubereitungen.<\/p>\n<p><strong>S\u00fc\u00dfer und milder Geschmack:<\/strong> Die nat\u00fcrliche S\u00fc\u00dfe und die knusprige Textur machen ihn perfekt f\u00fcr den Frischverzehr oder gekocht, um den Geschmack jedes Rezepts zu verbessern.<\/p>\n<p><strong>Intensive rote Farbe:<\/strong> Wenn die Fr\u00fcchte reif sind, haben sie einen leuchtend roten Farbton, der Ihren Gerichten Farbe und optischen Reiz verleiht.<\/p>\n<p><strong>Widerstandsf\u00e4hig und produktiv:<\/strong> Diese Sorte passt sich gut an verschiedene Bodentypen und Klimazonen an und garantiert eine reiche und zufriedenstellende Ernte.<\/p>\n<p><strong>Reich an N\u00e4hrstoffen:<\/strong> Quelle der Vitamine A und C, Antioxidantien und Mineralien, die zu einer ausgewogenen und gesunden Ern\u00e4hrung beitragen.<\/p>\n<p><strong>Biologischer Anbau:<\/strong> Unser Saatgut ist zu 100% biologisch, frei von Pestiziden und Chemikalien und garantiert einen nachhaltigen und umweltfreundlichen Anbau.<\/p>\n<p>Genie\u00dfen Sie die Qualit\u00e4t, den Geschmack und die Vielseitigkeit des <strong>roten Bio-Paprikas Quadrato d&#8217;Asti<\/strong> direkt aus Ihrem Garten. Eine ausgezeichnete Wahl f\u00fcr alle, die einen traditionellen, nahrhaften und schmackhaften Pfeffer suchen. Bestellen Sie noch heute und f\u00fcgen Sie Ihrem Garten diese klassische Sorte hinzu!  <\/p>\n","protected":false},"featured_media":15530,"comment_status":"open","ping_status":"closed","template":"","meta":{"_acf_changed":false},"product_brand":[],"product_cat":[438,419],"product_tag":[1580],"class_list":{"0":"post-19929","1":"product","2":"type-product","3":"status-publish","4":"has-post-thumbnail","6":"product_cat-bio-obst-und-gemusesaatgut","7":"product_cat-bio-saatgut","8":"product_tag-oko","10":"first","11":"instock","12":"sale","13":"taxable","14":"shipping-taxable","15":"purchasable","16":"product-type-simple"},"acf":[],"_links":{"self":[{"href":"https:\/\/cultivers.es\/de\/wp-json\/wp\/v2\/product\/19929","targetHints":{"allow":["GET"]}}],"collection":[{"href":"https:\/\/cultivers.es\/de\/wp-json\/wp\/v2\/product"}],"about":[{"href":"https:\/\/cultivers.es\/de\/wp-json\/wp\/v2\/types\/product"}],"replies":[{"embeddable":true,"href":"https:\/\/cultivers.es\/de\/wp-json\/wp\/v2\/comments?post=19929"}],"wp:featuredmedia":[{"embeddable":true,"href":"https:\/\/cultivers.es\/de\/wp-json\/wp\/v2\/media\/15530"}],"wp:attachment":[{"href":"https:\/\/cultivers.es\/de\/wp-json\/wp\/v2\/media?parent=19929"}],"wp:term":[{"taxonomy":"product_brand","embeddable":true,"href":"https:\/\/cultivers.es\/de\/wp-json\/wp\/v2\/product_brand?post=19929"},{"taxonomy":"product_cat","embeddable":true,"href":"https:\/\/cultivers.es\/de\/wp-json\/wp\/v2\/product_cat?post=19929"},{"taxonomy":"product_tag","embeddable":true,"href":"https:\/\/cultivers.es\/de\/wp-json\/wp\/v2\/product_tag?post=19929"}],"curies":[{"name":"wp","href":"https:\/\/api.w.org\/{rel}","templated":true}]}}