{"id":19930,"date":"2022-10-07T07:08:06","date_gmt":"2022-10-07T07:08:06","guid":{"rendered":"https:\/\/cultivers.es\/abonos\/bio-cayennepfeffer-samen\/"},"modified":"2025-09-22T05:25:08","modified_gmt":"2025-09-22T05:25:08","slug":"bio-cayennepfeffer-samen","status":"publish","type":"product","link":"https:\/\/cultivers.es\/de\/d\u00fcngemittel\/bio-cayennepfeffer-samen\/","title":{"rendered":"Cayennepfeffer-Samen"},"content":{"rendered":"","protected":false},"excerpt":{"rendered":"<p>Der <strong>Pimiento De Cayenne<\/strong> ist eine scharfe Paprikasorte, die in der K\u00fcche wegen ihres intensiven Geschmacks und ihrer m\u00e4\u00dfigen Sch\u00e4rfe sehr gesch\u00e4tzt wird, ideal f\u00fcr alle, die ihre Gerichte gerne scharf m\u00f6gen. Die l\u00e4nglichen, leuchtend roten Fr\u00fcchte eignen sich perfekt f\u00fcr Saucen, Pickles, Marinaden oder zum Trocknen und Mahlen zu Pulver. Die Pflanze ist sehr ertragreich und einfach anzubauen, was sie zu einer guten Wahl f\u00fcr den Bio-Garten macht.  <\/p>\n<p><strong>Langgestreckte und w\u00fcrzige Fr\u00fcchte:<\/strong> Erzeugt l\u00e4ngliche und schmal geformte Paprikaschoten mit einer attraktiven Sch\u00e4rfe, die den Geschmack verschiedener Rezepte verbessern.<\/p>\n<p><strong>Intensiver und aromatischer Geschmack:<\/strong> Sein w\u00fcrziger Geschmack mit leicht s\u00fc\u00dflichen Untert\u00f6nen verleiht So\u00dfen, Eint\u00f6pfen und Marinaden Tiefe und Pers\u00f6nlichkeit.<\/p>\n<p><strong>Hohe Produktivit\u00e4t:<\/strong> Diese Sorte bietet gro\u00dfz\u00fcgige Ertr\u00e4ge und sorgt f\u00fcr eine F\u00fclle von Paprika w\u00e4hrend der gesamten Saison.<\/p>\n<p><strong>Reich an Capsaicin und Antioxidantien:<\/strong> Sein Capsaicin-Gehalt lindert nicht nur den Juckreiz, sondern hat auch stimulierende und antioxidative Eigenschaften und tr\u00e4gt zu einer abwechslungsreichen und gesunden Ern\u00e4hrung bei.<\/p>\n<p><strong>Einfach anzubauen:<\/strong> Sie ist robust und anpassungsf\u00e4hig an verschiedene Boden- und Klimatypen und eignet sich f\u00fcr Anf\u00e4nger und erfahrene G\u00e4rtner.<\/p>\n<p><strong>Biologischer Anbau:<\/strong> Unser Saatgut ist 100% biologisch, frei von Pestiziden und chemischen D\u00fcngemitteln und garantiert einen nachhaltigen und umweltfreundlichen Garten.<\/p>\n<p>Genie\u00dfen Sie den Geschmack, das Aroma und die Vielseitigkeit des <strong>Bio-Cayennepfeffers<\/strong> direkt aus Ihrem Garten und verleihen Sie Ihren kulinarischen Lieblingszubereitungen eine w\u00fcrzige Note. Bestellen Sie noch heute und beginnen Sie mit der authentischen Sch\u00e4rfe dieser Sorte zu experimentieren! <\/p>\n","protected":false},"featured_media":15520,"comment_status":"open","ping_status":"closed","template":"","meta":{"_acf_changed":false},"product_brand":[],"product_cat":[438,419],"product_tag":[1580],"class_list":{"0":"post-19930","1":"product","2":"type-product","3":"status-publish","4":"has-post-thumbnail","6":"product_cat-bio-obst-und-gemusesaatgut","7":"product_cat-bio-saatgut","8":"product_tag-oko","10":"first","11":"instock","12":"taxable","13":"shipping-taxable","14":"purchasable","15":"product-type-simple"},"acf":[],"_links":{"self":[{"href":"https:\/\/cultivers.es\/de\/wp-json\/wp\/v2\/product\/19930","targetHints":{"allow":["GET"]}}],"collection":[{"href":"https:\/\/cultivers.es\/de\/wp-json\/wp\/v2\/product"}],"about":[{"href":"https:\/\/cultivers.es\/de\/wp-json\/wp\/v2\/types\/product"}],"replies":[{"embeddable":true,"href":"https:\/\/cultivers.es\/de\/wp-json\/wp\/v2\/comments?post=19930"}],"wp:featuredmedia":[{"embeddable":true,"href":"https:\/\/cultivers.es\/de\/wp-json\/wp\/v2\/media\/15520"}],"wp:attachment":[{"href":"https:\/\/cultivers.es\/de\/wp-json\/wp\/v2\/media?parent=19930"}],"wp:term":[{"taxonomy":"product_brand","embeddable":true,"href":"https:\/\/cultivers.es\/de\/wp-json\/wp\/v2\/product_brand?post=19930"},{"taxonomy":"product_cat","embeddable":true,"href":"https:\/\/cultivers.es\/de\/wp-json\/wp\/v2\/product_cat?post=19930"},{"taxonomy":"product_tag","embeddable":true,"href":"https:\/\/cultivers.es\/de\/wp-json\/wp\/v2\/product_tag?post=19930"}],"curies":[{"name":"wp","href":"https:\/\/api.w.org\/{rel}","templated":true}]}}