{"id":19931,"date":"2022-10-07T07:08:06","date_gmt":"2022-10-07T07:08:06","guid":{"rendered":"https:\/\/cultivers.es\/abonos\/bio-galina-tomatensamen\/"},"modified":"2026-02-17T15:56:14","modified_gmt":"2026-02-17T15:56:14","slug":"saatgut-tomato-galina-okologie","status":"publish","type":"product","link":"https:\/\/cultivers.es\/de\/d\u00fcngemittel\/saatgut-tomato-galina-okologie\/","title":{"rendered":"Galina Tomatensamen"},"content":{"rendered":"","protected":false},"excerpt":{"rendered":"<p>Die <strong>Galina-Tomate<\/strong> ist eine gelbe Kirschtomatensorte, die f\u00fcr ihren s\u00fc\u00dfen, fruchtigen Geschmack und ihren hohen Ertrag bekannt ist. Ihre kleinen, runden und leuchtend gelben Fr\u00fcchte eignen sich perfekt f\u00fcr Salate, Vorspeisen, leichte So\u00dfen oder einfach als gesunder Snack. Au\u00dferdem ist sie aufgrund ihrer Widerstandsf\u00e4higkeit und einfachen Kultivierung eine ideale Wahl f\u00fcr alle Gartentypen, vom gro\u00dfen Garten bis zum kleinen Balkon.  <\/p>\n<p><strong>Kleine und s\u00fc\u00dfe Fr\u00fcchte:<\/strong> Produziert gelbe, s\u00fc\u00dfe und saftige Kirschtomaten mit einem frischen und leicht fruchtigen Geschmack.<\/p>\n<p><strong>Leuchtendes Gelb:<\/strong> Der leuchtend gelbe Farbton bringt nicht nur einen Farbtupfer in Ihre Gerichte, sondern auch Abwechslung in Ihre Ernte.<\/p>\n<p><strong>Hohe Produktivit\u00e4t:<\/strong> Diese Sorte bietet die ganze Saison \u00fcber einen gro\u00dfz\u00fcgigen Ertrag, der eine kontinuierliche Ernte von k\u00f6stlichen Tomaten gew\u00e4hrleistet.<\/p>\n<p><strong>Reich an N\u00e4hrstoffen:<\/strong> Als Quelle der Vitamine A und C, Antioxidantien und Mineralien tr\u00e4gt die Galina-Tomate zu einer ausgewogenen und gesunden Ern\u00e4hrung bei.<\/p>\n<p><strong>Einfacher Anbau:<\/strong> Sie passt sich an verschiedene klimatische Bedingungen und Bodentypen an und ist daher sowohl f\u00fcr Anf\u00e4nger als auch f\u00fcr erfahrene G\u00e4rtner geeignet. Sie kann auch in T\u00f6pfen oder Pflanzgef\u00e4\u00dfen auf kleinem Raum angebaut werden. <\/p>\n<p><strong>Biologischer Anbau:<\/strong> Unser Saatgut ist 100% biologisch, frei von Pestiziden und chemischen D\u00fcngemitteln und garantiert einen nachhaltigen und umweltfreundlichen Garten.<\/p>\n<p>Genie\u00dfen Sie die S\u00fc\u00dfe, Farbe und Frische der <strong>Galina Bio-Tomate<\/strong> direkt aus Ihrem Garten. Nehmen Sie diese Sorte in Ihren Garten auf und entdecken Sie das Vergn\u00fcgen, Ihre eigenen gelben Kirschtomaten zu ernten, die voller Geschmack und Vitalit\u00e4t sind. Bestellen Sie noch heute und genie\u00dfen Sie diese exquisite Option!  <\/p>\n","protected":false},"featured_media":15580,"comment_status":"open","ping_status":"closed","template":"","meta":{"_acf_changed":false},"product_brand":[],"product_cat":[438,419],"product_tag":[1580],"class_list":{"0":"post-19931","1":"product","2":"type-product","3":"status-publish","4":"has-post-thumbnail","6":"product_cat-bio-obst-und-gemusesaatgut","7":"product_cat-bio-saatgut","8":"product_tag-oko","10":"first","11":"instock","12":"sale","13":"taxable","14":"shipping-taxable","15":"purchasable","16":"product-type-simple"},"acf":[],"_links":{"self":[{"href":"https:\/\/cultivers.es\/de\/wp-json\/wp\/v2\/product\/19931","targetHints":{"allow":["GET"]}}],"collection":[{"href":"https:\/\/cultivers.es\/de\/wp-json\/wp\/v2\/product"}],"about":[{"href":"https:\/\/cultivers.es\/de\/wp-json\/wp\/v2\/types\/product"}],"replies":[{"embeddable":true,"href":"https:\/\/cultivers.es\/de\/wp-json\/wp\/v2\/comments?post=19931"}],"wp:featuredmedia":[{"embeddable":true,"href":"https:\/\/cultivers.es\/de\/wp-json\/wp\/v2\/media\/15580"}],"wp:attachment":[{"href":"https:\/\/cultivers.es\/de\/wp-json\/wp\/v2\/media?parent=19931"}],"wp:term":[{"taxonomy":"product_brand","embeddable":true,"href":"https:\/\/cultivers.es\/de\/wp-json\/wp\/v2\/product_brand?post=19931"},{"taxonomy":"product_cat","embeddable":true,"href":"https:\/\/cultivers.es\/de\/wp-json\/wp\/v2\/product_cat?post=19931"},{"taxonomy":"product_tag","embeddable":true,"href":"https:\/\/cultivers.es\/de\/wp-json\/wp\/v2\/product_tag?post=19931"}],"curies":[{"name":"wp","href":"https:\/\/api.w.org\/{rel}","templated":true}]}}