{"id":19932,"date":"2022-10-07T07:08:06","date_gmt":"2022-10-07T07:08:06","guid":{"rendered":"https:\/\/cultivers.es\/abonos\/bio-schoko-pfeffer-samen\/"},"modified":"2025-09-22T05:25:11","modified_gmt":"2025-09-22T05:25:11","slug":"pfeffersamen-suse-schokolade-okologisch","status":"publish","type":"product","link":"https:\/\/cultivers.es\/de\/d\u00fcngemittel\/pfeffersamen-suse-schokolade-okologisch\/","title":{"rendered":"Sweet Chocolate Paprika-Samen"},"content":{"rendered":"","protected":false},"excerpt":{"rendered":"<p>Der <strong>Sweet Chocolate Pepper<\/strong> f\u00e4llt durch seine sch\u00f6ne schokoladenbraune Farbe auf, wenn er reif ist. Ein ungew\u00f6hnliches Aussehen, das jedem Gem\u00fcsegarten Originalit\u00e4t verleiht. Ihr Geschmack ist <strong>mild und s\u00fc\u00df<\/strong>, mit einem <strong>dicken, knackigen<\/strong> Fruchtfleisch, was sie zu einer perfekten Wahl f\u00fcr Salate, So\u00dfen, Pfannengerichte oder den Frischverzehr macht. Neben ihrer attraktiven Farbe ist diese Paprika sehr <strong>ertragreich<\/strong> und passt sich gut an verschiedene Anbaubedingungen an.  <\/p>\n<p><strong>Schokoladenfarbene Fr\u00fcchte:<\/strong> Die Paprikaschoten nehmen w\u00e4hrend der Reifung eine tiefbraune Farbe an und bieten eine einzigartige und auff\u00e4llige Pr\u00e4sentation auf Ihren Tellern.<\/p>\n<p><strong>Milder und s\u00fc\u00dfer Geschmack:<\/strong> Seine nat\u00fcrliche S\u00fc\u00dfe und seine fleischige Textur verleihen sowohl frischen als auch gekochten Rezepten eine besondere Note.<\/p>\n<p><strong>Hohe Produktivit\u00e4t:<\/strong> Diese Sorte zeichnet sich durch eine <strong>reiche Ernte<\/strong> aus, die w\u00e4hrend der gesamten Saison eine konstante Versorgung mit Paprika gew\u00e4hrleistet.<\/p>\n<p><strong>Reich an N\u00e4hrstoffen:<\/strong> Quelle der Vitamine A, C und Antioxidantien, die zu einer ausgewogenen und gesunden Ern\u00e4hrung beitragen.<\/p>\n<p><strong>Einfacher Anbau:<\/strong> Sie ist robust und anpassungsf\u00e4hig an verschiedene Bodentypen und Klimazonen und eignet sich sowohl f\u00fcr Anf\u00e4nger als auch f\u00fcr erfahrene G\u00e4rtner.<\/p>\n<p><strong>Biologischer Anbau:<\/strong> Unser Saatgut ist zu 100% <strong>biologisch<\/strong>, ohne Pestizide oder chemische D\u00fcngemittel, was einen <strong>nachhaltigen<\/strong> und umweltfreundlichen Garten garantiert.<\/p>\n<p>Genie\u00dfen Sie den Geschmack und die Originalit\u00e4t des <strong>Bio-Schoko-Pfeffers<\/strong>, der direkt in Ihrem Garten angebaut wird, und bringen Sie mit dieser \u00fcberraschenden Sorte Abwechslung und S\u00fc\u00dfe in Ihre Gerichte.<\/p>\n","protected":false},"featured_media":15540,"comment_status":"open","ping_status":"closed","template":"","meta":{"_acf_changed":false},"product_brand":[],"product_cat":[438,419],"product_tag":[1580],"class_list":{"0":"post-19932","1":"product","2":"type-product","3":"status-publish","4":"has-post-thumbnail","6":"product_cat-bio-obst-und-gemusesaatgut","7":"product_cat-bio-saatgut","8":"product_tag-oko","10":"first","11":"instock","12":"sale","13":"taxable","14":"shipping-taxable","15":"purchasable","16":"product-type-simple"},"acf":[],"_links":{"self":[{"href":"https:\/\/cultivers.es\/de\/wp-json\/wp\/v2\/product\/19932","targetHints":{"allow":["GET"]}}],"collection":[{"href":"https:\/\/cultivers.es\/de\/wp-json\/wp\/v2\/product"}],"about":[{"href":"https:\/\/cultivers.es\/de\/wp-json\/wp\/v2\/types\/product"}],"replies":[{"embeddable":true,"href":"https:\/\/cultivers.es\/de\/wp-json\/wp\/v2\/comments?post=19932"}],"wp:featuredmedia":[{"embeddable":true,"href":"https:\/\/cultivers.es\/de\/wp-json\/wp\/v2\/media\/15540"}],"wp:attachment":[{"href":"https:\/\/cultivers.es\/de\/wp-json\/wp\/v2\/media?parent=19932"}],"wp:term":[{"taxonomy":"product_brand","embeddable":true,"href":"https:\/\/cultivers.es\/de\/wp-json\/wp\/v2\/product_brand?post=19932"},{"taxonomy":"product_cat","embeddable":true,"href":"https:\/\/cultivers.es\/de\/wp-json\/wp\/v2\/product_cat?post=19932"},{"taxonomy":"product_tag","embeddable":true,"href":"https:\/\/cultivers.es\/de\/wp-json\/wp\/v2\/product_tag?post=19932"}],"curies":[{"name":"wp","href":"https:\/\/api.w.org\/{rel}","templated":true}]}}