{"id":19933,"date":"2022-10-07T07:08:06","date_gmt":"2022-10-07T07:08:06","guid":{"rendered":"https:\/\/cultivers.es\/abonos\/gelber-paprika-samen-quadrato-dasti-rosso-oekologisch\/"},"modified":"2025-09-22T05:25:01","modified_gmt":"2025-09-22T05:25:01","slug":"samen-paprika-gelb-quadrat-asti-rosso-okologisch","status":"publish","type":"product","link":"https:\/\/cultivers.es\/de\/d\u00fcngemittel\/samen-paprika-gelb-quadrat-asti-rosso-okologisch\/","title":{"rendered":"Gelber Paprika Samen Quadrato d&#8217;Asti Biodynamisch Demeter"},"content":{"rendered":"","protected":false},"excerpt":{"rendered":"<p>Die <strong>Gelbe Paprika Quadrato d&#8217;Asti<\/strong> ist eine traditionelle italienische Sorte, die f\u00fcr ihre quadratischen Fr\u00fcchte und ihre intensiv gelbe Farbe gesch\u00e4tzt wird. Sie zeichnet sich durch ihren s\u00fc\u00dfen und milden Geschmack sowie durch ihr dickes und knackiges Fruchtfleisch aus, das sich ideal f\u00fcr frische Salate, Braten, So\u00dfen und Konserven eignet. Diese Sorte ist perfekt f\u00fcr alle, die eine vielseitige Paprika von au\u00dfergew\u00f6hnlicher Qualit\u00e4t f\u00fcr die K\u00fcche suchen.  <\/p>\n<p><strong>Gro\u00dfe, farbintensive Fr\u00fcchte:<\/strong> Produziert gro\u00dfz\u00fcgig dimensionierte Paprikaschoten mit einer leuchtend gelben Farbe, die jedes Gericht optisch aufwertet.<\/p>\n<p><strong>S\u00fc\u00dfer und milder Geschmack:<\/strong> Ihr fleischiges und saftiges Fruchtfleisch mit einer nat\u00fcrlichen und zarten S\u00fc\u00dfe macht sie zu einer idealen Wahl f\u00fcr frische oder gekochte Rezepte.<\/p>\n<p><strong>Dickes und knuspriges Fleisch:<\/strong> Die feste und knusprige Textur seines Fleisches sorgt f\u00fcr ein einzigartiges Speiseerlebnis, perfekt f\u00fcr F\u00fcllungen und Grillgerichte.<\/p>\n<p><strong>Reich an N\u00e4hrstoffen:<\/strong> Als Quelle der Vitamine A, C und Antioxidantien tr\u00e4gt dieser Pfeffer zu einer ausgewogenen und gesunden Ern\u00e4hrung bei.<\/p>\n<p><strong>Einfacher Anbau:<\/strong> Sie ist robust und anpassungsf\u00e4hig an verschiedene Klimazonen und B\u00f6den und eignet sich sowohl f\u00fcr Anf\u00e4nger als auch f\u00fcr erfahrene G\u00e4rtner.<\/p>\n<p><strong>Demeter-Zertifizierung:<\/strong> Dieses Saatgut stammt aus biodynamischem Anbau, der die nat\u00fcrlichen Zyklen, die Gesundheit des Bodens und die Artenvielfalt respektiert.<\/p>\n<p><strong>Biologischer Anbau:<\/strong> Unser Saatgut ist zu 100% biologisch, ohne Pestizide oder chemische D\u00fcngemittel, was einen nachhaltigen und umweltfreundlichen Garten garantiert.<\/p>\n<p>Genie\u00dfen Sie den Geschmack, die Textur und die Qualit\u00e4t des <strong>gelben Demeter Bio-Paprikas Quadrato d&#8217;Asti<\/strong> direkt aus Ihrem Garten. Nehmen Sie diese Sorte in Ihren Garten auf und entdecken Sie ihre Vielseitigkeit in einer Vielzahl von kulinarischen Zubereitungen - bestellen Sie noch heute und bereichern Sie Ihre Ernten mit diesem traditionellen italienischen Pfeffer!  <\/p>\n","protected":false},"featured_media":15535,"comment_status":"open","ping_status":"closed","template":"","meta":{"_acf_changed":false},"product_brand":[],"product_cat":[438,419,1304],"product_tag":[1384],"class_list":{"0":"post-19933","1":"product","2":"type-product","3":"status-publish","4":"has-post-thumbnail","6":"product_cat-bio-obst-und-gemusesaatgut","7":"product_cat-bio-saatgut","8":"product_cat-demeter-samen","9":"product_tag-demeter-de","11":"first","12":"instock","13":"taxable","14":"shipping-taxable","15":"purchasable","16":"product-type-simple"},"acf":[],"_links":{"self":[{"href":"https:\/\/cultivers.es\/de\/wp-json\/wp\/v2\/product\/19933","targetHints":{"allow":["GET"]}}],"collection":[{"href":"https:\/\/cultivers.es\/de\/wp-json\/wp\/v2\/product"}],"about":[{"href":"https:\/\/cultivers.es\/de\/wp-json\/wp\/v2\/types\/product"}],"replies":[{"embeddable":true,"href":"https:\/\/cultivers.es\/de\/wp-json\/wp\/v2\/comments?post=19933"}],"wp:featuredmedia":[{"embeddable":true,"href":"https:\/\/cultivers.es\/de\/wp-json\/wp\/v2\/media\/15535"}],"wp:attachment":[{"href":"https:\/\/cultivers.es\/de\/wp-json\/wp\/v2\/media?parent=19933"}],"wp:term":[{"taxonomy":"product_brand","embeddable":true,"href":"https:\/\/cultivers.es\/de\/wp-json\/wp\/v2\/product_brand?post=19933"},{"taxonomy":"product_cat","embeddable":true,"href":"https:\/\/cultivers.es\/de\/wp-json\/wp\/v2\/product_cat?post=19933"},{"taxonomy":"product_tag","embeddable":true,"href":"https:\/\/cultivers.es\/de\/wp-json\/wp\/v2\/product_tag?post=19933"}],"curies":[{"name":"wp","href":"https:\/\/api.w.org\/{rel}","templated":true}]}}