{"id":19934,"date":"2022-10-07T07:08:06","date_gmt":"2022-10-07T07:08:06","guid":{"rendered":"https:\/\/cultivers.es\/abonos\/bio-zebra-tomatensamen-gruen\/"},"modified":"2026-02-17T18:40:18","modified_gmt":"2026-02-17T18:40:18","slug":"grune-zebra-grune-tomato-samen-okologisch","status":"publish","type":"product","link":"https:\/\/cultivers.es\/de\/d\u00fcngemittel\/grune-zebra-grune-tomato-samen-okologisch\/","title":{"rendered":"Green Zebra Tomatensamen"},"content":{"rendered":"","protected":false},"excerpt":{"rendered":"<p>Die <strong>Green Zebra Tomato<\/strong> ist eine einzigartige Sorte, die f\u00fcr ihre gr\u00fcnen Fr\u00fcchte mit gelben Streifen bekannt ist und Ihren Gerichten ein exotisches und attraktives Aussehen verleiht. Ihr Geschmack ist ausgewogen und verbindet S\u00fc\u00dfe und S\u00e4ure auf harmonische Weise, was sie zu einer vielseitigen Wahl f\u00fcr Salate, Saucen und frische Zubereitungen macht. <\/p>\n<p><strong>Einzigartige Farbe und Aussehen:<\/strong> Die Fr\u00fcchte haben eine leuchtend gr\u00fcne Schale mit gelben Streifen, die jeder kulinarischen Zubereitung eine unverwechselbare und auff\u00e4llige Note verleiht.<\/p>\n<p><strong>Ausgewogener Geschmack:<\/strong> Mit einer perfekten Mischung aus S\u00fc\u00dfe und S\u00e4ure bietet Green Zebra Tomato einen erfrischenden und leicht w\u00fcrzigen Geschmack, ideal f\u00fcr frische und kreative Rezepte.<\/p>\n<p><strong>Feste und saftige Textur:<\/strong> Sein festes und saftiges Fruchtfleisch macht es einfach, ihn in Salaten, Sandwiches oder als Basis f\u00fcr So\u00dfen zu verwenden, wobei seine Konsistenz und sein Geschmack erhalten bleiben.<\/p>\n<p><strong>Reich an N\u00e4hrstoffen:<\/strong> Als nat\u00fcrliche Quelle von Antioxidantien, den Vitaminen A und C und essentiellen Mineralien tr\u00e4gt er zu einer abwechslungsreichen und ausgewogenen Ern\u00e4hrung bei.<\/p>\n<p><strong>Einfach anzubauen:<\/strong> Sie passt sich an verschiedene Bodentypen und Klimazonen an und eignet sich sowohl f\u00fcr st\u00e4dtische als auch f\u00fcr l\u00e4ndliche G\u00e4rten, sowohl f\u00fcr Anf\u00e4nger als auch f\u00fcr erfahrene G\u00e4rtner.<\/p>\n<p><strong>Biologischer Anbau:<\/strong> Unser Saatgut ist 100% biologisch, frei von Pestiziden und chemischen D\u00fcngemitteln und garantiert einen nachhaltigen und umweltfreundlichen Garten.<\/p>\n<p>Genie\u00dfen Sie die Originalit\u00e4t, den Geschmack und die Qualit\u00e4t der <strong>Green Zebra Bio-Tomate<\/strong> auf Ihrem Tisch. Nehmen Sie diese Sorte in Ihren Garten auf und entdecken Sie ihre F\u00e4higkeit, mit ihrer Farbe, ihrem Geschmack und ihrer Vielseitigkeit zu \u00fcberraschen. Bestellen Sie noch heute und ernten Sie etwas ganz Besonderes!  <\/p>\n","protected":false},"featured_media":15585,"comment_status":"open","ping_status":"closed","template":"","meta":{"_acf_changed":false},"product_brand":[],"product_cat":[438,419],"product_tag":[1580],"class_list":{"0":"post-19934","1":"product","2":"type-product","3":"status-publish","4":"has-post-thumbnail","6":"product_cat-bio-obst-und-gemusesaatgut","7":"product_cat-bio-saatgut","8":"product_tag-oko","10":"first","11":"instock","12":"taxable","13":"shipping-taxable","14":"purchasable","15":"product-type-simple"},"acf":[],"_links":{"self":[{"href":"https:\/\/cultivers.es\/de\/wp-json\/wp\/v2\/product\/19934","targetHints":{"allow":["GET"]}}],"collection":[{"href":"https:\/\/cultivers.es\/de\/wp-json\/wp\/v2\/product"}],"about":[{"href":"https:\/\/cultivers.es\/de\/wp-json\/wp\/v2\/types\/product"}],"replies":[{"embeddable":true,"href":"https:\/\/cultivers.es\/de\/wp-json\/wp\/v2\/comments?post=19934"}],"wp:featuredmedia":[{"embeddable":true,"href":"https:\/\/cultivers.es\/de\/wp-json\/wp\/v2\/media\/15585"}],"wp:attachment":[{"href":"https:\/\/cultivers.es\/de\/wp-json\/wp\/v2\/media?parent=19934"}],"wp:term":[{"taxonomy":"product_brand","embeddable":true,"href":"https:\/\/cultivers.es\/de\/wp-json\/wp\/v2\/product_brand?post=19934"},{"taxonomy":"product_cat","embeddable":true,"href":"https:\/\/cultivers.es\/de\/wp-json\/wp\/v2\/product_cat?post=19934"},{"taxonomy":"product_tag","embeddable":true,"href":"https:\/\/cultivers.es\/de\/wp-json\/wp\/v2\/product_tag?post=19934"}],"curies":[{"name":"wp","href":"https:\/\/api.w.org\/{rel}","templated":true}]}}