{"id":19935,"date":"2022-10-07T07:08:06","date_gmt":"2022-10-07T07:08:06","guid":{"rendered":"https:\/\/cultivers.es\/abonos\/bio-albaregia-bio-pfeffersaatgut\/"},"modified":"2025-09-22T05:25:02","modified_gmt":"2025-09-22T05:25:02","slug":"saatgut-paprika-albaregia-okologisch","status":"publish","type":"product","link":"https:\/\/cultivers.es\/de\/d\u00fcngemittel\/saatgut-paprika-albaregia-okologisch\/","title":{"rendered":"Albaregia Biodynamische Pfeffersamen Demeter"},"content":{"rendered":"","protected":false},"excerpt":{"rendered":"<p>Die <strong>Albaregia-Paprika<\/strong> ist eine Sorte italienischen Ursprungs, die f\u00fcr ihre Gr\u00f6\u00dfe, ihre konische Form und ihre intensiv rote Farbe im reifen Zustand gesch\u00e4tzt wird. Ihr Geschmack ist <strong>s\u00fc\u00df<\/strong> und <strong>mild<\/strong>, mit einem <strong>dicken<\/strong> und <strong>fleischigen<\/strong> Fruchtfleisch, perfekt f\u00fcr Salate, Braten, So\u00dfen oder Konserven. Seine hohe Produktivit\u00e4t und seine <strong>Widerstandsf\u00e4higkeit<\/strong> gegen\u00fcber verschiedenen Bedingungen machen ihn zu einer au\u00dfergew\u00f6hnlichen Wahl f\u00fcr jeden Obstgarten.  <\/p>\n<p><strong>Gro\u00dfe Fr\u00fcchte und dickes Fruchtfleisch:<\/strong> Die Paprikaschoten sind gro\u00dfz\u00fcgig dimensioniert, mit fleischigen W\u00e4nden, die ihre Saftigkeit und Textur in verschiedenen kulinarischen Zubereitungen erhalten.<\/p>\n<p><strong>S\u00fc\u00dfer und delikater Geschmack:<\/strong> Die nat\u00fcrliche S\u00fc\u00dfe dieser Sorte verleiht Ihren Rezepten, sowohl frisch als auch gekocht, eine besondere Note und verst\u00e4rkt deren Geschmack und Aroma.<\/p>\n<p><strong>Intensive und attraktive Farbe:<\/strong> Wenn die Fr\u00fcchte reif sind, haben sie eine leuchtend rote Farbe, die einen Hauch von Farbe und Vitalit\u00e4t auf Ihre Gerichte und in Ihren Obstgarten bringt.<\/p>\n<p><strong>Widerstandsf\u00e4hig und produktiv:<\/strong> Die Pflanze passt sich gut an verschiedene Klimazonen und B\u00f6den an und liefert w\u00e4hrend der gesamten Saison reiche und kontinuierliche Ernten.<\/p>\n<p><strong>Reich an N\u00e4hrstoffen:<\/strong> Der Albaregia-Pfeffer ist eine Quelle der Vitamine A, C und Antioxidantien und tr\u00e4gt zu einer ausgewogenen und gesunden Ern\u00e4hrung bei.<\/p>\n<p>Diese von Demeter zertifizierten und 100% biologischen Samen garantieren einen <strong>nachhaltigen<\/strong> und <strong>umweltfreundlichen<\/strong> Anbau ohne Pestizide und chemische D\u00fcngemittel. Genie\u00dfen Sie die Qualit\u00e4t, den Geschmack und die Vielseitigkeit dieses au\u00dfergew\u00f6hnlichen Pfeffers, direkt aus Ihrem Garten. <\/p>\n","protected":false},"featured_media":15515,"comment_status":"open","ping_status":"closed","template":"","meta":{"_acf_changed":false},"product_brand":[],"product_cat":[438,419,1304],"product_tag":[1384],"class_list":{"0":"post-19935","1":"product","2":"type-product","3":"status-publish","4":"has-post-thumbnail","6":"product_cat-bio-obst-und-gemusesaatgut","7":"product_cat-bio-saatgut","8":"product_cat-demeter-samen","9":"product_tag-demeter-de","11":"first","12":"instock","13":"taxable","14":"shipping-taxable","15":"purchasable","16":"product-type-simple"},"acf":[],"_links":{"self":[{"href":"https:\/\/cultivers.es\/de\/wp-json\/wp\/v2\/product\/19935","targetHints":{"allow":["GET"]}}],"collection":[{"href":"https:\/\/cultivers.es\/de\/wp-json\/wp\/v2\/product"}],"about":[{"href":"https:\/\/cultivers.es\/de\/wp-json\/wp\/v2\/types\/product"}],"replies":[{"embeddable":true,"href":"https:\/\/cultivers.es\/de\/wp-json\/wp\/v2\/comments?post=19935"}],"wp:featuredmedia":[{"embeddable":true,"href":"https:\/\/cultivers.es\/de\/wp-json\/wp\/v2\/media\/15515"}],"wp:attachment":[{"href":"https:\/\/cultivers.es\/de\/wp-json\/wp\/v2\/media?parent=19935"}],"wp:term":[{"taxonomy":"product_brand","embeddable":true,"href":"https:\/\/cultivers.es\/de\/wp-json\/wp\/v2\/product_brand?post=19935"},{"taxonomy":"product_cat","embeddable":true,"href":"https:\/\/cultivers.es\/de\/wp-json\/wp\/v2\/product_cat?post=19935"},{"taxonomy":"product_tag","embeddable":true,"href":"https:\/\/cultivers.es\/de\/wp-json\/wp\/v2\/product_tag?post=19935"}],"curies":[{"name":"wp","href":"https:\/\/api.w.org\/{rel}","templated":true}]}}