{"id":19936,"date":"2022-10-07T07:08:06","date_gmt":"2022-10-07T07:08:06","guid":{"rendered":"https:\/\/cultivers.es\/abonos\/bio-black-cherry-tomatensamen\/"},"modified":"2026-02-17T18:40:15","modified_gmt":"2026-02-17T18:40:15","slug":"bio-schwarzkirsch-tomatensamen","status":"publish","type":"product","link":"https:\/\/cultivers.es\/de\/d\u00fcngemittel\/bio-schwarzkirsch-tomatensamen\/","title":{"rendered":"Black Cherry Tomatensamen"},"content":{"rendered":"","protected":false},"excerpt":{"rendered":"<p>Die <strong>Black Cherry Tomato<\/strong> ist eine Kirschtomatensorte, die f\u00fcr ihre unverwechselbare dunkelviolette Farbe, ihren intensiven und ausgewogenen Geschmack und ihre saftige Konsistenz bekannt ist. Die kleinen, runden und gl\u00e4nzenden Fr\u00fcchte sind ideal f\u00fcr Salate, Saucen, Spie\u00dfe oder zum direkten Verzehr als gesunder Snack. Au\u00dferdem ist sie dank ihrer hohen Produktivit\u00e4t und Widerstandsf\u00e4higkeit auch auf kleinem Raum leicht anzubauen.  <\/p>\n<p><strong>Dunkle und attraktive Frucht:<\/strong> Produziert tiefviolette Kirschtomaten mit einem exotischen Aussehen, das auf jedem Teller ins Auge f\u00e4llt.<\/p>\n<p><strong>Intensiver und s\u00fc\u00dfer Geschmack:<\/strong> Ihr Geschmack verbindet S\u00fc\u00dfe mit einer leicht s\u00e4uerlichen Note, was sie zu einer vielseitigen Wahl macht, perfekt f\u00fcr frische und kreative Rezepte.<\/p>\n<p><strong>Saftige und geschmeidige Textur:<\/strong> Das feste und saftige Fruchtfleisch sorgt f\u00fcr ein ausgewogenes Esserlebnis, ideal zum Verzehr allein oder in Kombination mit anderen Zutaten.<\/p>\n<p><strong>Reich an N\u00e4hrstoffen:<\/strong> Quelle der Vitamine A und C, Antioxidantien und Mineralien, die zu einer gesunden und ausgewogenen Ern\u00e4hrung beitragen.<\/p>\n<p><strong>Hohe Produktivit\u00e4t:<\/strong> Diese Sorte ist f\u00fcr ihre gro\u00dfz\u00fcgige Fruchtproduktion w\u00e4hrend der gesamten Saison bekannt und sorgt f\u00fcr reiche Ernten.<\/p>\n<p><strong>Einfach anzubauen:<\/strong> Anpassungsf\u00e4hig an verschiedene Bodentypen und klimatische Bedingungen, sowohl f\u00fcr Anf\u00e4nger als auch f\u00fcr erfahrene G\u00e4rtner geeignet und perfekt f\u00fcr st\u00e4dtische G\u00e4rten in T\u00f6pfen oder Pflanzgef\u00e4\u00dfen.<\/p>\n<p><strong>Biologischer Anbau:<\/strong> Unser Saatgut ist zu 100% biologisch, ohne Pestizide oder chemische D\u00fcngemittel, was einen nachhaltigen und umweltfreundlichen Garten garantiert.<\/p>\n<p>Genie\u00dfen Sie die Farbe, den Geschmack und die Vielseitigkeit der <strong>schwarzen Bio-Kirschtomaten<\/strong> direkt aus Ihrem Garten und verleihen Sie Ihren Lieblingssalaten, Snacks und Gerichten eine einzigartige Note. Bestellen Sie noch heute und entdecken Sie die Intensit\u00e4t dieser k\u00f6stlichen kleinen Tomaten! <\/p>\n","protected":false},"featured_media":15570,"comment_status":"open","ping_status":"closed","template":"","meta":{"_acf_changed":false},"product_brand":[],"product_cat":[438,419],"product_tag":[1580],"class_list":{"0":"post-19936","1":"product","2":"type-product","3":"status-publish","4":"has-post-thumbnail","6":"product_cat-bio-obst-und-gemusesaatgut","7":"product_cat-bio-saatgut","8":"product_tag-oko","10":"first","11":"instock","12":"taxable","13":"shipping-taxable","14":"purchasable","15":"product-type-simple"},"acf":[],"_links":{"self":[{"href":"https:\/\/cultivers.es\/de\/wp-json\/wp\/v2\/product\/19936","targetHints":{"allow":["GET"]}}],"collection":[{"href":"https:\/\/cultivers.es\/de\/wp-json\/wp\/v2\/product"}],"about":[{"href":"https:\/\/cultivers.es\/de\/wp-json\/wp\/v2\/types\/product"}],"replies":[{"embeddable":true,"href":"https:\/\/cultivers.es\/de\/wp-json\/wp\/v2\/comments?post=19936"}],"wp:featuredmedia":[{"embeddable":true,"href":"https:\/\/cultivers.es\/de\/wp-json\/wp\/v2\/media\/15570"}],"wp:attachment":[{"href":"https:\/\/cultivers.es\/de\/wp-json\/wp\/v2\/media?parent=19936"}],"wp:term":[{"taxonomy":"product_brand","embeddable":true,"href":"https:\/\/cultivers.es\/de\/wp-json\/wp\/v2\/product_brand?post=19936"},{"taxonomy":"product_cat","embeddable":true,"href":"https:\/\/cultivers.es\/de\/wp-json\/wp\/v2\/product_cat?post=19936"},{"taxonomy":"product_tag","embeddable":true,"href":"https:\/\/cultivers.es\/de\/wp-json\/wp\/v2\/product_tag?post=19936"}],"curies":[{"name":"wp","href":"https:\/\/api.w.org\/{rel}","templated":true}]}}