{"id":19937,"date":"2022-10-07T07:08:06","date_gmt":"2022-10-07T07:08:06","guid":{"rendered":"https:\/\/cultivers.es\/abonos\/bio-gurkensamen-tanja\/"},"modified":"2026-02-17T18:40:14","modified_gmt":"2026-02-17T18:40:14","slug":"bio-pepino-tanja-samen","status":"publish","type":"product","link":"https:\/\/cultivers.es\/de\/d\u00fcngemittel\/bio-pepino-tanja-samen\/","title":{"rendered":"Gurke Tanja Saatgut"},"content":{"rendered":"","protected":false},"excerpt":{"rendered":"<p>Die <strong>Tanja Gurke<\/strong> ist eine Sorte, die f\u00fcr ihren milden Geschmack, ihre knackige Textur und ihre d\u00fcnne Schale sehr gesch\u00e4tzt wird. Sie produziert lange, tiefgr\u00fcne Fr\u00fcchte, die ideal f\u00fcr den Frischverzehr in Salaten, Sandwiches oder als gesunder Snack sind. Diese Sorte ist widerstandsf\u00e4hig, leicht anzubauen und passt sich gut an unterschiedliche klimatische Bedingungen an, so dass sie die ganze Saison \u00fcber reiche Ernten liefert.  <\/p>\n<ul>\n<li><strong>Lange und d\u00fcnne Fr\u00fcchte:<\/strong> Produziert l\u00e4ngliche, d\u00fcnnh\u00e4utige, tiefgr\u00fcne Gurken, die sich perfekt f\u00fcr den Frischverzehr eignen.<\/li>\n<li><strong>Milder und erfrischender Geschmack:<\/strong> Sein leichter Geschmack mit einer leicht s\u00fc\u00dflichen Note macht ihn zu einer vielseitigen Zutat in der K\u00fcche.<\/li>\n<li><strong>Knackige Textur:<\/strong> Das feste und saftige Fruchtfleisch bietet ein angenehmes Erlebnis am Gaumen.<\/li>\n<li><strong>Hohe Produktivit\u00e4t:<\/strong> Diese Sorte garantiert gro\u00dfz\u00fcgige Ernten und liefert w\u00e4hrend der gesamten Fruchtperiode Qualit\u00e4tsgurken.<\/li>\n<li><strong>Reich an N\u00e4hrstoffen:<\/strong> Als Quelle von Vitaminen, Mineralien und Antioxidantien ist die Gurke eine gesunde Erg\u00e4nzung zu einer ausgewogenen Ern\u00e4hrung.<\/li>\n<li><strong>Einfach anzubauen:<\/strong> Widerstandsf\u00e4hig und anpassungsf\u00e4hig an verschiedene Bodenarten und Klimazonen, ideal f\u00fcr Anf\u00e4nger und erfahrene G\u00e4rtner.<\/li>\n<li><strong>Biologischer Anbau:<\/strong> Unser Saatgut ist <strong>100% biologisch<\/strong>, frei von Pestiziden und chemischen D\u00fcngemitteln und f\u00f6rdert einen nachhaltigen und umweltfreundlichen Garten.<\/li>\n<\/ul>\n<p>Genie\u00dfen Sie die Frische und Qualit\u00e4t der <strong>Bio-Gurke Tanja<\/strong> direkt aus Ihrem Garten. Eine perfekte Wahl f\u00fcr alle, die Wert auf authentischen Geschmack und nachhaltige Produktion auf ihrem Tisch legen. <\/p>\n","protected":false},"featured_media":16630,"comment_status":"open","ping_status":"closed","template":"","meta":{"_acf_changed":false},"product_brand":[],"product_cat":[438,419],"product_tag":[1580],"woo-feed-brand":[],"class_list":{"0":"post-19937","1":"product","2":"type-product","3":"status-publish","4":"has-post-thumbnail","6":"product_cat-bio-obst-und-gemusesaatgut","7":"product_cat-bio-saatgut","8":"product_tag-oko","10":"first","11":"outofstock","12":"taxable","13":"shipping-taxable","14":"purchasable","15":"product-type-simple"},"acf":[],"_links":{"self":[{"href":"https:\/\/cultivers.es\/de\/wp-json\/wp\/v2\/product\/19937","targetHints":{"allow":["GET"]}}],"collection":[{"href":"https:\/\/cultivers.es\/de\/wp-json\/wp\/v2\/product"}],"about":[{"href":"https:\/\/cultivers.es\/de\/wp-json\/wp\/v2\/types\/product"}],"replies":[{"embeddable":true,"href":"https:\/\/cultivers.es\/de\/wp-json\/wp\/v2\/comments?post=19937"}],"wp:featuredmedia":[{"embeddable":true,"href":"https:\/\/cultivers.es\/de\/wp-json\/wp\/v2\/media\/16630"}],"wp:attachment":[{"href":"https:\/\/cultivers.es\/de\/wp-json\/wp\/v2\/media?parent=19937"}],"wp:term":[{"taxonomy":"product_brand","embeddable":true,"href":"https:\/\/cultivers.es\/de\/wp-json\/wp\/v2\/product_brand?post=19937"},{"taxonomy":"product_cat","embeddable":true,"href":"https:\/\/cultivers.es\/de\/wp-json\/wp\/v2\/product_cat?post=19937"},{"taxonomy":"product_tag","embeddable":true,"href":"https:\/\/cultivers.es\/de\/wp-json\/wp\/v2\/product_tag?post=19937"},{"taxonomy":"woo-feed-brand","embeddable":true,"href":"https:\/\/cultivers.es\/de\/wp-json\/wp\/v2\/woo-feed-brand?post=19937"}],"curies":[{"name":"wp","href":"https:\/\/api.w.org\/{rel}","templated":true}]}}