{"id":19938,"date":"2022-10-07T07:08:06","date_gmt":"2022-10-07T07:08:06","guid":{"rendered":"https:\/\/cultivers.es\/abonos\/bio-padron-pfeffer-samen\/"},"modified":"2025-09-22T05:33:37","modified_gmt":"2025-09-22T05:33:37","slug":"saatgut-pfeffer-padron-okologisch","status":"publish","type":"product","link":"https:\/\/cultivers.es\/de\/d\u00fcngemittel\/saatgut-pfeffer-padron-okologisch\/","title":{"rendered":"Padr\u00f3n Paprika-Samen"},"content":{"rendered":"","protected":false},"excerpt":{"rendered":"<p>Der <strong>Padr\u00f3n-Paprika<\/strong> ist eine traditionelle galicische Sorte, die f\u00fcr ihre kleinen gr\u00fcnen Fr\u00fcchte bekannt ist, von denen einige scharf und andere mild sind. Ihr Geschmack und ihre Textur machen diese Paprika zu einer idealen Wahl, um gebraten mit einem Hauch von Salz gegessen zu werden und eine einzigartige und k\u00f6stliche Vorspeise oder Beilage zu bieten. Dar\u00fcber hinaus sind sie aufgrund ihres <strong>einfachen Anbaus<\/strong> und ihrer <strong>hohen Produktivit\u00e4t<\/strong> eine ausgezeichnete Wahl f\u00fcr jeden Bio-Garten.  <\/p>\n<p><strong>Klein und vielseitig:<\/strong> Die Paprikaschoten sind klein, perfekt zum schnellen Braten und Genie\u00dfen als Tapa oder Beilage.<\/p>\n<p><strong>Geschmack und \u00dcberraschung:<\/strong> Mit ihrer unberechenbaren Mischung aus milden und scharfen Paprikaschoten sorgen diese Paprika f\u00fcr Spannung und Abwechslung am Gaumen.<\/p>\n<p><strong>Schnelle Produktion:<\/strong> Bietet kontinuierliche Ernten w\u00e4hrend der gesamten Saison und sorgt so f\u00fcr eine konstante Versorgung mit frischem Paprika.<\/p>\n<p><strong>Reich an N\u00e4hrstoffen:<\/strong> Quelle f\u00fcr die Vitamine A und C sowie Antioxidantien, die zu einer ausgewogenen Ern\u00e4hrung beitragen.<\/p>\n<p><strong>Einfacher Anbau:<\/strong> Diese robuste und anpassungsf\u00e4hige Sorte gedeiht gut auf verschiedenen B\u00f6den und in verschiedenen Klimazonen und ist daher f\u00fcr Anf\u00e4nger und erfahrene G\u00e4rtner geeignet.<\/p>\n<p><strong>Biologischer Anbau:<\/strong> Unser Saatgut ist <strong>100% biologisch<\/strong>, frei von Pestiziden und chemischen Produkten und f\u00f6rdert einen nachhaltigen und umweltfreundlichen Garten.<\/p>\n<p>Genie\u00dfen Sie den authentischen Geschmack und die Spannung der <strong>Bio-Paprika Padr\u00f3n<\/strong> in Ihrer eigenen K\u00fcche. Legen Sie diese klassische Sorte in Ihren Garten und entdecken Sie, warum sie in der spanischen K\u00fcche so beliebt ist - bestellen Sie noch heute und beginnen Sie mit der Ernte!  <\/p>\n","protected":false},"featured_media":15525,"comment_status":"open","ping_status":"closed","template":"","meta":{"_acf_changed":false},"product_brand":[],"product_cat":[438,419],"product_tag":[1580],"class_list":{"0":"post-19938","1":"product","2":"type-product","3":"status-publish","4":"has-post-thumbnail","6":"product_cat-bio-obst-und-gemusesaatgut","7":"product_cat-bio-saatgut","8":"product_tag-oko","10":"first","11":"instock","12":"sale","13":"taxable","14":"shipping-taxable","15":"purchasable","16":"product-type-simple"},"acf":[],"_links":{"self":[{"href":"https:\/\/cultivers.es\/de\/wp-json\/wp\/v2\/product\/19938","targetHints":{"allow":["GET"]}}],"collection":[{"href":"https:\/\/cultivers.es\/de\/wp-json\/wp\/v2\/product"}],"about":[{"href":"https:\/\/cultivers.es\/de\/wp-json\/wp\/v2\/types\/product"}],"replies":[{"embeddable":true,"href":"https:\/\/cultivers.es\/de\/wp-json\/wp\/v2\/comments?post=19938"}],"wp:featuredmedia":[{"embeddable":true,"href":"https:\/\/cultivers.es\/de\/wp-json\/wp\/v2\/media\/15525"}],"wp:attachment":[{"href":"https:\/\/cultivers.es\/de\/wp-json\/wp\/v2\/media?parent=19938"}],"wp:term":[{"taxonomy":"product_brand","embeddable":true,"href":"https:\/\/cultivers.es\/de\/wp-json\/wp\/v2\/product_brand?post=19938"},{"taxonomy":"product_cat","embeddable":true,"href":"https:\/\/cultivers.es\/de\/wp-json\/wp\/v2\/product_cat?post=19938"},{"taxonomy":"product_tag","embeddable":true,"href":"https:\/\/cultivers.es\/de\/wp-json\/wp\/v2\/product_tag?post=19938"}],"curies":[{"name":"wp","href":"https:\/\/api.w.org\/{rel}","templated":true}]}}