{"id":19979,"date":"2022-10-07T07:08:06","date_gmt":"2022-10-07T07:08:06","guid":{"rendered":"https:\/\/cultivers.es\/abonos\/di-nizza-bio-zucchini-samen\/"},"modified":"2025-09-22T05:34:00","modified_gmt":"2025-09-22T05:34:00","slug":"zucchini-di-nizza-okologische-zucchini-samen","status":"publish","type":"product","link":"https:\/\/cultivers.es\/de\/d\u00fcngemittel\/zucchini-di-nizza-okologische-zucchini-samen\/","title":{"rendered":"Di Nizza Zucchini-Samen"},"content":{"rendered":"","protected":false},"excerpt":{"rendered":"<p><strong>Die Zucchini Di Nizza<\/strong> ist eine traditionelle italienische Sorte, die f\u00fcr ihre runden Fr\u00fcchte von hellgr\u00fcner Farbe mit leichten helleren Streifen gesch\u00e4tzt wird. Ihr Geschmack ist <strong>weich und delikat<\/strong>, mit einem <strong>zarten und saftigen<\/strong> Fruchtfleisch, ideal f\u00fcr Salate, Braten, F\u00fcllungen oder Sautieren. Au\u00dferdem ist ihr Anbauzyklus <strong>schnell<\/strong> und <strong>produktiv<\/strong> und garantiert eine reiche Ernte w\u00e4hrend der Saison.  <\/p>\n<p><strong>Attraktive runde Fr\u00fcchte:<\/strong> Produziert runde, mittelgro\u00dfe Zucchini mit einem auff\u00e4lligen Aussehen, perfekt f\u00fcr originelle Pr\u00e4sentationen in der K\u00fcche.<\/p>\n<p><strong>Mildes und zartes Aroma:<\/strong> Sein leichter Geschmack und seine zarte Textur machen ihn vielseitig einsetzbar und passen zu einer Vielzahl von Rezepten.<\/p>\n<p><strong>Schnelles Wachstum und hohe Produktivit\u00e4t:<\/strong> Liefert gro\u00dfz\u00fcgige Ernten in kurzer Zeit und sorgt f\u00fcr eine kontinuierliche und zufriedenstellende Produktion.<\/p>\n<p><strong>Reich an N\u00e4hrstoffen:<\/strong> Zucchini liefert Vitamine, Mineralien und Ballaststoffe, was sie zu einer gesunden und ausgewogenen Option f\u00fcr Ihre Ern\u00e4hrung macht.<\/p>\n<p><strong>Einfacher Anbau:<\/strong> Sie ist robust und anpassungsf\u00e4hig an verschiedene Klimazonen und B\u00f6den und eignet sich daher sowohl f\u00fcr Anf\u00e4nger als auch f\u00fcr erfahrene G\u00e4rtner.<\/p>\n<p><strong>Biologischer Anbau:<\/strong> Unser Saatgut ist <strong>100% biologisch<\/strong>, frei von Pestiziden und chemischen Produkten und f\u00f6rdert einen nachhaltigen und umweltfreundlichen Garten.<\/p>\n<p>Genie\u00dfen Sie die Qualit\u00e4t, den Geschmack und die Vielseitigkeit von <strong>Di Nizza Bio-Zucchini<\/strong> direkt aus Ihrem Garten. Nehmen Sie diese Sorte in Ihren Garten auf und bereichern Sie Ihre Gerichte mit ihrer Frische und einzigartigen Pr\u00e4sentation. Bestellen Sie noch heute und beginnen Sie mit der Ernte!  <\/p>\n","protected":false},"featured_media":15400,"comment_status":"open","ping_status":"closed","template":"","meta":{"_acf_changed":false},"product_brand":[],"product_cat":[438,419],"product_tag":[1580],"woo-feed-brand":[],"class_list":{"0":"post-19979","1":"product","2":"type-product","3":"status-publish","4":"has-post-thumbnail","6":"product_cat-bio-obst-und-gemusesaatgut","7":"product_cat-bio-saatgut","8":"product_tag-oko","10":"first","11":"instock","12":"taxable","13":"shipping-taxable","14":"purchasable","15":"product-type-simple"},"acf":[],"_links":{"self":[{"href":"https:\/\/cultivers.es\/de\/wp-json\/wp\/v2\/product\/19979","targetHints":{"allow":["GET"]}}],"collection":[{"href":"https:\/\/cultivers.es\/de\/wp-json\/wp\/v2\/product"}],"about":[{"href":"https:\/\/cultivers.es\/de\/wp-json\/wp\/v2\/types\/product"}],"replies":[{"embeddable":true,"href":"https:\/\/cultivers.es\/de\/wp-json\/wp\/v2\/comments?post=19979"}],"wp:featuredmedia":[{"embeddable":true,"href":"https:\/\/cultivers.es\/de\/wp-json\/wp\/v2\/media\/15400"}],"wp:attachment":[{"href":"https:\/\/cultivers.es\/de\/wp-json\/wp\/v2\/media?parent=19979"}],"wp:term":[{"taxonomy":"product_brand","embeddable":true,"href":"https:\/\/cultivers.es\/de\/wp-json\/wp\/v2\/product_brand?post=19979"},{"taxonomy":"product_cat","embeddable":true,"href":"https:\/\/cultivers.es\/de\/wp-json\/wp\/v2\/product_cat?post=19979"},{"taxonomy":"product_tag","embeddable":true,"href":"https:\/\/cultivers.es\/de\/wp-json\/wp\/v2\/product_tag?post=19979"},{"taxonomy":"woo-feed-brand","embeddable":true,"href":"https:\/\/cultivers.es\/de\/wp-json\/wp\/v2\/woo-feed-brand?post=19979"}],"curies":[{"name":"wp","href":"https:\/\/api.w.org\/{rel}","templated":true}]}}