{"id":19980,"date":"2022-10-07T07:08:06","date_gmt":"2022-10-07T07:08:06","guid":{"rendered":"https:\/\/cultivers.es\/abonos\/bio-kuerbiskerne-red-kuri\/"},"modified":"2025-09-22T05:33:51","modified_gmt":"2025-09-22T05:33:51","slug":"kurbis-samen-rot-kuri-okologisch","status":"publish","type":"product","link":"https:\/\/cultivers.es\/de\/d\u00fcngemittel\/kurbis-samen-rot-kuri-okologisch\/","title":{"rendered":"Rote Kuri Biodynamische Rote Kuri K\u00fcrbiskerne Demeter"},"content":{"rendered":"","protected":false},"excerpt":{"rendered":"<p><strong>Red Kuri K\u00fcrbis<\/strong>, auch bekannt als Hokkaido, ist eine Sorte, die f\u00fcr ihre intensive orange Farbe, ihren s\u00fc\u00dfen Geschmack und ihre cremige Textur sehr gesch\u00e4tzt wird. Ideal f\u00fcr Suppen, P\u00fcrees, Eint\u00f6pfe und Geb\u00e4ck, zeichnet sich dieser K\u00fcrbis durch seine kulinarische Vielseitigkeit und seinen N\u00e4hrwert aus. Er ist Demeter-zertifiziert und wird nach den Prinzipien der biodynamischen Landwirtschaft angebaut, was eine nachhaltige Methode im Einklang mit der Natur garantiert.  <\/p>\n<p><strong>Attraktive mittelgro\u00dfe Fr\u00fcchte:<\/strong> Produziert mittelgro\u00dfe, leicht ovale K\u00fcrbisse mit tieforanger Schale, die eine warme und appetitliche Note in die K\u00fcche bringen.<\/p>\n<p><strong>S\u00fc\u00dfer und milder Geschmack:<\/strong> Das Fruchtfleisch ist zart, cremig und hat eine nat\u00fcrliche S\u00fc\u00dfe, die es perfekt f\u00fcr herzhafte und s\u00fc\u00dfe Gerichte macht, von Suppen und Cremes bis hin zu Kuchen und Muffins.<\/p>\n<p><strong>Schnelles Wachstum und gute Lagerf\u00e4higkeit:<\/strong> Diese Sorte bietet zufriedenstellende Ernten in einem relativ kurzen Zeitraum. Die einmal geernteten Fr\u00fcchte sind gut haltbar, so dass sie \u00fcber einen l\u00e4ngeren Zeitraum genossen werden k\u00f6nnen. <\/p>\n<p><strong>Reich an N\u00e4hrstoffen:<\/strong> Er liefert die Vitamine A, C und Antioxidantien sowie Mineralien und Ballaststoffe, was ihn zu einem n\u00fctzlichen Lebensmittel f\u00fcr eine ausgewogene und gesunde Ern\u00e4hrung macht.<\/p>\n<p><strong>Einfacher Anbau:<\/strong> Sie ist robust und anpassungsf\u00e4hig an verschiedene Bodentypen und Klimazonen und eignet sich sowohl f\u00fcr Anf\u00e4nger als auch f\u00fcr erfahrene Z\u00fcchter.<\/p>\n<p><strong>Demeter-Bio-Anbau:<\/strong> Das von Demeter zertifizierte Saatgut garantiert einen Anbau, der die nat\u00fcrlichen Kreisl\u00e4ufe des Bodens respektiert, ohne Pestizide oder chemische D\u00fcngemittel, und der die Artenvielfalt und die Gesundheit des \u00d6kosystems f\u00f6rdert.<\/p>\n<p>Genie\u00dfen Sie die Farbe, den N\u00e4hrwert und die Vielseitigkeit des <strong>Demeter Bio Red Kuri K\u00fcrbis<\/strong> direkt aus Ihrem Garten und bereichern Sie Ihre Rezepte mit seinem au\u00dfergew\u00f6hnlichen Geschmack und seiner Qualit\u00e4t.<\/p>\n","protected":false},"featured_media":15415,"comment_status":"open","ping_status":"closed","template":"","meta":{"_acf_changed":false},"product_brand":[],"product_cat":[419,1304],"product_tag":[1384],"class_list":{"0":"post-19980","1":"product","2":"type-product","3":"status-publish","4":"has-post-thumbnail","6":"product_cat-bio-saatgut","7":"product_cat-demeter-samen","8":"product_tag-demeter-de","10":"first","11":"instock","12":"sale","13":"taxable","14":"shipping-taxable","15":"purchasable","16":"product-type-simple"},"acf":[],"_links":{"self":[{"href":"https:\/\/cultivers.es\/de\/wp-json\/wp\/v2\/product\/19980","targetHints":{"allow":["GET"]}}],"collection":[{"href":"https:\/\/cultivers.es\/de\/wp-json\/wp\/v2\/product"}],"about":[{"href":"https:\/\/cultivers.es\/de\/wp-json\/wp\/v2\/types\/product"}],"replies":[{"embeddable":true,"href":"https:\/\/cultivers.es\/de\/wp-json\/wp\/v2\/comments?post=19980"}],"wp:featuredmedia":[{"embeddable":true,"href":"https:\/\/cultivers.es\/de\/wp-json\/wp\/v2\/media\/15415"}],"wp:attachment":[{"href":"https:\/\/cultivers.es\/de\/wp-json\/wp\/v2\/media?parent=19980"}],"wp:term":[{"taxonomy":"product_brand","embeddable":true,"href":"https:\/\/cultivers.es\/de\/wp-json\/wp\/v2\/product_brand?post=19980"},{"taxonomy":"product_cat","embeddable":true,"href":"https:\/\/cultivers.es\/de\/wp-json\/wp\/v2\/product_cat?post=19980"},{"taxonomy":"product_tag","embeddable":true,"href":"https:\/\/cultivers.es\/de\/wp-json\/wp\/v2\/product_tag?post=19980"}],"curies":[{"name":"wp","href":"https:\/\/api.w.org\/{rel}","templated":true}]}}